{"id":725,"date":"2025-10-22T19:03:21","date_gmt":"2025-10-22T16:03:21","guid":{"rendered":"https:\/\/pipraveski.ee\/?post_type=product&#038;p=725"},"modified":"2026-04-17T11:31:49","modified_gmt":"2026-04-17T08:31:49","slug":"paprikapulber-heera-100g","status":"publish","type":"product","link":"https:\/\/pipraveski.ee\/en\/product\/paprikapulber-heera-100g\/","title":{"rendered":"Paprikapulber, Heera, 100g"},"content":{"rendered":"<p class=\"gt-block\" style=\"margin-bottom: 1.3em;margin-top: 0px;font-family: Roboto, sans-serif;font-size: 16px\"><span style=\"font-size: 13px\">Koostisosad: Paprika.<\/span><\/p>\n<p><strong>Teave allergeenide kohta<\/strong>: V\u00f5ib sisaldada maap\u00e4hklite, p\u00e4hklite, seesami, soja, nisu (gluteeni), piima ja sinepi j\u00e4\u00e4ke.<\/p>\n<p>&nbsp;P\u00e4rast avamist soovitame panna toode \u00f5hukindlasse anumasse. Hoida jahedas ja kuivas kohas.<\/p>\n<p>Nutrition information per 100g:<br \/>\nEnergiasisaldus 1209 kJ \/ 289 kcal<br \/>\nFats 13g<br \/>\nmillest k\u00fcllastunud rasvhapped 2,1g<br \/>\nS\u00fcsivesikud 55,7 g<br \/>\nmillest suhkrud 10 g<br \/>\nValgud 14,8 g<br \/>\nSool 0,08 g<\/p>\n<p>P\u00e4ritoluriik: Mitme riigi toode. Pakitud Suurbritannias.<br \/>\n&nbsp;<\/p>","protected":false},"excerpt":{"rendered":"<p>Heera paprikapulber on ideaalne t\u00e4iendus teie toidule! See kvaliteetne toode annab rikkaliku maal\u00e4hedase maitse, mis lisab igale roale t\u00e4pselt paraja koguse mahedat v\u00fcrtsi<\/p>","protected":false},"featured_media":755,"template":"","meta":[],"product_brand":[],"product_cat":[338],"product_tag":[],"class_list":{"0":"post-725","1":"product","2":"type-product","3":"status-publish","4":"has-post-thumbnail","6":"product_cat-puhtad-maitsed","8":"first","9":"instock","10":"taxable","11":"shipping-taxable","12":"purchasable","13":"product-type-simple"},"_links":{"self":[{"href":"https:\/\/pipraveski.ee\/en\/wp-json\/wp\/v2\/product\/725","targetHints":{"allow":["GET"]}}],"collection":[{"href":"https:\/\/pipraveski.ee\/en\/wp-json\/wp\/v2\/product"}],"about":[{"href":"https:\/\/pipraveski.ee\/en\/wp-json\/wp\/v2\/types\/product"}],"wp:featuredmedia":[{"embeddable":true,"href":"https:\/\/pipraveski.ee\/en\/wp-json\/wp\/v2\/media\/755"}],"wp:attachment":[{"href":"https:\/\/pipraveski.ee\/en\/wp-json\/wp\/v2\/media?parent=725"}],"wp:term":[{"taxonomy":"product_brand","embeddable":true,"href":"https:\/\/pipraveski.ee\/en\/wp-json\/wp\/v2\/product_brand?post=725"},{"taxonomy":"product_cat","embeddable":true,"href":"https:\/\/pipraveski.ee\/en\/wp-json\/wp\/v2\/product_cat?post=725"},{"taxonomy":"product_tag","embeddable":true,"href":"https:\/\/pipraveski.ee\/en\/wp-json\/wp\/v2\/product_tag?post=725"}],"curies":[{"name":"wp","href":"https:\/\/api.w.org\/{rel}","templated":true}]}}