{"id":723,"date":"2025-10-22T19:03:21","date_gmt":"2025-10-22T16:03:21","guid":{"rendered":"https:\/\/pipraveski.ee\/?post_type=product&#038;p=723"},"modified":"2026-04-17T11:31:39","modified_gmt":"2026-04-17T08:31:39","slug":"mehhiko-chipotle-ja-tsitruse-rub-50g","status":"publish","type":"product","link":"https:\/\/pipraveski.ee\/en\/product\/mehhiko-chipotle-ja-tsitruse-rub-50g\/","title":{"rendered":"Mexican chipotle and citrus RUB, 50g"},"content":{"rendered":"<p>Seasoning for meat, poultry, fish.<\/p>\n<p>Consumption standard: 40g\/kg.<br \/>\nIngredients: spices (chipotle chilli, coriander, chilli, garlic, black pepper), cane sugar, sea salt (22,4%), citrus peels (lemon, orange), acidity regulators: citric &amp; malic acid, flavourings.<\/p>","protected":false},"excerpt":{"rendered":"<p>V\u00fcrtsisegu lihale, linnulihale, kalale. Kulunorm: 40g \/ kg. Koostisosad: v\u00fcrtsid (chipotle t\u0161illi, koriander, t\u0161illi, k\u00fc\u00fcslauk, must pipar), roosuhkur, meresool (22,4%), tsitrusekoored (sidrun, apelsin), happesuse regulaatorid: sidrunhape &amp; \u00f5unhape, l\u00f5hna- ja maitseained<\/p>","protected":false},"featured_media":753,"template":"","meta":[],"product_brand":[],"product_cat":[307],"product_tag":[],"class_list":{"0":"post-723","1":"product","2":"type-product","3":"status-publish","4":"has-post-thumbnail","6":"product_cat-maitseainesegud","8":"first","9":"instock","10":"taxable","11":"shipping-taxable","12":"purchasable","13":"product-type-simple"},"_links":{"self":[{"href":"https:\/\/pipraveski.ee\/en\/wp-json\/wp\/v2\/product\/723","targetHints":{"allow":["GET"]}}],"collection":[{"href":"https:\/\/pipraveski.ee\/en\/wp-json\/wp\/v2\/product"}],"about":[{"href":"https:\/\/pipraveski.ee\/en\/wp-json\/wp\/v2\/types\/product"}],"wp:featuredmedia":[{"embeddable":true,"href":"https:\/\/pipraveski.ee\/en\/wp-json\/wp\/v2\/media\/753"}],"wp:attachment":[{"href":"https:\/\/pipraveski.ee\/en\/wp-json\/wp\/v2\/media?parent=723"}],"wp:term":[{"taxonomy":"product_brand","embeddable":true,"href":"https:\/\/pipraveski.ee\/en\/wp-json\/wp\/v2\/product_brand?post=723"},{"taxonomy":"product_cat","embeddable":true,"href":"https:\/\/pipraveski.ee\/en\/wp-json\/wp\/v2\/product_cat?post=723"},{"taxonomy":"product_tag","embeddable":true,"href":"https:\/\/pipraveski.ee\/en\/wp-json\/wp\/v2\/product_tag?post=723"}],"curies":[{"name":"wp","href":"https:\/\/api.w.org\/{rel}","templated":true}]}}