{"id":722,"date":"2025-10-22T19:03:21","date_gmt":"2025-10-22T16:03:21","guid":{"rendered":"https:\/\/pipraveski.ee\/?post_type=product&#038;p=722"},"modified":"2026-04-17T11:32:16","modified_gmt":"2026-04-17T08:32:16","slug":"maapahkli-maitseline-kaste-lkk-226g","status":"publish","type":"product","link":"https:\/\/pipraveski.ee\/en\/product\/maapahkli-maitseline-kaste-lkk-226g\/","title":{"rendered":"Peanut-spicy sauce, LKK, 226g"},"content":{"rendered":"<p>Traditsiooniline Indoneesia satay roog (v\u00f5i sate) t\u00e4hendab &#8220;varrastega grillitud liha&#8221; ja seda s\u00fc\u00fcakse k\u00f5ikjal Kagu-Aasias ja Euroopas. Traditsiooniliselt serveeritakse neid lihavardaid maap\u00e4hklikastmega. Lee Kum Kee maap\u00e4hklimaitseline kaste on magusa ja v\u00fcrtsika maitsega ning maitsestatud kookospiima puudutusega. See on maitsev liha- ja mereandide marinaadis, kuid seda kasutatakse peamiselt grill-liha ja mereandide dipikastmena.<\/p>\n<p>Koostis: SOJA\u00f5li, MAAP\u00c4HKEL 22%, suhkur, \u0161alottsibul, kookospulber (sisaldab PIIMA), MAAP\u00c4HKLIpasta 4%, sool, kuivatatud KREVETID, SEESAMIseemnepasta, v\u00fcrtsid, t\u0161illipipra pulber, fermenteeritud KREVETIpasta (krevetid, sool), k\u00fc\u00fcslaugupulber.<\/p>\n<p>Nutrition information per 100 g<br \/>\nEnergiasisaldus 909 kJ\/ 218<span style=\"font-size: 13px\">&nbsp;kcal<\/span><br \/>\nRasvad 12 g<br \/>\nmillest k\u00fcllastunud rasvhappeid 1,9g<br \/>\nS\u00fcsivesikud 20 g<br \/>\nmillest suhkrud 19 g<br \/>\nValgud 5,1 g<br \/>\nSalt 3,3 g<\/p>\n<p>Country of origin China<\/p>","protected":false},"excerpt":{"rendered":"<p>Traditsiooniline Indoneesia satay roog (v\u00f5i sate) t\u00e4hendab &#8220;varrastega grillitud liha&#8221; ja seda s\u00fc\u00fcakse k\u00f5ikjal Kagu-Aasias ja Euroopas. Traditsiooniliselt serveeritakse neid lihavardaid maap\u00e4hklikastmega. Kaste on magusa ja v\u00fcrtsika maitsega ning maitsestatud kookospiima puudutusega. Lee Kum Kee maap\u00e4hklimaitseline kaste on maitsev liha- ja mereandide marinaadis, kuid seda kasutatakse peamiselt grill-liha ja mereandide dipikastmena.<\/p>","protected":false},"featured_media":752,"template":"","meta":[],"product_brand":[242],"product_cat":[317],"product_tag":[],"class_list":{"0":"post-722","1":"product","2":"type-product","3":"status-publish","4":"has-post-thumbnail","6":"product_brand-lee-kum-kee","7":"product_cat-kastmed-sinepid-tsatnid","9":"first","10":"outofstock","11":"taxable","12":"shipping-taxable","13":"purchasable","14":"product-type-simple"},"_links":{"self":[{"href":"https:\/\/pipraveski.ee\/en\/wp-json\/wp\/v2\/product\/722","targetHints":{"allow":["GET"]}}],"collection":[{"href":"https:\/\/pipraveski.ee\/en\/wp-json\/wp\/v2\/product"}],"about":[{"href":"https:\/\/pipraveski.ee\/en\/wp-json\/wp\/v2\/types\/product"}],"wp:featuredmedia":[{"embeddable":true,"href":"https:\/\/pipraveski.ee\/en\/wp-json\/wp\/v2\/media\/752"}],"wp:attachment":[{"href":"https:\/\/pipraveski.ee\/en\/wp-json\/wp\/v2\/media?parent=722"}],"wp:term":[{"taxonomy":"product_brand","embeddable":true,"href":"https:\/\/pipraveski.ee\/en\/wp-json\/wp\/v2\/product_brand?post=722"},{"taxonomy":"product_cat","embeddable":true,"href":"https:\/\/pipraveski.ee\/en\/wp-json\/wp\/v2\/product_cat?post=722"},{"taxonomy":"product_tag","embeddable":true,"href":"https:\/\/pipraveski.ee\/en\/wp-json\/wp\/v2\/product_tag?post=722"}],"curies":[{"name":"wp","href":"https:\/\/api.w.org\/{rel}","templated":true}]}}