{"id":691,"date":"2025-10-22T19:03:07","date_gmt":"2025-10-22T16:03:07","guid":{"rendered":"https:\/\/pipraveski.ee\/?post_type=product&#038;p=691"},"modified":"2026-04-17T11:32:44","modified_gmt":"2026-04-17T08:32:44","slug":"paprika-suitsutatud-jahvatatud-600g","status":"publish","type":"product","link":"https:\/\/pipraveski.ee\/en\/product\/paprika-suitsutatud-jahvatatud-600g\/","title":{"rendered":"Paprika, suitsutatud, jahvatatud, 400g"},"content":{"rendered":"<p style=\"margin: 0px 0px 1.41575em;letter-spacing: 0.2px;line-height: 1.5;height: fit-content;color: var(--main-text-color);, sans-serif\">Magusa-suitsuse maitsega kvaliteetne ja populaarne Ungari paprikapulber.<br \/>\nTraditsiooniliselt kasutati suitsutatud paprikat chorizo vorsti ning paella maitsestamiseks.<\/p>\n<p style=\"margin: 1em 0px 1.41575em;letter-spacing: 0.2px;line-height: 1.5;height: fit-content;color: var(--main-text-color);, sans-serif\">Suitsupaprika sobib h\u00e4sti gulja\u0161i, linnuliha, k\u00f6\u00f6givilja ja kalatoitude v\u00f5i marinaadide, dipikastmete jmt maitsestamiseks.&nbsp;<\/p>","protected":false},"excerpt":{"rendered":"<p>Magusa-suitsuse maitsega kvaliteetne ja populaarne Ungari paprikapulber. Traditsiooniliselt kasutati suitsutatud paprikat chorizo vorsti ning paella maitsestamiseks. Suitsupaprika sobib h\u00e4sti gulja\u0161i, linnuliha, k\u00f6\u00f6givilja ja kalatoitude v\u00f5i marinaadide, dipikastmete jmt maitsestamiseks.&nbsp;<\/p>","protected":false},"featured_media":720,"template":"","meta":[],"product_brand":[],"product_cat":[338],"product_tag":[],"class_list":{"0":"post-691","1":"product","2":"type-product","3":"status-publish","4":"has-post-thumbnail","6":"product_cat-puhtad-maitsed","8":"first","9":"instock","10":"taxable","11":"shipping-taxable","12":"purchasable","13":"product-type-simple"},"_links":{"self":[{"href":"https:\/\/pipraveski.ee\/en\/wp-json\/wp\/v2\/product\/691","targetHints":{"allow":["GET"]}}],"collection":[{"href":"https:\/\/pipraveski.ee\/en\/wp-json\/wp\/v2\/product"}],"about":[{"href":"https:\/\/pipraveski.ee\/en\/wp-json\/wp\/v2\/types\/product"}],"wp:featuredmedia":[{"embeddable":true,"href":"https:\/\/pipraveski.ee\/en\/wp-json\/wp\/v2\/media\/720"}],"wp:attachment":[{"href":"https:\/\/pipraveski.ee\/en\/wp-json\/wp\/v2\/media?parent=691"}],"wp:term":[{"taxonomy":"product_brand","embeddable":true,"href":"https:\/\/pipraveski.ee\/en\/wp-json\/wp\/v2\/product_brand?post=691"},{"taxonomy":"product_cat","embeddable":true,"href":"https:\/\/pipraveski.ee\/en\/wp-json\/wp\/v2\/product_cat?post=691"},{"taxonomy":"product_tag","embeddable":true,"href":"https:\/\/pipraveski.ee\/en\/wp-json\/wp\/v2\/product_tag?post=691"}],"curies":[{"name":"wp","href":"https:\/\/api.w.org\/{rel}","templated":true}]}}