{"id":690,"date":"2025-10-22T19:03:07","date_gmt":"2025-10-22T16:03:07","guid":{"rendered":"https:\/\/pipraveski.ee\/?post_type=product&#038;p=690"},"modified":"2026-04-17T11:32:42","modified_gmt":"2026-04-17T08:32:42","slug":"puuviljatee-eksootiliste-viljade-ja-marjadega-50g","status":"publish","type":"product","link":"https:\/\/pipraveski.ee\/en\/product\/puuviljatee-eksootiliste-viljade-ja-marjadega-50g\/","title":{"rendered":"Fruit tea, with exotic fruits and berries, 50g"},"content":{"rendered":"<p>Ekstravagantne puuviljatee segu maitsestamata sortide austajatele: \u00f5unat\u00fckid ja eksootilised puuviljad esindavad magusat p\u00f5hja, tsitrusviljad ja puudutus hibiskist annavad pehmelt kirbe aroomi. T\u00f5eliselt mahlane elamus!<\/p>\n<p><span style=\"font-size: 13px\">Koostisained:&nbsp;\u00f5unat\u00fckid, ananassikuubikud (ananass, suhkur, hapendaja sidrunhape), papaiakuubikud (papaya, suhkur), mangokuubikud (mango, suhkur, hapendaja: sidrunhape), k\u00fclmkuivatatud mandariini-apelsini t\u00fckid, kibuvitsa koor, hibiski \u00f5ied , k\u00fclmkuivatatud terved vaarikad, k\u00fclmkuivatatud maasikaviilud, k\u00fclmkuivatatud j\u00f5hvikaviilud.<\/span><\/p>\n<p>Kasutusjuhend: 3-4 kuhjaga tl\/1l, 100 \u00b0C vee temperatuur, 5-10 minutit t\u00f5mbeaeg.<\/p>","protected":false},"excerpt":{"rendered":"<p>V\u00e4rviline ja tervislik. <\/p>","protected":false},"featured_media":719,"template":"","meta":[],"product_brand":[],"product_cat":[327],"product_tag":[],"class_list":{"0":"post-690","1":"product","2":"type-product","3":"status-publish","4":"has-post-thumbnail","6":"product_cat-kohv-tee","8":"first","9":"outofstock","10":"taxable","11":"shipping-taxable","12":"purchasable","13":"product-type-simple"},"_links":{"self":[{"href":"https:\/\/pipraveski.ee\/en\/wp-json\/wp\/v2\/product\/690","targetHints":{"allow":["GET"]}}],"collection":[{"href":"https:\/\/pipraveski.ee\/en\/wp-json\/wp\/v2\/product"}],"about":[{"href":"https:\/\/pipraveski.ee\/en\/wp-json\/wp\/v2\/types\/product"}],"wp:featuredmedia":[{"embeddable":true,"href":"https:\/\/pipraveski.ee\/en\/wp-json\/wp\/v2\/media\/719"}],"wp:attachment":[{"href":"https:\/\/pipraveski.ee\/en\/wp-json\/wp\/v2\/media?parent=690"}],"wp:term":[{"taxonomy":"product_brand","embeddable":true,"href":"https:\/\/pipraveski.ee\/en\/wp-json\/wp\/v2\/product_brand?post=690"},{"taxonomy":"product_cat","embeddable":true,"href":"https:\/\/pipraveski.ee\/en\/wp-json\/wp\/v2\/product_cat?post=690"},{"taxonomy":"product_tag","embeddable":true,"href":"https:\/\/pipraveski.ee\/en\/wp-json\/wp\/v2\/product_tag?post=690"}],"curies":[{"name":"wp","href":"https:\/\/api.w.org\/{rel}","templated":true}]}}