{"id":685,"date":"2025-10-22T19:03:07","date_gmt":"2025-10-22T16:03:07","guid":{"rendered":"https:\/\/pipraveski.ee\/?post_type=product&#038;p=685"},"modified":"2026-04-17T11:32:45","modified_gmt":"2026-04-17T08:32:45","slug":"jasmiiniriis-alesie-aromaatne-1kg","status":"publish","type":"product","link":"https:\/\/pipraveski.ee\/en\/product\/jasmiiniriis-alesie-aromaatne-1kg\/","title":{"rendered":"Jasmine rice, Alesie (aromatic), 1kg"},"content":{"rendered":"<p>Alesie fragrant rice is also known as Pandan rice. It is grown by farmers in Southeast Asia. Cooking time about 15 minutes.<\/p>\n<p>Nutrition information per 100g:<br \/>\nEnergy content 1592 kJ \/ 375 kcal<br \/>\nFats 1,8g<br \/>\nof which saturated fatty acids 0,6g<br \/>\nCarbohydrates 82 g<br \/>\nof which sugars 0,2 g<br \/>\nProtein 0 g<br \/>\nSalt 0,01 g<\/p>\n<p>Country of origin Asia<\/p>","protected":false},"excerpt":{"rendered":"<p>Alesie l\u00f5hnavat riisi tuntakse ka kui Pandani riisi. Kasvatatakse Kagu-Aasia p\u00f5llumeeste poolt. K\u00fcpsetusaeg ca.15 minutit. Toitumisalane teave 100g kohta: Energiasisaldus 1592 kJ \/ 375 kcal Rasvad 1,8g millest k\u00fcllastunud rasvhapped 0,6g S\u00fcsivesikud 82 g millest suhkrud 0,2 g Valgud 0 g Sool 0,01 g P\u00e4ritolumaa Aasia<\/p>","protected":false},"featured_media":714,"template":"","meta":[],"product_brand":[],"product_cat":[320],"product_tag":[],"class_list":{"0":"post-685","1":"product","2":"type-product","3":"status-publish","4":"has-post-thumbnail","6":"product_cat-riis-nuudlid","8":"first","9":"instock","10":"taxable","11":"shipping-taxable","12":"purchasable","13":"product-type-simple"},"_links":{"self":[{"href":"https:\/\/pipraveski.ee\/en\/wp-json\/wp\/v2\/product\/685","targetHints":{"allow":["GET"]}}],"collection":[{"href":"https:\/\/pipraveski.ee\/en\/wp-json\/wp\/v2\/product"}],"about":[{"href":"https:\/\/pipraveski.ee\/en\/wp-json\/wp\/v2\/types\/product"}],"wp:featuredmedia":[{"embeddable":true,"href":"https:\/\/pipraveski.ee\/en\/wp-json\/wp\/v2\/media\/714"}],"wp:attachment":[{"href":"https:\/\/pipraveski.ee\/en\/wp-json\/wp\/v2\/media?parent=685"}],"wp:term":[{"taxonomy":"product_brand","embeddable":true,"href":"https:\/\/pipraveski.ee\/en\/wp-json\/wp\/v2\/product_brand?post=685"},{"taxonomy":"product_cat","embeddable":true,"href":"https:\/\/pipraveski.ee\/en\/wp-json\/wp\/v2\/product_cat?post=685"},{"taxonomy":"product_tag","embeddable":true,"href":"https:\/\/pipraveski.ee\/en\/wp-json\/wp\/v2\/product_tag?post=685"}],"curies":[{"name":"wp","href":"https:\/\/api.w.org\/{rel}","templated":true}]}}