{"id":684,"date":"2025-10-22T19:03:07","date_gmt":"2025-10-22T16:03:07","guid":{"rendered":"https:\/\/pipraveski.ee\/?post_type=product&#038;p=684"},"modified":"2026-04-17T11:32:52","modified_gmt":"2026-04-17T08:32:52","slug":"pulgakomm-kirss-ja-habanero-1tk","status":"publish","type":"product","link":"https:\/\/pipraveski.ee\/en\/product\/pulgakomm-kirss-ja-habanero-1tk\/","title":{"rendered":"Sticks of gum, Cherry and Habanero 1pcs"},"content":{"rendered":"<p><span style=\", sans-serif;font-size: 15.6px\">Habanero Chili Cherry Lollipops n\u00e4eb v\u00e4lja t\u00e4pselt nagu laste kirsi pulgakommid, Kuid need pole enam m\u00f5eldud v\u00e4ikestele lastele!&nbsp;<\/span><br style=\", sans-serif;font-size: 15.6px\" \/><br \/>\n<br style=\", sans-serif;font-size: 15.6px\" \/><br \/>\n<strong style=\", sans-serif;font-size: 15.6px\">Hoiatus v\u00fcrtsikuse kohta&nbsp;<\/strong><br style=\", sans-serif;font-size: 15.6px\" \/><br \/>\n<span style=\", sans-serif;font-size: 15px\">Kuumad ja v\u00fcrtsikad maiustused ei tohiks sattuda v\u00e4ikeste laste k\u00e4tte. Hoida turvalises kohas.<\/span><br style=\", sans-serif;font-size: 15.6px\" \/><br \/>\n<br style=\", sans-serif;font-size: 15.6px\" \/><br \/>\n<strong style=\", sans-serif;font-size: 15.6px\">Ingredients:&nbsp;<\/strong><span style=\", sans-serif;font-size: 15.6px\">Suhkur, gl\u00fckoosisiirup, hapendaja: sidrunhape, t\u0161illi ekstrakt, l\u00f5hna- ja maitseaine, v\u00e4rvaine: punase peedi ekstrakt.<\/span><br style=\", sans-serif;font-size: 15.6px\" \/><br \/>\n<br style=\", sans-serif;font-size: 15.6px\" \/><br \/>\n<strong><span style=\", sans-serif;font-size: 15.6px\">Nutrition information per 100 g:<\/span><\/strong><br style=\", sans-serif;font-size: 15.6px\" \/><br \/>\n<span style=\", sans-serif;font-size: 15.6px\">Energiasisaldus 1556,7 kj\/ 374,3 kcal<\/span><br style=\", sans-serif;font-size: 15.6px\" \/><br \/>\n<span style=\", sans-serif;font-size: 15.6px\">Fats 0,0g<\/span><br style=\", sans-serif;font-size: 15.6px\" \/><br \/>\n<span style=\", sans-serif;font-size: 15.6px\">of which saturated fatty acids 0,0g<\/span><br style=\", sans-serif;font-size: 15.6px\" \/><br \/>\n<span style=\", sans-serif;font-size: 15.6px\">S\u00fcsivesikud 90,1g<\/span><br style=\", sans-serif;font-size: 15.6px\" \/><br \/>\n<span style=\", sans-serif;font-size: 15.6px\">millest suhkrud 89,7g<\/span><br style=\", sans-serif;font-size: 15.6px\" \/><br \/>\n<span style=\", sans-serif;font-size: 15.6px\">Valgud 0,1g<\/span><br style=\", sans-serif;font-size: 15.6px\" \/><br \/>\n<span style=\", sans-serif;font-size: 15.6px\">Salt 0,0g<\/span><\/p>","protected":false},"excerpt":{"rendered":"<p>Habanero Chili Cherry Lollipops n\u00e4eb v\u00e4lja t\u00e4pselt nagu laste kirsi pulgakommid, Kuid need pole enam m\u00f5eldud v\u00e4ikestele lastele!&nbsp; Hoiatus v\u00fcrtsikuse kohta&nbsp; Kuumad ja v\u00fcrtsikad maiustused ei tohiks sattuda v\u00e4ikeste laste k\u00e4tte. Hoida turvalises kohas. Koostisosad:&nbsp;Suhkur, gl\u00fckoosisiirup, hapendaja: sidrunhape, t\u0161illi ekstrakt, l\u00f5hna- ja maitseaine, v\u00e4rvaine: punase peedi ekstrakt. Toitumisalane teave 100 g kohta: Energiasisaldus 1556,7 kj\/ [&hellip;]<\/p>\n","protected":false},"featured_media":713,"template":"","meta":[],"product_brand":[238],"product_cat":[324],"product_tag":[],"class_list":{"0":"post-684","1":"product","2":"type-product","3":"status-publish","4":"has-post-thumbnail","6":"product_brand-chili-food","7":"product_cat-maiustused-snakid","9":"first","10":"instock","11":"taxable","12":"shipping-taxable","13":"purchasable","14":"product-type-simple"},"_links":{"self":[{"href":"https:\/\/pipraveski.ee\/en\/wp-json\/wp\/v2\/product\/684","targetHints":{"allow":["GET"]}}],"collection":[{"href":"https:\/\/pipraveski.ee\/en\/wp-json\/wp\/v2\/product"}],"about":[{"href":"https:\/\/pipraveski.ee\/en\/wp-json\/wp\/v2\/types\/product"}],"wp:featuredmedia":[{"embeddable":true,"href":"https:\/\/pipraveski.ee\/en\/wp-json\/wp\/v2\/media\/713"}],"wp:attachment":[{"href":"https:\/\/pipraveski.ee\/en\/wp-json\/wp\/v2\/media?parent=684"}],"wp:term":[{"taxonomy":"product_brand","embeddable":true,"href":"https:\/\/pipraveski.ee\/en\/wp-json\/wp\/v2\/product_brand?post=684"},{"taxonomy":"product_cat","embeddable":true,"href":"https:\/\/pipraveski.ee\/en\/wp-json\/wp\/v2\/product_cat?post=684"},{"taxonomy":"product_tag","embeddable":true,"href":"https:\/\/pipraveski.ee\/en\/wp-json\/wp\/v2\/product_tag?post=684"}],"curies":[{"name":"wp","href":"https:\/\/api.w.org\/{rel}","templated":true}]}}