{"id":682,"date":"2025-10-22T19:03:07","date_gmt":"2025-10-22T16:03:07","guid":{"rendered":"https:\/\/pipraveski.ee\/?post_type=product&#038;p=682"},"modified":"2026-04-17T11:32:34","modified_gmt":"2026-04-17T08:32:34","slug":"hela-martha-ketsup-pepper-300ml","status":"publish","type":"product","link":"https:\/\/pipraveski.ee\/en\/product\/hela-martha-ketsup-pepper-300ml\/","title":{"rendered":"Martha's ketchup Pepper, HELA, 300ml"},"content":{"rendered":"<p>Koostisosad: Tomatipasta (joogivesi, tomatipasta, destilleeritud \u00e4\u00e4dikas), suhkur, v\u00fcrtsid (sisaldab SINEPit), pipar 3%, dekstroos, lauasool, paksendaja, (guarkummi), sidrunhape, maitsetugevdaja (naatriumglutamaat), karamellsuhkrusiirup, modifitseeritud t\u00e4rklis, \u00fcrdid.<\/p>\n<p>Gluteenivaba, laktoosivaba, vegan.<br \/>\nShake before use. Store in the refrigerator after opening.<\/p>\n<p><span style=\"font-size: 13px\">Nutrition information per 100g:<\/span><br style=\"font-size: 13px\" \/><br \/>\n<span style=\"font-size: 13px\">Energiasisaldus 590 kJ \/ 139 kcal<\/span><br style=\"font-size: 13px\" \/><br \/>\n<span style=\"font-size: 13px\">Fats 0,4g<\/span><br style=\"font-size: 13px\" \/><br \/>\n<span style=\"font-size: 13px\">of which saturated fatty acids 0,1g<\/span><br style=\"font-size: 13px\" \/><br \/>\n<span style=\"font-size: 13px\">S\u00fcsivesikud 31,9 g<\/span><br style=\"font-size: 13px\" \/><br \/>\n<span style=\"font-size: 13px\">millest suhkrud 29,4 g<\/span><br style=\"font-size: 13px\" \/><br \/>\n<span style=\"font-size: 13px\">Valgud 1,0 g<\/span><br style=\"font-size: 13px\" \/><br \/>\n<span style=\"font-size: 13px\">Sool 1,9 g<\/p>\n<p>Country of origin: Germany<\/span><br \/>\n&nbsp;<\/p>","protected":false},"excerpt":{"rendered":"<p>Purustatud piprat\u00fckkidega!<br \/>\nSee pipraga ketsup on Ideaalne grillif\u00e4nnidele, friikartulite austajatele v\u00f5i loomingulistele kokkadele ja grillijatele. See ket\u0161up muudab iga roa maitseelamuseks!<\/p>","protected":false},"featured_media":711,"template":"","meta":[],"product_brand":[],"product_cat":[317],"product_tag":[],"class_list":{"0":"post-682","1":"product","2":"type-product","3":"status-publish","4":"has-post-thumbnail","6":"product_cat-kastmed-sinepid-tsatnid","8":"first","9":"instock","10":"sale","11":"taxable","12":"shipping-taxable","13":"purchasable","14":"product-type-simple"},"_links":{"self":[{"href":"https:\/\/pipraveski.ee\/en\/wp-json\/wp\/v2\/product\/682","targetHints":{"allow":["GET"]}}],"collection":[{"href":"https:\/\/pipraveski.ee\/en\/wp-json\/wp\/v2\/product"}],"about":[{"href":"https:\/\/pipraveski.ee\/en\/wp-json\/wp\/v2\/types\/product"}],"wp:featuredmedia":[{"embeddable":true,"href":"https:\/\/pipraveski.ee\/en\/wp-json\/wp\/v2\/media\/711"}],"wp:attachment":[{"href":"https:\/\/pipraveski.ee\/en\/wp-json\/wp\/v2\/media?parent=682"}],"wp:term":[{"taxonomy":"product_brand","embeddable":true,"href":"https:\/\/pipraveski.ee\/en\/wp-json\/wp\/v2\/product_brand?post=682"},{"taxonomy":"product_cat","embeddable":true,"href":"https:\/\/pipraveski.ee\/en\/wp-json\/wp\/v2\/product_cat?post=682"},{"taxonomy":"product_tag","embeddable":true,"href":"https:\/\/pipraveski.ee\/en\/wp-json\/wp\/v2\/product_tag?post=682"}],"curies":[{"name":"wp","href":"https:\/\/api.w.org\/{rel}","templated":true}]}}