{"id":681,"date":"2025-10-22T19:03:07","date_gmt":"2025-10-22T16:03:07","guid":{"rendered":"https:\/\/pipraveski.ee\/?post_type=product&#038;p=681"},"modified":"2026-04-17T11:32:58","modified_gmt":"2026-04-17T08:32:58","slug":"till-kulmkuivatatud-8g","status":"publish","type":"product","link":"https:\/\/pipraveski.ee\/en\/product\/till-kulmkuivatatud-8g\/","title":{"rendered":"Dill, freeze-dried, HELA, 8g"},"content":{"rendered":"<p>Dried, salted and deep-frozen dill is added to the food 1-2 minutes before the end of cooking.<\/p>\n<p><span style=\", sans-serif;font-size: 16px;letter-spacing: 0.2px\"><span style=\"font-size:12px\">Uses: sauces, cooked fish, eel in wine sauce, crab meat, shrimps, crayfish, crayfish, salmon, beef, lamb, roast pork, salads, marinades, mayonnaise, yoghurt, cottage cheese, stewed tomatoes.<\/span><\/span><\/p>","protected":false},"excerpt":{"rendered":"<p>Kuivatatud, soolatud ja s\u00fcgavk\u00fclmutatud tilli lisatakse toidule 1-2 min enne keetmise l\u00f5ppu. Kasutamine: kastmed, keedetud kala, angerjas veinikastmes, krabiliha, krevetid, v\u00e4hk, j\u00f5ev\u00e4hk, l\u00f5he, veiseliha, lambaliha, praetud sealiha, salatid, marinaadid, majoneesid, jogurt, kodujuust, hautatud tomatid.<\/p>","protected":false},"featured_media":4051,"template":"","meta":[],"product_brand":[244],"product_cat":[305],"product_tag":[],"class_list":{"0":"post-681","1":"product","2":"type-product","3":"status-publish","4":"has-post-thumbnail","6":"product_brand-hela","7":"product_cat-urdid-kulmkuivatatud-urdid","9":"first","10":"instock","11":"taxable","12":"shipping-taxable","13":"purchasable","14":"product-type-simple"},"_links":{"self":[{"href":"https:\/\/pipraveski.ee\/en\/wp-json\/wp\/v2\/product\/681","targetHints":{"allow":["GET"]}}],"collection":[{"href":"https:\/\/pipraveski.ee\/en\/wp-json\/wp\/v2\/product"}],"about":[{"href":"https:\/\/pipraveski.ee\/en\/wp-json\/wp\/v2\/types\/product"}],"wp:featuredmedia":[{"embeddable":true,"href":"https:\/\/pipraveski.ee\/en\/wp-json\/wp\/v2\/media\/4051"}],"wp:attachment":[{"href":"https:\/\/pipraveski.ee\/en\/wp-json\/wp\/v2\/media?parent=681"}],"wp:term":[{"taxonomy":"product_brand","embeddable":true,"href":"https:\/\/pipraveski.ee\/en\/wp-json\/wp\/v2\/product_brand?post=681"},{"taxonomy":"product_cat","embeddable":true,"href":"https:\/\/pipraveski.ee\/en\/wp-json\/wp\/v2\/product_cat?post=681"},{"taxonomy":"product_tag","embeddable":true,"href":"https:\/\/pipraveski.ee\/en\/wp-json\/wp\/v2\/product_tag?post=681"}],"curies":[{"name":"wp","href":"https:\/\/api.w.org\/{rel}","templated":true}]}}