{"id":673,"date":"2025-10-22T19:03:06","date_gmt":"2025-10-22T16:03:06","guid":{"rendered":"https:\/\/pipraveski.ee\/?post_type=product&#038;p=673"},"modified":"2026-04-17T11:31:48","modified_gmt":"2026-04-17T08:31:48","slug":"karri-tseilon-100g","status":"publish","type":"product","link":"https:\/\/pipraveski.ee\/en\/product\/karri-tseilon-100g\/","title":{"rendered":"Karri, cheilon, HELA, 100g"},"content":{"rendered":"<p>Organic flavoured curry powder.<br \/>\nUse: rice, cooked or braised fish, poultry, veal and lamb.<br \/>\nConsumption norm 15-20g \/ 1kg.<\/p>\n<p>Ingredients: pine nuts, coriander, turmeric, fenugreek, cumin, ginger, chilli, spices.<br \/>\n<strong>Suuremat pakendit soovides ootame teie e-kirju aadressile myyk@pipraveski.ee<\/strong><\/p>","protected":false},"excerpt":{"rendered":"<p>Mahedamaitseline karripulber. Kasutamine: riis, keedetud v\u00f5i mooritud kala, linnu-, vasika- ja lambaliha. Kulunorm 15-20g \/ 1kg kohta. Koostisosad: SINEPIseemned, koriander, kurkum, lambal\u00e4\u00e4ts, k\u00f6\u00f6mned, ingver, t\u0161illi, v\u00fcrtsid. Suuremat pakendit soovides ootame teie e-kirju aadressile myyk@pipraveski.ee<\/p>","protected":false},"featured_media":702,"template":"","meta":[],"product_brand":[],"product_cat":[307],"product_tag":[],"class_list":{"0":"post-673","1":"product","2":"type-product","3":"status-publish","4":"has-post-thumbnail","6":"product_cat-maitseainesegud","8":"first","9":"instock","10":"taxable","11":"shipping-taxable","12":"purchasable","13":"product-type-simple"},"_links":{"self":[{"href":"https:\/\/pipraveski.ee\/en\/wp-json\/wp\/v2\/product\/673","targetHints":{"allow":["GET"]}}],"collection":[{"href":"https:\/\/pipraveski.ee\/en\/wp-json\/wp\/v2\/product"}],"about":[{"href":"https:\/\/pipraveski.ee\/en\/wp-json\/wp\/v2\/types\/product"}],"wp:featuredmedia":[{"embeddable":true,"href":"https:\/\/pipraveski.ee\/en\/wp-json\/wp\/v2\/media\/702"}],"wp:attachment":[{"href":"https:\/\/pipraveski.ee\/en\/wp-json\/wp\/v2\/media?parent=673"}],"wp:term":[{"taxonomy":"product_brand","embeddable":true,"href":"https:\/\/pipraveski.ee\/en\/wp-json\/wp\/v2\/product_brand?post=673"},{"taxonomy":"product_cat","embeddable":true,"href":"https:\/\/pipraveski.ee\/en\/wp-json\/wp\/v2\/product_cat?post=673"},{"taxonomy":"product_tag","embeddable":true,"href":"https:\/\/pipraveski.ee\/en\/wp-json\/wp\/v2\/product_tag?post=673"}],"curies":[{"name":"wp","href":"https:\/\/api.w.org\/{rel}","templated":true}]}}