{"id":670,"date":"2025-10-22T19:03:06","date_gmt":"2025-10-22T16:03:06","guid":{"rendered":"https:\/\/pipraveski.ee\/?post_type=product&#038;p=670"},"modified":"2026-04-17T11:32:41","modified_gmt":"2026-04-17T08:32:41","slug":"vurtskoomned-jahvatatud-heera-100g","status":"publish","type":"product","link":"https:\/\/pipraveski.ee\/en\/product\/vurtskoomned-jahvatatud-heera-100g\/","title":{"rendered":"V\u00fcrtsk\u00f6\u00f6mned, jahvatatud, Heera 100g"},"content":{"rendered":"<p>V\u00fcrtsk\u00f6\u00f6men on tugeva aroomiga \u00fcrt, mida on kasutatud toitude maitsestamiseks juba tuhandeid aastaid.V\u00e4ga levinud India, Mehhiko ja Araabia k\u00f6\u00f6gis.<\/p>\n<p>V\u00fcrtsk\u00f6\u00f6mneid kasutatakse suppide, juurviljade, juustu, muna, riisi, lihatoodete, hautiste, pasteedi, marinaadide, leiva ja palju muu maitsestamiseks. V\u00fcrtsk\u00f6\u00f6mned on ka \u00fcks p\u00f5hikomponent L\u00e4his-Ida v\u00fcrtsisegus ras-el hanout, samuti karripulbris, garam masalas, kohati ka t\u0161illipulbris. P\u00f5hja-Aafrikas on v\u00fcrtsk\u00f6\u00f6men levinud kuskussi maitsestamisel. Sobib ka tee valmistamiseks ( 250ml keeva vett, 1 tl v\u00fcrtsk\u00f6\u00f6mneid, lasta seista 10 minutit).<\/p>\n<p>V\u00fcrtsk\u00f6\u00f6mnete maitse ja l\u00f5hna toob eriti esile r\u00f6stimine. Mahedama maitse saamiseks v\u00f5ib seemneid \u00f5rnalt \u00f5lis kuumutada.<\/p>","protected":false},"excerpt":{"rendered":"<p>V\u00fcrtsk\u00f6\u00f6mneid kasutatakse suppide, juurviljade, juustu, muna, riisi, lihatoodete, hautiste, pasteedi, marinaadide, leiva ja palju muu maitsestamiseks.<\/p>","protected":false},"featured_media":699,"template":"","meta":[],"product_brand":[240],"product_cat":[338],"product_tag":[],"class_list":{"0":"post-670","1":"product","2":"type-product","3":"status-publish","4":"has-post-thumbnail","6":"product_brand-heera","7":"product_cat-puhtad-maitsed","9":"first","10":"instock","11":"taxable","12":"shipping-taxable","13":"purchasable","14":"product-type-simple"},"_links":{"self":[{"href":"https:\/\/pipraveski.ee\/en\/wp-json\/wp\/v2\/product\/670","targetHints":{"allow":["GET"]}}],"collection":[{"href":"https:\/\/pipraveski.ee\/en\/wp-json\/wp\/v2\/product"}],"about":[{"href":"https:\/\/pipraveski.ee\/en\/wp-json\/wp\/v2\/types\/product"}],"wp:featuredmedia":[{"embeddable":true,"href":"https:\/\/pipraveski.ee\/en\/wp-json\/wp\/v2\/media\/699"}],"wp:attachment":[{"href":"https:\/\/pipraveski.ee\/en\/wp-json\/wp\/v2\/media?parent=670"}],"wp:term":[{"taxonomy":"product_brand","embeddable":true,"href":"https:\/\/pipraveski.ee\/en\/wp-json\/wp\/v2\/product_brand?post=670"},{"taxonomy":"product_cat","embeddable":true,"href":"https:\/\/pipraveski.ee\/en\/wp-json\/wp\/v2\/product_cat?post=670"},{"taxonomy":"product_tag","embeddable":true,"href":"https:\/\/pipraveski.ee\/en\/wp-json\/wp\/v2\/product_tag?post=670"}],"curies":[{"name":"wp","href":"https:\/\/api.w.org\/{rel}","templated":true}]}}