{"id":669,"date":"2025-10-22T19:03:06","date_gmt":"2025-10-22T16:03:06","guid":{"rendered":"https:\/\/pipraveski.ee\/?post_type=product&#038;p=669"},"modified":"2026-04-17T11:31:49","modified_gmt":"2026-04-17T08:31:49","slug":"tofu-silken-firm-tetra-pak-307g","status":"publish","type":"product","link":"https:\/\/pipraveski.ee\/en\/product\/tofu-silken-firm-tetra-pak-307g\/","title":{"rendered":"Tofu Silken Firm Tetra Pak, 307g"},"content":{"rendered":"<p>Morinaga Mori-Nu siidist tofut m\u00fc\u00fcakse ainulaadses aseptilises pakendis, mis kaitseb v\u00e4rsket tofut valguse, \u00f5hu ja bakterite eest, tagades nii pika s\u00e4ilivusaja ilma k\u00fclmkapi ja s\u00e4ilitusaineteta. Tender Tofu on maitsev mitmesugustes suppides, nagu miso, munavaba omlett, salatid, valged kastmed, karrid ja muud soolased toidud. Tofu kreemjas pehme ja siidine tekstuur sobib suurep\u00e4raselt magustoitudele, n\u00e4iteks vegan juustukookidele. See ei sisalda geneetiliselt muundatud koostisosi, gluteeni, piimatooteid ega s\u00e4ilitusaineid.<\/p>\n<p>Koostisosad:&nbsp;Vesi, SOJAoad 18,9%, eraldatud SOJAvalk 2,0%, happesuse regulaator: E575, pinguldav aine: E509.<\/p>\n<p><span style=\"font-size: 13px\">Nutrition information per 100g:<\/span><br style=\"font-size: 13px\" \/><br \/>\n<span style=\"font-size: 13px\">Energiasisaldus 247 kJ \/ 59 kcal<\/span><br style=\"font-size: 13px\" \/><br \/>\n<span style=\"font-size: 13px\">Rasvad 2,5g<\/span><br style=\"font-size: 13px\" \/><br \/>\n<span style=\"font-size: 13px\">of which saturated fatty acids 0,5g<\/span><br style=\"font-size: 13px\" \/><br \/>\n<span style=\"font-size: 13px\">S\u00fcsivesikud 1,2 g<\/span><br style=\"font-size: 13px\" \/><br \/>\n<span style=\"font-size: 13px\">millest suhkrud 0,8 g<\/span><br style=\"font-size: 13px\" \/><br \/>\n<span style=\"font-size: 13px\">Valgud 7,4 g<\/span><br style=\"font-size: 13px\" \/><br \/>\n<span style=\"font-size: 13px\">Sool 0,07 g<\/p>\n<p>Country of origin: USA<\/span><\/p>","protected":false},"excerpt":{"rendered":"<p>Silken Tofu on madala rasvasisaldusega dieettoode, mis on rikas ka taimse valgu poolest, mis on kolesteroolivaba alternatiiv munadele ja piimatoodetele.<\/p>","protected":false},"featured_media":698,"template":"","meta":[],"product_brand":[],"product_cat":[323],"product_tag":[],"class_list":{"0":"post-669","1":"product","2":"type-product","3":"status-publish","4":"has-post-thumbnail","6":"product_cat-konservid","8":"first","9":"instock","10":"taxable","11":"shipping-taxable","12":"purchasable","13":"product-type-simple"},"_links":{"self":[{"href":"https:\/\/pipraveski.ee\/en\/wp-json\/wp\/v2\/product\/669","targetHints":{"allow":["GET"]}}],"collection":[{"href":"https:\/\/pipraveski.ee\/en\/wp-json\/wp\/v2\/product"}],"about":[{"href":"https:\/\/pipraveski.ee\/en\/wp-json\/wp\/v2\/types\/product"}],"wp:featuredmedia":[{"embeddable":true,"href":"https:\/\/pipraveski.ee\/en\/wp-json\/wp\/v2\/media\/698"}],"wp:attachment":[{"href":"https:\/\/pipraveski.ee\/en\/wp-json\/wp\/v2\/media?parent=669"}],"wp:term":[{"taxonomy":"product_brand","embeddable":true,"href":"https:\/\/pipraveski.ee\/en\/wp-json\/wp\/v2\/product_brand?post=669"},{"taxonomy":"product_cat","embeddable":true,"href":"https:\/\/pipraveski.ee\/en\/wp-json\/wp\/v2\/product_cat?post=669"},{"taxonomy":"product_tag","embeddable":true,"href":"https:\/\/pipraveski.ee\/en\/wp-json\/wp\/v2\/product_tag?post=669"}],"curies":[{"name":"wp","href":"https:\/\/api.w.org\/{rel}","templated":true}]}}