{"id":667,"date":"2025-10-22T19:03:06","date_gmt":"2025-10-22T16:03:06","guid":{"rendered":"https:\/\/pipraveski.ee\/?post_type=product&#038;p=667"},"modified":"2026-04-17T11:32:26","modified_gmt":"2026-04-17T08:32:26","slug":"carolina-reaper-tsillikaunad-40g","status":"publish","type":"product","link":"https:\/\/pipraveski.ee\/en\/product\/carolina-reaper-tsillikaunad-40g\/","title":{"rendered":"Carolina Reaper chillies, 40g"},"content":{"rendered":"<div><strong>EXTREMELY FUN!<\/strong><br \/>\nCarolina Reaper Chili, world record holder.<\/p>\n<p>The taste of Carolina Reaper is, in addition to its extreme sharpness, very aromatic and also fruity-sweet, with cherry and chocolate undertones and a citrus note.<br \/>\nIt goes particularly well with dark meats such as beef or game, but also with tomato dishes or pepper sauces.<br \/>\n<em>Please don't underestimate the sharpness, the inexperienced in sharpness should not try this.<\/em><\/p>\n<p><strong>Ingredients:<\/strong>&nbsp;terved kuivatatud Carolina Reaperi t\u0161illid.<\/p>\n<p><strong>Usage:&nbsp;<\/strong><br \/>\nLeota kuivatatud t\u0161illit 10 minutit kuumas vees, et t\u0161illit reh\u00fcdreerida, seej\u00e4rel t\u00fckelda v\u00f5i p\u00fcreesta ja lisa oma roale. Saate need lisada ka otse igasse retsepti, mille k\u00fcpsetamiseks kulub v\u00e4hemalt 10 minutit.<\/p>\n<p><strong>Storage:<\/strong> Store in a cool, dry, airtight and dark place.<\/p>\n<p><strong>Attention: <\/strong>dose with care! Prepare neutralising products (e.g. mascarpone toast, yoghurt, milk, ice cream, etc.) and follow normal precautions (keep children away, do not get them on hands, eyes or other sensitive parts of the body!).<\/div>\n<div>&nbsp;<\/div>\n<div>\n&nbsp;<\/div>","protected":false},"excerpt":{"rendered":"<p>Carolina Reaper Chili on tulisematest t\u0161illidest k\u00f5ige tulisem!!! <\/p>","protected":false},"featured_media":696,"template":"","meta":[],"product_brand":[],"product_cat":[338],"product_tag":[],"class_list":{"0":"post-667","1":"product","2":"type-product","3":"status-publish","4":"has-post-thumbnail","6":"product_cat-puhtad-maitsed","8":"first","9":"instock","10":"taxable","11":"shipping-taxable","12":"purchasable","13":"product-type-simple"},"_links":{"self":[{"href":"https:\/\/pipraveski.ee\/en\/wp-json\/wp\/v2\/product\/667","targetHints":{"allow":["GET"]}}],"collection":[{"href":"https:\/\/pipraveski.ee\/en\/wp-json\/wp\/v2\/product"}],"about":[{"href":"https:\/\/pipraveski.ee\/en\/wp-json\/wp\/v2\/types\/product"}],"wp:featuredmedia":[{"embeddable":true,"href":"https:\/\/pipraveski.ee\/en\/wp-json\/wp\/v2\/media\/696"}],"wp:attachment":[{"href":"https:\/\/pipraveski.ee\/en\/wp-json\/wp\/v2\/media?parent=667"}],"wp:term":[{"taxonomy":"product_brand","embeddable":true,"href":"https:\/\/pipraveski.ee\/en\/wp-json\/wp\/v2\/product_brand?post=667"},{"taxonomy":"product_cat","embeddable":true,"href":"https:\/\/pipraveski.ee\/en\/wp-json\/wp\/v2\/product_cat?post=667"},{"taxonomy":"product_tag","embeddable":true,"href":"https:\/\/pipraveski.ee\/en\/wp-json\/wp\/v2\/product_tag?post=667"}],"curies":[{"name":"wp","href":"https:\/\/api.w.org\/{rel}","templated":true}]}}