{"id":665,"date":"2025-10-22T19:03:06","date_gmt":"2025-10-22T16:03:06","guid":{"rendered":"https:\/\/pipraveski.ee\/?post_type=product&#038;p=665"},"modified":"2026-04-17T11:32:32","modified_gmt":"2026-04-17T08:32:32","slug":"kookoskreem-23-choakoh-250ml","status":"publish","type":"product","link":"https:\/\/pipraveski.ee\/en\/product\/kookoskreem-23-choakoh-250ml\/","title":{"rendered":"Coconut Cream, 23% Choakoh, 250ml"},"content":{"rendered":"<p>Kookoskreem on valmistatud kookosp\u00e4hkli viljalihast. Sellel on k\u00f5rge rasvasisaldus ning meeldiv kookose maitse ja aroom. See on lahutamatu koostisosa eksootilise k\u00f6\u00f6gi valmistamisel. Seda saab kasutada keedukoore asendamiseks, asendades seega loomse rasva tervislikuma taimerasvaga.<br \/>\n&nbsp;<\/p>\n<p style=\"margin-top: 0px;margin-bottom: 1rem;--overlay-color: #fff;--overlay-opacity-1: 0%;--overlay-opacity-2: 0%;, sans-serif;font-size: 15.36px\"><strong>Ingredients:<\/strong> kookoseekstrakt 80%, vesi, emulgaator E435<br \/>\nAllergeenid &#8211; p\u00e4hklid.<\/p>\n<p><strong>Toitumisalane teave&nbsp;100 g kohta;<\/strong><br \/>\nEnergiasisaldus 930 kJ\/&nbsp;<span style=\", sans-serif;font-size: 15.36px\">220 kcal<\/span>&nbsp;<br \/>\nRasvad &nbsp;23 g&nbsp;<br \/>\nmillest k\u00fcllastunud rasvhapped 19 g<br \/>\nS\u00fcsivesikud&nbsp;3 g<br \/>\nof which sugars 2 g<br \/>\nValgud 2 g<br \/>\nSool &nbsp;0,05 g<\/p>","protected":false},"excerpt":{"rendered":"<p>Kookoskreem on valmistatud kookosp\u00e4hkli viljalihast. Sellel on k\u00f5rge rasvasisaldus ning meeldiv kookose maitse ja aroom. See on lahutamatu koostisosa eksootilise k\u00f6\u00f6gi valmistamisel. Seda saab kasutada keedukoore asendamiseks, asendades seega loomse rasva tervislikuma taimerasvaga. &nbsp; Koostisosad: kookoseekstrakt 80%, vesi, emulgaator E435 Allergeenid &#8211; p\u00e4hklid. Toitumisalane teave&nbsp;100 g kohta; Energiasisaldus 930 kJ\/&nbsp;220 kcal&nbsp; Rasvad &nbsp;23 g&nbsp; millest [&hellip;]<\/p>\n","protected":false},"featured_media":694,"template":"","meta":[],"product_brand":[],"product_cat":[308],"product_tag":[],"class_list":{"0":"post-665","1":"product","2":"type-product","3":"status-publish","4":"has-post-thumbnail","6":"product_cat-maitseaine-pastad-kastmed","8":"first","9":"outofstock","10":"taxable","11":"shipping-taxable","12":"purchasable","13":"product-type-simple"},"_links":{"self":[{"href":"https:\/\/pipraveski.ee\/en\/wp-json\/wp\/v2\/product\/665","targetHints":{"allow":["GET"]}}],"collection":[{"href":"https:\/\/pipraveski.ee\/en\/wp-json\/wp\/v2\/product"}],"about":[{"href":"https:\/\/pipraveski.ee\/en\/wp-json\/wp\/v2\/types\/product"}],"wp:featuredmedia":[{"embeddable":true,"href":"https:\/\/pipraveski.ee\/en\/wp-json\/wp\/v2\/media\/694"}],"wp:attachment":[{"href":"https:\/\/pipraveski.ee\/en\/wp-json\/wp\/v2\/media?parent=665"}],"wp:term":[{"taxonomy":"product_brand","embeddable":true,"href":"https:\/\/pipraveski.ee\/en\/wp-json\/wp\/v2\/product_brand?post=665"},{"taxonomy":"product_cat","embeddable":true,"href":"https:\/\/pipraveski.ee\/en\/wp-json\/wp\/v2\/product_cat?post=665"},{"taxonomy":"product_tag","embeddable":true,"href":"https:\/\/pipraveski.ee\/en\/wp-json\/wp\/v2\/product_tag?post=665"}],"curies":[{"name":"wp","href":"https:\/\/api.w.org\/{rel}","templated":true}]}}