{"id":664,"date":"2025-10-22T19:03:06","date_gmt":"2025-10-22T16:03:06","guid":{"rendered":"https:\/\/pipraveski.ee\/?post_type=product&#038;p=664"},"modified":"2026-04-17T11:32:33","modified_gmt":"2026-04-17T08:32:33","slug":"must-tee-kookose-poldmarja-maitseline-30g","status":"publish","type":"product","link":"https:\/\/pipraveski.ee\/en\/product\/must-tee-kookose-poldmarja-maitseline-30g\/","title":{"rendered":"Black tea, coconut-cranberry flavoured, 30g"},"content":{"rendered":"<p><span style=\"font-size: 14px\">Mis v\u00e4limusse puutub, siis on selle seguga s\u00f5na otseses m\u00f5ttes laiutat<\/span><span style=\"font-size: 14px\">ud: musta teega on silmatorkavalt segatud rohkelt kookoshelbeid ja kookoslaaste, lillakaspunaseid malva\u00f5isi ja muidugi marju. Musta tee hoolikalt arvutatud osakaal annab seega koostisosadele palju m\u00e4nguruumi. Just need komponendid on saadud maitses kombineeritud: tugevad marjased noodid, kreemjad kookosenoodid ja noot magusust hellitavad Sinu maitsemeeli.<\/span><br style=\"font-size: 14px\" \/><br \/>\n<br style=\"font-size: 14px\" \/><br \/>\n<img decoding=\"async\" src=\"https:\/\/www.dethlefsen-balk.de\/images\/property\/Zeit.jpg\" style=\"font-size: 14px;max-width: 100%;height: auto;vertical-align: middle;border-style: none\" \/><span style=\"font-size: 14px\">&nbsp;3-5 min pull time&nbsp;<\/span><img decoding=\"async\" src=\"https:\/\/www.dethlefsen-balk.de\/images\/property\/temp.jpg\" style=\"font-size: 14px;max-width: 100%;height: auto;vertical-align: middle;border-style: none\" \/><span style=\"font-size: 14px\">&nbsp;100 \u00b0C water temperature<\/span><span style=\"font-size: 14px\">&nbsp;<\/span><img decoding=\"async\" src=\"https:\/\/www.dethlefsen-balk.de\/images\/property\/loef.jpg\" style=\"font-size: 14px;max-width: 100%;height: auto;vertical-align: middle;border-style: none\" \/><span style=\"font-size: 14px\">&nbsp;4-5 tl \/L<\/span><\/p>","protected":false},"excerpt":{"rendered":"<p>Mis v\u00e4limusse puutub, siis on selle seguga s\u00f5na otseses m\u00f5ttes laiutatud: musta teega on silmatorkavalt segatud rohkelt kookoshelbeid ja kookoslaaste, lillakaspunaseid malva\u00f5isi ja muidugi marju. Musta tee hoolikalt arvutatud osakaal annab seega koostisosadele palju m\u00e4nguruumi. Just need komponendid on saadud maitses kombineeritud: tugevad marjased noodid, kreemjad kookosenoodid ja noot magusust hellitavad Sinu maitsemeeli. &nbsp;3-5 min [&hellip;]<\/p>\n","protected":false},"featured_media":0,"template":"","meta":[],"product_brand":[],"product_cat":[327],"product_tag":[],"class_list":{"0":"post-664","1":"product","2":"type-product","3":"status-publish","5":"product_cat-kohv-tee","7":"first","8":"instock","9":"taxable","10":"shipping-taxable","11":"purchasable","12":"product-type-simple"},"_links":{"self":[{"href":"https:\/\/pipraveski.ee\/en\/wp-json\/wp\/v2\/product\/664","targetHints":{"allow":["GET"]}}],"collection":[{"href":"https:\/\/pipraveski.ee\/en\/wp-json\/wp\/v2\/product"}],"about":[{"href":"https:\/\/pipraveski.ee\/en\/wp-json\/wp\/v2\/types\/product"}],"wp:attachment":[{"href":"https:\/\/pipraveski.ee\/en\/wp-json\/wp\/v2\/media?parent=664"}],"wp:term":[{"taxonomy":"product_brand","embeddable":true,"href":"https:\/\/pipraveski.ee\/en\/wp-json\/wp\/v2\/product_brand?post=664"},{"taxonomy":"product_cat","embeddable":true,"href":"https:\/\/pipraveski.ee\/en\/wp-json\/wp\/v2\/product_cat?post=664"},{"taxonomy":"product_tag","embeddable":true,"href":"https:\/\/pipraveski.ee\/en\/wp-json\/wp\/v2\/product_tag?post=664"}],"curies":[{"name":"wp","href":"https:\/\/api.w.org\/{rel}","templated":true}]}}