{"id":631,"date":"2025-10-22T19:02:53","date_gmt":"2025-10-22T16:02:53","guid":{"rendered":"https:\/\/pipraveski.ee\/?post_type=product&#038;p=631"},"modified":"2026-04-17T11:32:50","modified_gmt":"2026-04-17T08:32:50","slug":"sriracha-tsillikaste-ekstra-terav-455ml","status":"publish","type":"product","link":"https:\/\/pipraveski.ee\/en\/product\/sriracha-tsillikaste-ekstra-terav-455ml\/","title":{"rendered":"Sriracha t\u0161illikaste, ekstra terav, 455ml"},"content":{"rendered":"<p>Sriracha t\u0161illikaste EKSTRA terav.<\/p>\n<p>Koostisosad: t\u0161illi 70%, suhkur, sool, vesi, happesuse regulaatorid: \u00e4\u00e4dikhape ja sidrunhape, maitsetugevdaja: E621, stabilisaator: ksantaankummi, s\u00e4ilitusaine kaaliumsorbaat.<br \/>\nPeale avamist s\u00e4ilitada k\u00fclmikus ja tarbida 8 n\u00e4dala jooksul.<\/p>\n<p>Nutrition information per 100ml:<br \/>\nEnergiasisaldus 704kJ\/168kcal<br \/>\nRasvad1,7g<br \/>\nof which saturated fatty acids 0,3g<br \/>\nS\u00fcsivesikud 34g<br \/>\nmillest suhkrud 27g<br \/>\nKiudaineid 4g<br \/>\nProtein 1,8g<br \/>\nSool 8,7g<\/p>","protected":false},"excerpt":{"rendered":"<p>Sriracha t\u0161illikaste EKSTRA terav<\/p>","protected":false},"featured_media":661,"template":"","meta":[],"product_brand":[],"product_cat":[317],"product_tag":[],"class_list":{"0":"post-631","1":"product","2":"type-product","3":"status-publish","4":"has-post-thumbnail","6":"product_cat-kastmed-sinepid-tsatnid","8":"first","9":"outofstock","10":"taxable","11":"shipping-taxable","12":"purchasable","13":"product-type-simple"},"_links":{"self":[{"href":"https:\/\/pipraveski.ee\/en\/wp-json\/wp\/v2\/product\/631","targetHints":{"allow":["GET"]}}],"collection":[{"href":"https:\/\/pipraveski.ee\/en\/wp-json\/wp\/v2\/product"}],"about":[{"href":"https:\/\/pipraveski.ee\/en\/wp-json\/wp\/v2\/types\/product"}],"wp:featuredmedia":[{"embeddable":true,"href":"https:\/\/pipraveski.ee\/en\/wp-json\/wp\/v2\/media\/661"}],"wp:attachment":[{"href":"https:\/\/pipraveski.ee\/en\/wp-json\/wp\/v2\/media?parent=631"}],"wp:term":[{"taxonomy":"product_brand","embeddable":true,"href":"https:\/\/pipraveski.ee\/en\/wp-json\/wp\/v2\/product_brand?post=631"},{"taxonomy":"product_cat","embeddable":true,"href":"https:\/\/pipraveski.ee\/en\/wp-json\/wp\/v2\/product_cat?post=631"},{"taxonomy":"product_tag","embeddable":true,"href":"https:\/\/pipraveski.ee\/en\/wp-json\/wp\/v2\/product_tag?post=631"}],"curies":[{"name":"wp","href":"https:\/\/api.w.org\/{rel}","templated":true}]}}