{"id":628,"date":"2025-10-22T19:02:53","date_gmt":"2025-10-22T16:02:53","guid":{"rendered":"https:\/\/pipraveski.ee\/?post_type=product&#038;p=628"},"modified":"2026-04-17T11:32:32","modified_gmt":"2026-04-17T08:32:32","slug":"karripasta-eriti-terav-pataks-283g","status":"publish","type":"product","link":"https:\/\/pipraveski.ee\/en\/product\/karripasta-eriti-terav-pataks-283g\/","title":{"rendered":"Curry paste, extra sharp, Pataks, 283g"},"content":{"rendered":"<p>Pataki eriti kuum karripasta on v\u00e4ga v\u00fcrtsikas pasta, mida kasutatakse India liha-ja k\u00f6\u00f6giviljaroogade valmistamiseks.<br \/>\nT\u0161illi ja teiste kuumade India v\u00fcrtside suure koguse t\u00f5ttu tuleks seda pastat kasutada m\u00f5\u00f5dukalt.<\/p>\n<p>Koostisosad:&nbsp;Vesi, jahvatatud v\u00fcrtsid (koriander, punane pipar, k\u00f6\u00f6mned, kurkum, t\u0161illi, lambal\u00e4\u00e4tsed, ingver), rapsi\u00f5li, sool, maisijahu, hapendaja (\u00e4\u00e4dikhape, sidrunhape), tamarind, SINEPipulber, k\u00fc\u00fcslaugupulber<br \/>\nAllergeenid: SINEP<\/p>\n<p><span style=\"font-size: 13px\">Nutrition information per 100g:&nbsp;<\/span><br style=\"font-size: 13px\" \/><br \/>\n<span style=\"font-size: 13px\">Energiasisaldus 1088kJ \/ 263kcal<\/span><br style=\"font-size: 13px\" \/><br \/>\n<span style=\"font-size: 13px\">Rasvad 22,5g<br \/>\nof which saturated fatty acids 1,6g<\/span><br style=\"font-size: 13px\" \/><br \/>\n<span style=\"font-size: 13px\">S\u00fcsivesikud 6,2g<\/span><br style=\"font-size: 13px\" \/><br \/>\n<span style=\"font-size: 13px\">of which sugars 0,8g<br \/>\nKiudained 10,7 g<\/span><br style=\"font-size: 13px\" \/><br \/>\n<span style=\"font-size: 13px\">Valgud 3,6 g<\/span><br style=\"font-size: 13px\" \/><br \/>\n<span style=\"font-size: 13px\">Sool 4,8g<\/p>\n<p>Country of origin: India<\/span><\/p>","protected":false},"excerpt":{"rendered":"<p>Pataki eriti kuum karripasta on v\u00e4ga v\u00fcrtsikas pasta, mida kasutatakse India liha-ja k\u00f6\u00f6giviljaroogade valmistamiseks. T\u0161illi ja teiste kuumade India v\u00fcrtside suure koguse t\u00f5ttu tuleks seda pastat kasutada m\u00f5\u00f5dukalt. Koostisosad:&nbsp;Vesi, jahvatatud v\u00fcrtsid (koriander, punane pipar, k\u00f6\u00f6mned, kurkum, t\u0161illi, lambal\u00e4\u00e4tsed, ingver), rapsi\u00f5li, sool, maisijahu, hapendaja (\u00e4\u00e4dikhape, sidrunhape), tamarind, SINEPipulber, k\u00fc\u00fcslaugupulber Allergeenid: SINEP Toitumisalane teave 100g kohta:&nbsp; Energiasisaldus [&hellip;]<\/p>\n","protected":false},"featured_media":658,"template":"","meta":[],"product_brand":[],"product_cat":[308],"product_tag":[],"class_list":{"0":"post-628","1":"product","2":"type-product","3":"status-publish","4":"has-post-thumbnail","6":"product_cat-maitseaine-pastad-kastmed","8":"first","9":"outofstock","10":"taxable","11":"shipping-taxable","12":"purchasable","13":"product-type-simple"},"_links":{"self":[{"href":"https:\/\/pipraveski.ee\/en\/wp-json\/wp\/v2\/product\/628","targetHints":{"allow":["GET"]}}],"collection":[{"href":"https:\/\/pipraveski.ee\/en\/wp-json\/wp\/v2\/product"}],"about":[{"href":"https:\/\/pipraveski.ee\/en\/wp-json\/wp\/v2\/types\/product"}],"wp:featuredmedia":[{"embeddable":true,"href":"https:\/\/pipraveski.ee\/en\/wp-json\/wp\/v2\/media\/658"}],"wp:attachment":[{"href":"https:\/\/pipraveski.ee\/en\/wp-json\/wp\/v2\/media?parent=628"}],"wp:term":[{"taxonomy":"product_brand","embeddable":true,"href":"https:\/\/pipraveski.ee\/en\/wp-json\/wp\/v2\/product_brand?post=628"},{"taxonomy":"product_cat","embeddable":true,"href":"https:\/\/pipraveski.ee\/en\/wp-json\/wp\/v2\/product_cat?post=628"},{"taxonomy":"product_tag","embeddable":true,"href":"https:\/\/pipraveski.ee\/en\/wp-json\/wp\/v2\/product_tag?post=628"}],"curies":[{"name":"wp","href":"https:\/\/api.w.org\/{rel}","templated":true}]}}