{"id":627,"date":"2025-10-22T19:02:53","date_gmt":"2025-10-22T16:02:53","guid":{"rendered":"https:\/\/pipraveski.ee\/?post_type=product&#038;p=627"},"modified":"2026-04-17T11:32:33","modified_gmt":"2026-04-17T08:32:33","slug":"caribbean-habanero-kaste-bio-40ml","status":"publish","type":"product","link":"https:\/\/pipraveski.ee\/en\/product\/caribbean-habanero-kaste-bio-40ml\/","title":{"rendered":"Caribbean Habanero sauce, organic 40ml"},"content":{"rendered":"<p>Kariibi punane Habanero kuum kaste koosneb 50% Kariibi mere punasest t\u0161illist, mis on kuulus oma mahlaka ja t\u00e4idlase kuumuse poolest, mille kuumus on kuni 350 000 Scoville&#8217;i. Vaatamata intensiivsele kuumusele on kaste \u00fcmara ja tasakaalustatud maitsega. Kuna kaste on v\u00e4ga kuum, piisab vaid m\u00f5nest tilgast suurep\u00e4raseks Habanero l\u00f6\u00f6giks vormiroogades, dipikastmetes, kastmetes v\u00f5i liharoogades. Kastmes on umbes 175 000 Scoville&#8217;i.<\/p>\n<p><strong>Ingredients:<\/strong> Kariibi punane habanero 50%, \u00f5unamahl, sidrunimahl, \u00e4\u00e4dikas, sool, guarkumm.<\/p>\n<p><strong>Nutrition information per 100g:<\/strong><br \/>\nEnergiasisaldus 174KJ\/42kcal<br \/>\nFats 0,1g<br \/>\nof which saturated fatty acids 0g<br \/>\nCarbohydrates 9g<br \/>\nmillest suhkrud 5,5g<br \/>\nProtein 1g<br \/>\nSalt 1,2g<\/p>","protected":false},"excerpt":{"rendered":"<p>Vaatamata intensiivsele kuumusele on kaste \u00fcmara ja tasakaalustatud maitsega. Kuna kaste on v\u00e4ga kuum, piisab vaid m\u00f5nest tilgast suurep\u00e4raseks Habanero l\u00f6\u00f6giks vormiroogades, dipikastmetes, kastmetes v\u00f5i liharoogades. Kastmes on umbes 175 000 Scoville&#8217;i.<\/p>","protected":false},"featured_media":657,"template":"","meta":[],"product_brand":[],"product_cat":[317],"product_tag":[],"class_list":{"0":"post-627","1":"product","2":"type-product","3":"status-publish","4":"has-post-thumbnail","6":"product_cat-kastmed-sinepid-tsatnid","8":"first","9":"outofstock","10":"taxable","11":"shipping-taxable","12":"purchasable","13":"product-type-simple"},"_links":{"self":[{"href":"https:\/\/pipraveski.ee\/en\/wp-json\/wp\/v2\/product\/627","targetHints":{"allow":["GET"]}}],"collection":[{"href":"https:\/\/pipraveski.ee\/en\/wp-json\/wp\/v2\/product"}],"about":[{"href":"https:\/\/pipraveski.ee\/en\/wp-json\/wp\/v2\/types\/product"}],"wp:featuredmedia":[{"embeddable":true,"href":"https:\/\/pipraveski.ee\/en\/wp-json\/wp\/v2\/media\/657"}],"wp:attachment":[{"href":"https:\/\/pipraveski.ee\/en\/wp-json\/wp\/v2\/media?parent=627"}],"wp:term":[{"taxonomy":"product_brand","embeddable":true,"href":"https:\/\/pipraveski.ee\/en\/wp-json\/wp\/v2\/product_brand?post=627"},{"taxonomy":"product_cat","embeddable":true,"href":"https:\/\/pipraveski.ee\/en\/wp-json\/wp\/v2\/product_cat?post=627"},{"taxonomy":"product_tag","embeddable":true,"href":"https:\/\/pipraveski.ee\/en\/wp-json\/wp\/v2\/product_tag?post=627"}],"curies":[{"name":"wp","href":"https:\/\/api.w.org\/{rel}","templated":true}]}}