{"id":622,"date":"2025-10-22T19:02:53","date_gmt":"2025-10-22T16:02:53","guid":{"rendered":"https:\/\/pipraveski.ee\/?post_type=product&#038;p=622"},"modified":"2026-04-17T11:33:15","modified_gmt":"2026-04-17T08:33:15","slug":"papad-vurtskoomnetega-swad-200g","status":"publish","type":"product","link":"https:\/\/pipraveski.ee\/en\/product\/papad-vurtskoomnetega-swad-200g\/","title":{"rendered":"Beans with spices, SWAD, 200g"},"content":{"rendered":"<p>Pappadumid on valmistatud urdajahust (teatud t\u00fc\u00fcpi oad) ja neid serveeritakse tavaliselt India roogade lisandina. See lame koorega leib sobib h\u00e4sti Chutney v\u00f5i karriroogade k\u00f5rvale. Sellele variandile on lisatud v\u00fcrtsk\u00f6\u00f6mneid (jeera), mis annab sellele v\u00fcrtsika maitse. Nende pappadumite valmistamine toimub mikrolaineahjus. Umbes 30 sekundi p\u00e4rast on nad valmis!<\/p>\n<p>Koostisained<br \/>\nUraadijahu (vigna mungo) 77%, vesi, sool, kergitusaine: naatriumvesinikkarbonaat, k\u00f6\u00f6mned 2%, maisi\u00f5li, asafoetida.<\/p>\n<p>Energia 1252 kJ<br \/>\nEnergiat 299 kcal<br \/>\nRasv 0,8 g<br \/>\nmillest k\u00fcllastunud 0,3 g<br \/>\nS\u00fcsivesikud 51,1 g<br \/>\nKiudained 5,1 g<br \/>\nValgud 19,4 g<br \/>\nSool 6,2 g<\/p>","protected":false},"excerpt":{"rendered":"<p>Pappadumid on valmistatud urdajahust (teatud t\u00fc\u00fcpi oad) ja neid serveeritakse tavaliselt India roogade lisandina. See lame koorega leib sobib h\u00e4sti Chutney v\u00f5i karriroogade k\u00f5rvale. Sellele variandile on lisatud v\u00fcrtsk\u00f6\u00f6mneid (jeera), mis annab sellele v\u00fcrtsika maitse. Nende pappadumite valmistamine toimub mikrolaineahjus. Umbes 30 sekundi p\u00e4rast on nad valmis!<\/p>\n<p>Koostisained<br \/>\nUraadijahu (vigna mungo) 77%, vesi, sool, kergitusaine: naatriumvesinikkarbonaat, k\u00f6\u00f6mned 2%, maisi\u00f5li, asafoetida.<\/p>\n<p>Energia 1252 kJ<br \/>\nEnergiat 299 kcal<br \/>\nRasv 0,8 g<br \/>\nmillest k\u00fcllastunud 0,3 g<br \/>\nS\u00fcsivesikud 51,1 g<br \/>\nKiudained 5,1 g<br \/>\nValgud 19,4 g<br \/>\nSool 6,2 g<\/p>","protected":false},"featured_media":4489,"template":"","meta":[],"product_brand":[249],"product_cat":[324],"product_tag":[],"class_list":{"0":"post-622","1":"product","2":"type-product","3":"status-publish","4":"has-post-thumbnail","6":"product_brand-swad","7":"product_cat-maiustused-snakid","9":"first","10":"outofstock","11":"taxable","12":"shipping-taxable","13":"purchasable","14":"product-type-simple"},"_links":{"self":[{"href":"https:\/\/pipraveski.ee\/en\/wp-json\/wp\/v2\/product\/622","targetHints":{"allow":["GET"]}}],"collection":[{"href":"https:\/\/pipraveski.ee\/en\/wp-json\/wp\/v2\/product"}],"about":[{"href":"https:\/\/pipraveski.ee\/en\/wp-json\/wp\/v2\/types\/product"}],"wp:featuredmedia":[{"embeddable":true,"href":"https:\/\/pipraveski.ee\/en\/wp-json\/wp\/v2\/media\/4489"}],"wp:attachment":[{"href":"https:\/\/pipraveski.ee\/en\/wp-json\/wp\/v2\/media?parent=622"}],"wp:term":[{"taxonomy":"product_brand","embeddable":true,"href":"https:\/\/pipraveski.ee\/en\/wp-json\/wp\/v2\/product_brand?post=622"},{"taxonomy":"product_cat","embeddable":true,"href":"https:\/\/pipraveski.ee\/en\/wp-json\/wp\/v2\/product_cat?post=622"},{"taxonomy":"product_tag","embeddable":true,"href":"https:\/\/pipraveski.ee\/en\/wp-json\/wp\/v2\/product_tag?post=622"}],"curies":[{"name":"wp","href":"https:\/\/api.w.org\/{rel}","templated":true}]}}