{"id":6187,"date":"2026-05-06T14:31:46","date_gmt":"2026-05-06T11:31:46","guid":{"rendered":"https:\/\/pipraveski.ee\/toode\/roosa-himaalaja-sool-heera-400g\/"},"modified":"2026-05-13T13:16:24","modified_gmt":"2026-05-13T10:16:24","slug":"roosa-himaalaja-sool-heera-400g","status":"publish","type":"product","link":"https:\/\/pipraveski.ee\/en\/product\/roosa-himaalaja-sool-heera-400g\/","title":{"rendered":"Roosa, himaalaja sool, Heera 400g"},"content":{"rendered":"<p><span style=\"font-family: verdana, geneva, sans-serif;font-size: 14px\">Maitse poolest erineb Himaalaja sool teistest soolaliikidest oluliselt. Selle aroom ja maitse t\u00e4iendavad suurel m\u00e4\u00e4ral toor- ja valmistoiduainete maitset. Seda t\u00e4iesti puhast, ilma lisaaineteta soola kaevandatakse Himaalaja m\u00e4gedes k\u00e4sitsi, kasutamata l\u00f5hkeaineid ning j\u00e4rgides esivanemate iidseid traditsioone.&nbsp;<\/span><\/p>","protected":false},"excerpt":{"rendered":"<p>Maitse poolest erineb Himaalaja sool teistest soolaliikidest oluliselt. Selle aroom ja maitse t\u00e4iendavad suurel m\u00e4\u00e4ral toor- ja valmistoiduainete maitset. Seda t\u00e4iesti puhast, ilma lisaaineteta soola kaevandatakse Himaalaja m\u00e4gedes k\u00e4sitsi, kasutamata l\u00f5hkeaineid ning j\u00e4rgides esivanemate iidseid traditsioone.&nbsp;<\/p>","protected":false},"featured_media":6188,"template":"","meta":[],"product_brand":[],"product_cat":[15],"product_tag":[],"class_list":{"0":"post-6187","1":"product","2":"type-product","3":"status-publish","4":"has-post-thumbnail","6":"product_cat-maaramata","8":"first","9":"instock","10":"taxable","11":"shipping-taxable","12":"purchasable","13":"product-type-simple"},"_links":{"self":[{"href":"https:\/\/pipraveski.ee\/en\/wp-json\/wp\/v2\/product\/6187","targetHints":{"allow":["GET"]}}],"collection":[{"href":"https:\/\/pipraveski.ee\/en\/wp-json\/wp\/v2\/product"}],"about":[{"href":"https:\/\/pipraveski.ee\/en\/wp-json\/wp\/v2\/types\/product"}],"wp:featuredmedia":[{"embeddable":true,"href":"https:\/\/pipraveski.ee\/en\/wp-json\/wp\/v2\/media\/6188"}],"wp:attachment":[{"href":"https:\/\/pipraveski.ee\/en\/wp-json\/wp\/v2\/media?parent=6187"}],"wp:term":[{"taxonomy":"product_brand","embeddable":true,"href":"https:\/\/pipraveski.ee\/en\/wp-json\/wp\/v2\/product_brand?post=6187"},{"taxonomy":"product_cat","embeddable":true,"href":"https:\/\/pipraveski.ee\/en\/wp-json\/wp\/v2\/product_cat?post=6187"},{"taxonomy":"product_tag","embeddable":true,"href":"https:\/\/pipraveski.ee\/en\/wp-json\/wp\/v2\/product_tag?post=6187"}],"curies":[{"name":"wp","href":"https:\/\/api.w.org\/{rel}","templated":true}]}}