{"id":613,"date":"2025-10-22T19:02:52","date_gmt":"2025-10-22T16:02:52","guid":{"rendered":"https:\/\/pipraveski.ee\/?post_type=product&#038;p=613"},"modified":"2026-04-17T11:32:57","modified_gmt":"2026-04-17T08:32:57","slug":"vurtsioli-cafe-de-paris-3kg-eritellimus","status":"publish","type":"product","link":"https:\/\/pipraveski.ee\/en\/product\/vurtsioli-cafe-de-paris-3kg-eritellimus\/","title":{"rendered":"Spicy oil \u201cCafe de Paris\u201d, HELA, 3kg \/ special order*"},"content":{"rendered":"<p><em>(Eritellimuse toote tarneaeg ca 1-2 kuud)<\/em><\/p>\n<p>Grill- ja praeliha, gulja\u0161\u0161ide ja raguude v\u00fcrtsitamiseks ja marineerimiseks.<\/p>\n<p>Enne kasutamist segada.<br \/>\nKasutamine: Enne praadimist v\u00f5i grillimist pintseldada liha Hela v\u00fcrtsi\u00f5liga. Liha v\u00f5ib \u00f5liga t\u00f6\u00f6delda ka varem ning lasta pikemalt maitsestuda. Mida kauem liha marineerub, seda v\u00fcrtsisem on tulemus.<\/p>\n<p>Parim tulemus: hoida marineeritud liha \u00fcle \u00f6\u00f6 k\u00fclmikus.<br \/>\nKulunorm: 80-100g 1 kg liha kohta.<\/p>\n<p>S\u00e4ilitamine: V\u00fcrtsi\u00f5li hoida otsese p\u00e4ikesevalguse eest. Peale avamist s\u00e4ilitada k\u00fclmikus.<\/p>\n<p><strong>Ingredients<\/strong>:&nbsp;<span style=\"font-family: Roboto, sans-serif;font-size: 18px\"><span style=\"font-size:14px\">Taime\u00f5li, k\u00fc\u00fcslauk, sibulad, puljongigranulaadid (maitseained (mais, raps), lauasool, p\u00e4evalille\u00f5li), meresool 3%, h\u00fcdrogeenitud taime\u00f5li, maitseained (sisaldab PIIMA), \u00fcrdid, p\u00e4rmiekstrakt, antioks\u00fcdant (alfa-tokoferool).<\/span><\/p>\n<p><span style=\"font-size:14px\">Nutrition information per 100g<br \/>\nEnergiasisaldus&nbsp; 2,964 kJ720 kcal<\/span><\/span><br style=\"font-family: Roboto, sans-serif;font-size: 18px\" \/><br \/>\n<span style=\"font-size:14px\"><span style=\"font-family: Roboto, sans-serif\">Rasvad 76,2 g<\/span><br style=\"font-family: Roboto, sans-serif;font-size: 18px\" \/><br \/>\n<span style=\"font-family: Roboto, sans-serif\">millest k\u00fcllastunud rasvad 8,2 g<\/span><br style=\"font-family: Roboto, sans-serif;font-size: 18px\" \/><br \/>\n<span style=\"font-family: Roboto, sans-serif\">S\u00fcsivesikud 4,9 g<\/span><br style=\"font-family: Roboto, sans-serif;font-size: 18px\" \/><br \/>\n<span style=\"font-family: Roboto, sans-serif\">millest Suhkruid 3,6 g<\/span><br style=\"font-family: Roboto, sans-serif;font-size: 18px\" \/><br \/>\n<span style=\"font-family: Roboto, sans-serif\">Valgud 2,5 g<\/span><br style=\"font-family: Roboto, sans-serif;font-size: 18px\" \/><br \/>\n<span style=\"font-family: Roboto, sans-serif\">Sool 8,5 g<\/span><\/span><br style=\"font-family: Roboto, sans-serif;font-size: 18px\" \/><br \/>\n<span style=\"font-family: Roboto, sans-serif;font-size: 18px\"><span style=\"font-size:14px\">Kiudaineid 2,2 g<\/span><\/span><\/p>","protected":false},"excerpt":{"rendered":"<p>Grill- ja praeliha, gulja\u0161\u0161ide ja raguude v\u00fcrtsitamiseks ja marineerimiseks.<\/p>","protected":false},"featured_media":643,"template":"","meta":[],"product_brand":[244],"product_cat":[310],"product_tag":[],"class_list":{"0":"post-613","1":"product","2":"type-product","3":"status-publish","4":"has-post-thumbnail","6":"product_brand-hela","7":"product_cat-marinaadid","9":"first","10":"outofstock","11":"taxable","12":"shipping-taxable","13":"purchasable","14":"product-type-simple"},"_links":{"self":[{"href":"https:\/\/pipraveski.ee\/en\/wp-json\/wp\/v2\/product\/613","targetHints":{"allow":["GET"]}}],"collection":[{"href":"https:\/\/pipraveski.ee\/en\/wp-json\/wp\/v2\/product"}],"about":[{"href":"https:\/\/pipraveski.ee\/en\/wp-json\/wp\/v2\/types\/product"}],"wp:featuredmedia":[{"embeddable":true,"href":"https:\/\/pipraveski.ee\/en\/wp-json\/wp\/v2\/media\/643"}],"wp:attachment":[{"href":"https:\/\/pipraveski.ee\/en\/wp-json\/wp\/v2\/media?parent=613"}],"wp:term":[{"taxonomy":"product_brand","embeddable":true,"href":"https:\/\/pipraveski.ee\/en\/wp-json\/wp\/v2\/product_brand?post=613"},{"taxonomy":"product_cat","embeddable":true,"href":"https:\/\/pipraveski.ee\/en\/wp-json\/wp\/v2\/product_cat?post=613"},{"taxonomy":"product_tag","embeddable":true,"href":"https:\/\/pipraveski.ee\/en\/wp-json\/wp\/v2\/product_tag?post=613"}],"curies":[{"name":"wp","href":"https:\/\/api.w.org\/{rel}","templated":true}]}}