{"id":6126,"date":"2026-04-24T11:58:36","date_gmt":"2026-04-24T08:58:36","guid":{"rendered":"https:\/\/pipraveski.ee\/toode\/veisepuljong\/"},"modified":"2026-04-25T03:00:47","modified_gmt":"2026-04-25T00:00:47","slug":"veisepuljong","status":"publish","type":"product","link":"https:\/\/pipraveski.ee\/en\/product\/veisepuljong\/","title":{"rendered":"Veisepuljong, 100g, HELA"},"content":{"rendered":"<p style=\"margin: 0px;font-style: normal;line-height: normal\">Sobib suppide ja kastmete p\u00f5hjana ning maitsestamiseks<br \/>\n&nbsp;<\/p>\n<p style=\"margin: 0px;font-style: normal;line-height: normal\">Kasutusm\u00e4\u00e4r: 22 g puljongipulbrit 1 liitri kuuma vee kohta.<\/p>\n<p style=\"margin: 0px;font-style: normal;line-height: normal;min-height: 15px\">&nbsp;<\/p>\n<p style=\"margin: 0px;font-style: normal;line-height: normal\">Valmistamine: Sega pulber kuuma vedeliku sisse, lase lahustuda ja vajadusel keeda l\u00fchidalt.<\/p>\n<p style=\"margin: 0px;font-style: normal;line-height: normal;min-height: 15px\">&nbsp;<\/p>\n<p style=\"margin: 0px;font-style: normal;line-height: normal\">Koostisosad: jodeeritud sool (sool, kaaliumjodaat), suhkur, maltodekstriin, l\u00f5hna- ja maitseained, veiserasv 7,2%, veiseekstrakt 1,9%, karamelliseeritud suhkur, sibulad, hape (sidrunhape), k\u00fc\u00fcslauk, v\u00fcrtsid.<\/p>\n<p style=\"margin: 0px;font-style: normal;line-height: normal\">Ilma lisatud p\u00e4rmiekstraktita.<\/p>\n<p style=\"margin: 0px;font-style: normal;line-height: normal;min-height: 15px\">&nbsp;<\/p>\n<p style=\"margin: 0px;font-style: normal;line-height: normal\">S\u00e4ilitamine: Hoida jahedas (&lt;25 \u00b0C) ja kuivas, mitte hoida otsese p\u00e4ikesevalguse k\u00e4es!<\/p>\n<p style=\"margin: 0px;font-style: normal;line-height: normal;min-height: 15px\">&nbsp;<\/p>\n<p style=\"margin: 0px;font-style: normal;line-height: normal\">Keskmised toitev\u00e4\u00e4rtused 100 g kohta:<\/p>\n<p style=\"margin: 0px;font-style: normal;line-height: normal;min-height: 15px\">&nbsp;<\/p>\n<p style=\"margin: 0px;font-style: normal;line-height: normal\">Energia: 922 kJ \/ 220 kcal<\/p>\n<p style=\"margin: 0px;font-style: normal;line-height: normal\">Rasv: 4,5 g<br \/>\nmillest k\u00fcllastunud rasvhapped: 3,0 g<br \/>\nS\u00fcsivesikud: 23 g<\/p>\n<p style=\"margin: 0px;font-style: normal;line-height: normal\">millest suhkrud: 3,3 g<\/p>\n<p style=\"margin: 0px;font-style: normal;line-height: normal\">Valk: 3,4 g<\/p>\n<p style=\"margin: 0px;font-style: normal;line-height: normal\">Sool: 34 g<\/p>","protected":false},"excerpt":{"rendered":"<p>Veisepuljong, pulber.<\/p>","protected":false},"featured_media":6127,"template":"","meta":[],"product_brand":[],"product_cat":[15],"product_tag":[],"class_list":{"0":"post-6126","1":"product","2":"type-product","3":"status-publish","4":"has-post-thumbnail","6":"product_cat-maaramata","8":"first","9":"instock","10":"taxable","11":"shipping-taxable","12":"purchasable","13":"product-type-simple"},"_links":{"self":[{"href":"https:\/\/pipraveski.ee\/en\/wp-json\/wp\/v2\/product\/6126","targetHints":{"allow":["GET"]}}],"collection":[{"href":"https:\/\/pipraveski.ee\/en\/wp-json\/wp\/v2\/product"}],"about":[{"href":"https:\/\/pipraveski.ee\/en\/wp-json\/wp\/v2\/types\/product"}],"wp:featuredmedia":[{"embeddable":true,"href":"https:\/\/pipraveski.ee\/en\/wp-json\/wp\/v2\/media\/6127"}],"wp:attachment":[{"href":"https:\/\/pipraveski.ee\/en\/wp-json\/wp\/v2\/media?parent=6126"}],"wp:term":[{"taxonomy":"product_brand","embeddable":true,"href":"https:\/\/pipraveski.ee\/en\/wp-json\/wp\/v2\/product_brand?post=6126"},{"taxonomy":"product_cat","embeddable":true,"href":"https:\/\/pipraveski.ee\/en\/wp-json\/wp\/v2\/product_cat?post=6126"},{"taxonomy":"product_tag","embeddable":true,"href":"https:\/\/pipraveski.ee\/en\/wp-json\/wp\/v2\/product_tag?post=6126"}],"curies":[{"name":"wp","href":"https:\/\/api.w.org\/{rel}","templated":true}]}}