{"id":6124,"date":"2026-04-24T11:43:36","date_gmt":"2026-04-24T08:43:36","guid":{"rendered":"https:\/\/pipraveski.ee\/toode\/koogiviljapuljong-100g-hela\/"},"modified":"2026-04-25T03:00:47","modified_gmt":"2026-04-25T00:00:47","slug":"koogiviljapuljong-100g-hela","status":"publish","type":"product","link":"https:\/\/pipraveski.ee\/en\/product\/koogiviljapuljong-100g-hela\/","title":{"rendered":"K\u00f6\u00f6giviljapuljong, 100g, HELA"},"content":{"rendered":"<p><span style=\"font-size:12px\"><span style=\"font-family:arial,helvetica,sans-serif\">Sobib suppide kastmete p\u00f5hjana ning maitsestamiseks.<br \/>\nKasutusm\u00e4\u00e4r: 22g puljongipulbrit 1L kuuma vee kohta.<br \/>\nValmistamine: Sega pulber kuuma vedeliku sisse, lase lahustuda ja vajadusel keeda l\u00fchidalt.<\/span><\/span><\/p>\n<p style=\"margin: 0px;font-style: normal;font-variant: normal;line-height: normal\"><span style=\"font-size:12px\"><span style=\"font-family:arial,helvetica,sans-serif\">Koostisosad: jodeeritud sool (sool, kaaliumjodaat), maltodekstriin, suhkur, l\u00f5hna- ja maitseained, p\u00e4evalille\u00f5li, pastinaagipulber 0,5%, porgandipulber 0,5%, hape (sidrunhape), kurkum.<\/span><\/span><\/p>\n<p style=\"margin: 0px;font-style: normal;font-variant: normal;line-height: normal\"><span style=\"font-size:12px\"><span style=\"font-family:arial,helvetica,sans-serif\">Ilma lisatud p\u00e4rmiekstraktita.<\/span><\/span><\/p>\n<p style=\"margin: 0px;font-style: normal;font-variant: normal;line-height: normal;min-height: 15px\">&nbsp;<\/p>\n<p style=\"margin: 0px;font-style: normal;font-variant: normal;line-height: normal\"><span style=\"font-size:12px\"><span style=\"font-family:arial,helvetica,sans-serif\">S\u00e4ilitamine: Hoida jahedas (&lt;25 \u00b0C) ja kuivas, mitte hoida otsese p\u00e4ikesevalguse k\u00e4es! Hoida anum tihedalt suletuna.<\/span><\/span><\/p>\n<p style=\"margin: 0px;font-style: normal;font-variant: normal;line-height: normal;min-height: 15px\">&nbsp;<\/p>\n<p style=\"margin: 0px;font-style: normal;font-variant: normal;line-height: normal\"><span style=\"font-size:12px\"><span style=\"font-family:arial,helvetica,sans-serif\">Keskmised toitev\u00e4\u00e4rtused 100 g kohta:<\/span><\/span><\/p>\n<p style=\"margin: 0px;font-style: normal;font-variant: normal;line-height: normal;min-height: 15px\">&nbsp;<\/p>\n<p style=\"margin: 0px;font-style: normal;font-variant: normal;line-height: normal\"><span style=\"font-size:12px\"><span style=\"font-family:arial,helvetica,sans-serif\">Energia: 823 kJ \/ 194 kcal<\/span><\/span><\/p>\n<p style=\"margin: 0px;font-style: normal;font-variant: normal;line-height: normal\"><span style=\"font-size:12px\"><span style=\"font-family:arial,helvetica,sans-serif\">Rasv: 1,4 g<\/span><\/span><\/p>\n<p style=\"margin: 0px;font-style: normal;font-variant: normal;line-height: normal\"><span style=\"font-size:12px\"><span style=\"font-family:arial,helvetica,sans-serif\">millest k\u00fcllastunud rasvhapped: 0,1 g<\/span><\/span><\/p>\n<p style=\"margin: 0px;font-style: normal;font-variant: normal;line-height: normal\"><span style=\"font-size:12px\"><span style=\"font-family:arial,helvetica,sans-serif\">S\u00fcsivesikud: 44 g<\/span><\/span><\/p>\n<p style=\"margin: 0px;font-style: normal;font-variant: normal;line-height: normal\"><span style=\"font-size:12px\"><span style=\"font-family:arial,helvetica,sans-serif\">of which sugars: 15 g<\/span><\/span><\/p>\n<p style=\"margin: 0px;font-style: normal;font-variant: normal;line-height: normal\"><span style=\"font-size:12px\"><span style=\"font-family:arial,helvetica,sans-serif\">Valk: 1,2 g<\/span><\/span><\/p>\n<p style=\"margin: 0px;font-style: normal;font-variant: normal;line-height: normal\"><span style=\"font-size:12px\"><span style=\"font-family:arial,helvetica,sans-serif\">Sool: 49,5 g<\/span><\/span><\/p>\n<p style=\"margin: 0px;font-style: normal;font-variant: normal;line-height: normal;min-height: 15px\">&nbsp;<\/p>\n<p style=\"margin: 0px;font-style: normal;font-variant: normal;line-height: normal\"><span style=\"font-size:12px\"><span style=\"font-family:arial,helvetica,sans-serif\">Vegan.<\/span><\/span><\/p>","protected":false},"excerpt":{"rendered":"<p>K\u00f6\u00f6giviljapuljong, pulber.<\/p>","protected":false},"featured_media":6125,"template":"","meta":[],"product_brand":[],"product_cat":[15],"product_tag":[],"class_list":{"0":"post-6124","1":"product","2":"type-product","3":"status-publish","4":"has-post-thumbnail","6":"product_cat-maaramata","8":"first","9":"instock","10":"taxable","11":"shipping-taxable","12":"purchasable","13":"product-type-simple"},"_links":{"self":[{"href":"https:\/\/pipraveski.ee\/en\/wp-json\/wp\/v2\/product\/6124","targetHints":{"allow":["GET"]}}],"collection":[{"href":"https:\/\/pipraveski.ee\/en\/wp-json\/wp\/v2\/product"}],"about":[{"href":"https:\/\/pipraveski.ee\/en\/wp-json\/wp\/v2\/types\/product"}],"wp:featuredmedia":[{"embeddable":true,"href":"https:\/\/pipraveski.ee\/en\/wp-json\/wp\/v2\/media\/6125"}],"wp:attachment":[{"href":"https:\/\/pipraveski.ee\/en\/wp-json\/wp\/v2\/media?parent=6124"}],"wp:term":[{"taxonomy":"product_brand","embeddable":true,"href":"https:\/\/pipraveski.ee\/en\/wp-json\/wp\/v2\/product_brand?post=6124"},{"taxonomy":"product_cat","embeddable":true,"href":"https:\/\/pipraveski.ee\/en\/wp-json\/wp\/v2\/product_cat?post=6124"},{"taxonomy":"product_tag","embeddable":true,"href":"https:\/\/pipraveski.ee\/en\/wp-json\/wp\/v2\/product_tag?post=6124"}],"curies":[{"name":"wp","href":"https:\/\/api.w.org\/{rel}","templated":true}]}}