{"id":612,"date":"2025-10-22T19:02:52","date_gmt":"2025-10-22T16:02:52","guid":{"rendered":"https:\/\/pipraveski.ee\/?post_type=product&#038;p=612"},"modified":"2026-04-17T11:31:48","modified_gmt":"2026-04-17T08:31:48","slug":"carolina-reaper-tsillipulber-50g","status":"publish","type":"product","link":"https:\/\/pipraveski.ee\/en\/product\/carolina-reaper-tsillipulber-50g\/","title":{"rendered":"Carolina reaper chilli powder, 50g"},"content":{"rendered":"<p>Carolina Reaperi t\u0161illi on kuumadest t\u0161illidest \u00fcks tulisemaid!!!<br \/>\nSee hoidis kuumima t\u0161illi maailmarekordit aastatel 2013\u20132023. Seda kasvatas Chili kasvataja Ed Currie PuckerButt Pepper Company&#8217;st L\u00f5una-Carolinas (USA). T\u0161iili Piprainstituudi testitud keskmine kuumus oli 1.569.300 2.2 Scoville&#8217;i \u00fchikut, samas kui \u00fcksikud isendid t\u00f5id selle uskumatu 2.2-ni. miljonit SHU. Nimi &#8220;Reaper&#8221; viitab &#8220;Grim Reaperile&#8221;, m\u00fc\u00fctilisele surmatoojale.<\/p>\n<p>Carolina Reaperi maitse on \u00e4\u00e4rmiselt kuum, v\u00e4ga maitsekas ja puuviljamagus, \u0161okolaadi-kirsi nootide ja tsitruseliste h\u00f5nguga. See sobib eriti h\u00e4sti tumeda lihaga, olgu see siis veiseliha v\u00f5i ulukiliha, ning sobib h\u00e4sti ka tomatiroogade v\u00f5i paprikakastmega. Palun \u00e4rge alahinnake kuumust! Inimesed, kes ei kasuta v\u00fcrtsikaid t\u0161illisid, peaks suhtuma Carolina Reaperisse erilise ettevaatlikkusega.<\/p>\n<p>Koostisosad: Kuivatatud ja jahvatatud Carolina Reaperi t\u0161illi.<\/p>","protected":false},"excerpt":{"rendered":"<p>Carolina Reaperi t\u0161illi on kuumadest t\u0161illidest \u00fcks tulisemaid!!! See hoidis kuumima t\u0161illi maailmarekordit aastatel 2013\u20132023. Seda kasvatas Chili kasvataja Ed Currie PuckerButt Pepper Company&#8217;st L\u00f5una-Carolinas (USA). T\u0161iili Piprainstituudi testitud keskmine kuumus oli 1.569.300 2.2 Scoville&#8217;i \u00fchikut, samas kui \u00fcksikud isendid t\u00f5id selle uskumatu 2.2-ni. miljonit SHU. Nimi &#8220;Reaper&#8221; viitab &#8220;Grim Reaperile&#8221;, m\u00fc\u00fctilisele surmatoojale. Carolina Reaperi [&hellip;]<\/p>\n","protected":false},"featured_media":642,"template":"","meta":[],"product_brand":[],"product_cat":[338],"product_tag":[],"class_list":{"0":"post-612","1":"product","2":"type-product","3":"status-publish","4":"has-post-thumbnail","6":"product_cat-puhtad-maitsed","8":"first","9":"instock","10":"taxable","11":"shipping-taxable","12":"purchasable","13":"product-type-simple"},"_links":{"self":[{"href":"https:\/\/pipraveski.ee\/en\/wp-json\/wp\/v2\/product\/612","targetHints":{"allow":["GET"]}}],"collection":[{"href":"https:\/\/pipraveski.ee\/en\/wp-json\/wp\/v2\/product"}],"about":[{"href":"https:\/\/pipraveski.ee\/en\/wp-json\/wp\/v2\/types\/product"}],"wp:featuredmedia":[{"embeddable":true,"href":"https:\/\/pipraveski.ee\/en\/wp-json\/wp\/v2\/media\/642"}],"wp:attachment":[{"href":"https:\/\/pipraveski.ee\/en\/wp-json\/wp\/v2\/media?parent=612"}],"wp:term":[{"taxonomy":"product_brand","embeddable":true,"href":"https:\/\/pipraveski.ee\/en\/wp-json\/wp\/v2\/product_brand?post=612"},{"taxonomy":"product_cat","embeddable":true,"href":"https:\/\/pipraveski.ee\/en\/wp-json\/wp\/v2\/product_cat?post=612"},{"taxonomy":"product_tag","embeddable":true,"href":"https:\/\/pipraveski.ee\/en\/wp-json\/wp\/v2\/product_tag?post=612"}],"curies":[{"name":"wp","href":"https:\/\/api.w.org\/{rel}","templated":true}]}}