{"id":611,"date":"2025-10-22T19:02:52","date_gmt":"2025-10-22T16:02:52","guid":{"rendered":"https:\/\/pipraveski.ee\/?post_type=product&#038;p=611"},"modified":"2026-04-17T11:31:55","modified_gmt":"2026-04-17T08:31:55","slug":"cubeba-pipar-edora-25g","status":"publish","type":"product","link":"https:\/\/pipraveski.ee\/en\/product\/cubeba-pipar-edora-25g\/","title":{"rendered":"Cubeba Pipar, Edora, 25g"},"content":{"rendered":"<p><span style=\", sans-serif;font-size: 15.6px\">Kuubipipra maitset kirjeldatakse paljudes kokaraamatutes ja v\u00fcrtsiraamatutes v\u00e4ga erinevalt: kuumast ja kibedast kuiva puitunud kuni v\u00fcrtsika-pipraseni.&nbsp;<br \/>\nMe kirjeldaksime kuubiku pipart kui teravat, karmi ja kergelt piprat, kuid see on \u00fcksikute maitsete kombinatsioon, mis muudab selle sordi nii huvitavaks. Erinevalt valekuubipiprast, Kesk-Aafrikast p\u00e4rit ashanti piprast, p\u00e4rineb t\u00f5eline varrepipar Indoneesiast.<\/span><\/p>\n<p><span style=\", sans-serif;font-size: 15px\"><strong>Storage: <\/strong>hoida jahedas, kuivas, \u00f5hukindlas ja pimedas kohas.<\/span><\/p>","protected":false},"excerpt":{"rendered":"<p>Kuubipipra maitset kirjeldatakse paljudes kokaraamatutes ja v\u00fcrtsiraamatutes v\u00e4ga erinevalt: kuumast ja kibedast kuiva puitunud kuni v\u00fcrtsika-pipraseni.&nbsp; Me kirjeldaksime kuubiku pipart kui teravat, karmi ja kergelt piprat, kuid see on \u00fcksikute maitsete kombinatsioon, mis muudab selle sordi nii huvitavaks. Erinevalt valekuubipiprast, Kesk-Aafrikast p\u00e4rit ashanti piprast, p\u00e4rineb t\u00f5eline varrepipar Indoneesiast. S\u00e4ilitamine: hoida jahedas, kuivas, \u00f5hukindlas ja pimedas [&hellip;]<\/p>\n","protected":false},"featured_media":641,"template":"","meta":[],"product_brand":[],"product_cat":[338],"product_tag":[],"class_list":{"0":"post-611","1":"product","2":"type-product","3":"status-publish","4":"has-post-thumbnail","6":"product_cat-puhtad-maitsed","8":"first","9":"instock","10":"taxable","11":"shipping-taxable","12":"purchasable","13":"product-type-simple"},"_links":{"self":[{"href":"https:\/\/pipraveski.ee\/en\/wp-json\/wp\/v2\/product\/611","targetHints":{"allow":["GET"]}}],"collection":[{"href":"https:\/\/pipraveski.ee\/en\/wp-json\/wp\/v2\/product"}],"about":[{"href":"https:\/\/pipraveski.ee\/en\/wp-json\/wp\/v2\/types\/product"}],"wp:featuredmedia":[{"embeddable":true,"href":"https:\/\/pipraveski.ee\/en\/wp-json\/wp\/v2\/media\/641"}],"wp:attachment":[{"href":"https:\/\/pipraveski.ee\/en\/wp-json\/wp\/v2\/media?parent=611"}],"wp:term":[{"taxonomy":"product_brand","embeddable":true,"href":"https:\/\/pipraveski.ee\/en\/wp-json\/wp\/v2\/product_brand?post=611"},{"taxonomy":"product_cat","embeddable":true,"href":"https:\/\/pipraveski.ee\/en\/wp-json\/wp\/v2\/product_cat?post=611"},{"taxonomy":"product_tag","embeddable":true,"href":"https:\/\/pipraveski.ee\/en\/wp-json\/wp\/v2\/product_tag?post=611"}],"curies":[{"name":"wp","href":"https:\/\/api.w.org\/{rel}","templated":true}]}}