{"id":608,"date":"2025-10-22T19:02:52","date_gmt":"2025-10-22T16:02:52","guid":{"rendered":"https:\/\/pipraveski.ee\/?post_type=product&#038;p=608"},"modified":"2026-04-17T11:32:00","modified_gmt":"2026-04-17T08:32:00","slug":"kaste-poldmarja-veini-bbq-340g","status":"publish","type":"product","link":"https:\/\/pipraveski.ee\/en\/product\/kaste-poldmarja-veini-bbq-340g\/","title":{"rendered":"Sauce, Elderberry Wine BBQ, 340g"},"content":{"rendered":"<div>&nbsp;<\/div>\n<div>See uus p\u00f5ldmarja-veinikaste lubab uut ja p\u00f5nevat maitset sama suurep\u00e4rase kvaliteediga kui teised Old Ray kastmed. Suurep\u00e4rane sisefilee, prae, karbonaadi, ribi, kana ja praadide jaoks.<\/div>\n<div>&nbsp;<\/div>\n<div>Olge loominguline ja kasutage marinaadi v\u00f5i kastmena.<\/div>\n<div>&nbsp;<\/div>\n<div>Koostisosad: P\u00f5ldmarja\u017eelee,&nbsp;tomatip\u00fcree, tumepruun suhkur, k\u00f5rge fruktoosisisaldusega maisisiirup, destilleeritud \u00e4\u00e4dikas, Worcestershire, Burgundia vein, kollane SINEP, \u00f5unasiidri \u00e4\u00e4dikas, sidrunimahl, vedel suits, sool,&nbsp;suhkur, kuum t\u0161illipipra kaste, k\u00fc\u00fcslaugupulber, musta pipra pulber<\/div>\n<div>&nbsp;<\/div>\n<div>Toitumisalane teave&nbsp;100g kohta<\/div>\n<div>Energiasisaldus&nbsp; 544kJ \/130kcal<\/div>\n<div>Fats 1,0 g<\/div>\n<div>K\u00fcllastunud rasvhappeid 0,0g<\/div>\n<div>S\u00fcsivesikuid 33,0g<\/div>\n<div>Suhkruid&nbsp;30,0 g<\/div>\n<div>Protein 1,0g<\/div>\n<div>Sool 0,82g<\/div>","protected":false},"excerpt":{"rendered":"<p>See p\u00f5ldmarja veinikaste lubab uut ja p\u00f5nevat maitset sama suurep\u00e4rase kvaliteediga kui teised Old Ray kastmed.<br \/>\nMuraka\u017eel<\/p>","protected":false},"featured_media":638,"template":"","meta":[],"product_brand":[],"product_cat":[317],"product_tag":[],"class_list":{"0":"post-608","1":"product","2":"type-product","3":"status-publish","4":"has-post-thumbnail","6":"product_cat-kastmed-sinepid-tsatnid","8":"first","9":"outofstock","10":"taxable","11":"shipping-taxable","12":"purchasable","13":"product-type-simple"},"_links":{"self":[{"href":"https:\/\/pipraveski.ee\/en\/wp-json\/wp\/v2\/product\/608","targetHints":{"allow":["GET"]}}],"collection":[{"href":"https:\/\/pipraveski.ee\/en\/wp-json\/wp\/v2\/product"}],"about":[{"href":"https:\/\/pipraveski.ee\/en\/wp-json\/wp\/v2\/types\/product"}],"wp:featuredmedia":[{"embeddable":true,"href":"https:\/\/pipraveski.ee\/en\/wp-json\/wp\/v2\/media\/638"}],"wp:attachment":[{"href":"https:\/\/pipraveski.ee\/en\/wp-json\/wp\/v2\/media?parent=608"}],"wp:term":[{"taxonomy":"product_brand","embeddable":true,"href":"https:\/\/pipraveski.ee\/en\/wp-json\/wp\/v2\/product_brand?post=608"},{"taxonomy":"product_cat","embeddable":true,"href":"https:\/\/pipraveski.ee\/en\/wp-json\/wp\/v2\/product_cat?post=608"},{"taxonomy":"product_tag","embeddable":true,"href":"https:\/\/pipraveski.ee\/en\/wp-json\/wp\/v2\/product_tag?post=608"}],"curies":[{"name":"wp","href":"https:\/\/api.w.org\/{rel}","templated":true}]}}