{"id":604,"date":"2025-10-22T19:02:52","date_gmt":"2025-10-22T16:02:52","guid":{"rendered":"https:\/\/pipraveski.ee\/?post_type=product&#038;p=604"},"modified":"2026-04-17T11:32:14","modified_gmt":"2026-04-17T08:32:14","slug":"kaste-magus-tsilli-majoneesi-flying-goose-200ml","status":"publish","type":"product","link":"https:\/\/pipraveski.ee\/en\/product\/kaste-magus-tsilli-majoneesi-flying-goose-200ml\/","title":{"rendered":"Sauce, sweet, chilli mayonnaise, Flying Goose, 200ml"},"content":{"rendered":"<p>Magus Sriracha majoneesikaste on uus p\u00f5nev kaste, mida saate nautida suupistete, eelroogade ja isegi pearoogadega.<\/p>\n<p>Koostisosad: Suhkrusiirup, SOJA\u00f5li, t\u0161illi 14,9%, palsami\u00e4\u00e4dikas, k\u00fc\u00fcslauk, vesi, stabilisaator: E415, sool, modifitseeritud maisit\u00e4rklis, modifitseeritud tapiokit\u00e4rklis, happesuse regulaator E260, E330, SEESAMiseemned, konservant E202, antiok\u00fcdant E319<\/p>\n<p><span style=\"font-size: 13px\">Nutrition information per 100g:<\/span><br style=\"font-size: 13px\" \/><br \/>\n<span style=\"font-size: 13px\">Energiasisaldus 1014 kJ \/ 241 kcal<\/span><br style=\"font-size: 13px\" \/><br \/>\n<span style=\"font-size: 13px\">Rasvad 7,8g<\/span><br style=\"font-size: 13px\" \/><br \/>\n<span style=\"font-size: 13px\">of which saturated fatty acids 1,2g<\/span><br style=\"font-size: 13px\" \/><br \/>\n<span style=\"font-size: 13px\">S\u00fcsivesikud 42 g<\/span><br style=\"font-size: 13px\" \/><br \/>\n<span style=\"font-size: 13px\">millest suhkrud 35 g<\/span><br style=\"font-size: 13px\" \/><br \/>\n<span style=\"font-size: 13px\">Protein 0,4 g<\/span><br style=\"font-size: 13px\" \/><br \/>\n<span style=\"font-size: 13px\">Sool 2,8 g<\/p>\n<p>Country of origin: Thailand<\/span><\/p>","protected":false},"excerpt":{"rendered":"<p>N\u00fc\u00fcd saadaval ka Flying Goose&#8217;i sriracha majonees magusa t\u0161illiga!<br \/>\nSee on uus ja kindlasti proovimist v\u00e4\u00e4rt!<\/p>","protected":false},"featured_media":634,"template":"","meta":[],"product_brand":[],"product_cat":[317],"product_tag":[],"class_list":{"0":"post-604","1":"product","2":"type-product","3":"status-publish","4":"has-post-thumbnail","6":"product_cat-kastmed-sinepid-tsatnid","8":"first","9":"instock","10":"sale","11":"taxable","12":"shipping-taxable","13":"purchasable","14":"product-type-simple"},"_links":{"self":[{"href":"https:\/\/pipraveski.ee\/en\/wp-json\/wp\/v2\/product\/604","targetHints":{"allow":["GET"]}}],"collection":[{"href":"https:\/\/pipraveski.ee\/en\/wp-json\/wp\/v2\/product"}],"about":[{"href":"https:\/\/pipraveski.ee\/en\/wp-json\/wp\/v2\/types\/product"}],"wp:featuredmedia":[{"embeddable":true,"href":"https:\/\/pipraveski.ee\/en\/wp-json\/wp\/v2\/media\/634"}],"wp:attachment":[{"href":"https:\/\/pipraveski.ee\/en\/wp-json\/wp\/v2\/media?parent=604"}],"wp:term":[{"taxonomy":"product_brand","embeddable":true,"href":"https:\/\/pipraveski.ee\/en\/wp-json\/wp\/v2\/product_brand?post=604"},{"taxonomy":"product_cat","embeddable":true,"href":"https:\/\/pipraveski.ee\/en\/wp-json\/wp\/v2\/product_cat?post=604"},{"taxonomy":"product_tag","embeddable":true,"href":"https:\/\/pipraveski.ee\/en\/wp-json\/wp\/v2\/product_tag?post=604"}],"curies":[{"name":"wp","href":"https:\/\/api.w.org\/{rel}","templated":true}]}}