{"id":5903,"date":"2026-04-09T15:11:05","date_gmt":"2026-04-09T12:11:05","guid":{"rendered":"https:\/\/pipraveski.ee\/toode\/shashlik-vurtsisegu-50g\/"},"modified":"2026-04-17T12:00:30","modified_gmt":"2026-04-17T09:00:30","slug":"shashlik-vurtsisegu-50g","status":"publish","type":"product","link":"https:\/\/pipraveski.ee\/en\/product\/shashlik-vurtsisegu-50g\/","title":{"rendered":"\u0160a\u0161l\u00f5ki v\u00fcrtsisegu, 50g"},"content":{"rendered":"<p>V\u00fcrtsisegu lihale ja marinaadidele.<br \/>\nKoostisosad: sool, sibul, paprika, must pipar, happseuse regulaatorid: sidrunhape &amp; askorbiinhape, oregano, basiilik, k\u00fc\u00fcslauk, k\u00f6\u00f6mned, valge pipar, koriander, p\u00e4rmiekstrakt, gl\u00fckos, taime\u00f5li.<\/p>\n<p>Nutrition information per 100g<br \/>\nEnergiasisaldus 297J\/165kcal<br \/>\nRasvad 3,2g<br \/>\n&nbsp;of which saturated fatty acids 0,4g<br \/>\ns\u00fcsivesikuid 27,6g<br \/>\nkiudaineid 3,7g<br \/>\nvalgud 7,1g<br \/>\nsoola 32,4g<br \/>\nnaatrium 12,0g<\/p>","protected":false},"excerpt":{"rendered":"<p>V\u00fcrtsisegu lihale ja marinaadidele. Koostisosad: sool, sibul, paprika, must pipar, happseuse regulaatorid: sidrunhape &amp; askorbiinhape, oregano, basiilik, k\u00fc\u00fcslauk, k\u00f6\u00f6mned, valge pipar, koriander, p\u00e4rmiekstrakt, gl\u00fckos, taime\u00f5li. Toitumisalane teave 100g kohta Energiasisaldus 297J\/165kcal Rasvad 3,2g &nbsp;millest k\u00fcllastunud rasvhapped 0,4g s\u00fcsivesikuid 27,6g kiudaineid 3,7g valgud 7,1g soola 32,4g naatrium 12,0g<\/p>","protected":false},"featured_media":5931,"template":"","meta":[],"product_brand":[],"product_cat":[15],"product_tag":[],"class_list":{"0":"post-5903","1":"product","2":"type-product","3":"status-publish","4":"has-post-thumbnail","6":"product_cat-maaramata","8":"first","9":"instock","10":"taxable","11":"shipping-taxable","12":"purchasable","13":"product-type-simple"},"_links":{"self":[{"href":"https:\/\/pipraveski.ee\/en\/wp-json\/wp\/v2\/product\/5903","targetHints":{"allow":["GET"]}}],"collection":[{"href":"https:\/\/pipraveski.ee\/en\/wp-json\/wp\/v2\/product"}],"about":[{"href":"https:\/\/pipraveski.ee\/en\/wp-json\/wp\/v2\/types\/product"}],"wp:featuredmedia":[{"embeddable":true,"href":"https:\/\/pipraveski.ee\/en\/wp-json\/wp\/v2\/media\/5931"}],"wp:attachment":[{"href":"https:\/\/pipraveski.ee\/en\/wp-json\/wp\/v2\/media?parent=5903"}],"wp:term":[{"taxonomy":"product_brand","embeddable":true,"href":"https:\/\/pipraveski.ee\/en\/wp-json\/wp\/v2\/product_brand?post=5903"},{"taxonomy":"product_cat","embeddable":true,"href":"https:\/\/pipraveski.ee\/en\/wp-json\/wp\/v2\/product_cat?post=5903"},{"taxonomy":"product_tag","embeddable":true,"href":"https:\/\/pipraveski.ee\/en\/wp-json\/wp\/v2\/product_tag?post=5903"}],"curies":[{"name":"wp","href":"https:\/\/api.w.org\/{rel}","templated":true}]}}