{"id":5853,"date":"2026-03-27T15:41:05","date_gmt":"2026-03-27T13:41:05","guid":{"rendered":"https:\/\/pipraveski.ee\/toode\/laatsed-pruunid-east-end-500g-b\/"},"modified":"2026-05-13T12:45:30","modified_gmt":"2026-05-13T09:45:30","slug":"laatsed-pruunid-east-end-500g-b","status":"publish","type":"product","link":"https:\/\/pipraveski.ee\/en\/product\/laatsed-pruunid-east-end-500g-b\/","title":{"rendered":"L\u00e4\u00e4tsed, pruunid, East End, 500g (B)"},"content":{"rendered":"<p>East Endi pruunid l\u00e4\u00e4tsed, p\u00e4hklise maitsega l\u00e4\u00e4tsed, kasuta hautistes, suppides ja riisiroogades.<br \/>\nPruune l\u00e4\u00e4tsesid on toiduna kasutatud tuhandeid aastaid, need p\u00e4rinevad L\u00e4his-Idast ja Vahemere piirkonnast. Need on suurep\u00e4rane taimse valgu allikas, samuti kiudainete ja mineraalide allikas, toetades seel\u00e4bi seedimist.<\/p>\n<p>Koostisosad:pruunid l\u00e4\u00e4tsed.<br \/>\n<strong>Allergeenid<\/strong>:pakendatud tehasesmilles k\u00e4ideldakse: maap\u00e4hkleid ja muid p\u00e4hkleid, seesamiseemneid, gluteeni sisaldavat teravilja, PIIMa, SELLERit, SOJA, SINEPit ja sulfiteid.<\/p>\n<p>Nutrition information per 100 g<br \/>\nEnergia 1449 kJ \/ 342 kcal<br \/>\nRasvad 1,3 g<br \/>\nmillest k\u00fcllastunud 0,2 g<br \/>\nS\u00fcsivesikud 56,3 g<br \/>\nof which sugars 2,4 g<br \/>\nKiudained 4,9g&nbsp;<br \/>\nValgud 24,0 g<br \/>\nSoola 0,09 g<\/p>\n<p>Country of origin: United Kingdom<\/p>","protected":false},"excerpt":{"rendered":"<p>East Endi pruunid l\u00e4\u00e4tsed, p\u00e4hklise maitsega l\u00e4\u00e4tsed, kasuta hautistes, suppides ja riisiroogades. Pruune l\u00e4\u00e4tsesid on toiduna kasutatud tuhandeid aastaid, need p\u00e4rinevad L\u00e4his-Idast ja Vahemere piirkonnast. Need on suurep\u00e4rane taimse valgu allikas, samuti kiudainete ja mineraalide allikas, toetades seel\u00e4bi seedimist. Koostisosad:pruunid l\u00e4\u00e4tsed. Allergeenid:pakendatud tehasesmilles k\u00e4ideldakse: maap\u00e4hkleid ja muid p\u00e4hkleid, seesamiseemneid, gluteeni sisaldavat teravilja, PIIMa, SELLERit, SOJA, [&hellip;]<\/p>\n","protected":false},"featured_media":5852,"template":"","meta":[],"product_brand":[],"product_cat":[15],"product_tag":[],"class_list":{"0":"post-5853","1":"product","2":"type-product","3":"status-publish","4":"has-post-thumbnail","6":"product_cat-maaramata","8":"first","9":"instock","10":"taxable","11":"shipping-taxable","12":"purchasable","13":"product-type-simple"},"_links":{"self":[{"href":"https:\/\/pipraveski.ee\/en\/wp-json\/wp\/v2\/product\/5853","targetHints":{"allow":["GET"]}}],"collection":[{"href":"https:\/\/pipraveski.ee\/en\/wp-json\/wp\/v2\/product"}],"about":[{"href":"https:\/\/pipraveski.ee\/en\/wp-json\/wp\/v2\/types\/product"}],"wp:featuredmedia":[{"embeddable":true,"href":"https:\/\/pipraveski.ee\/en\/wp-json\/wp\/v2\/media\/5852"}],"wp:attachment":[{"href":"https:\/\/pipraveski.ee\/en\/wp-json\/wp\/v2\/media?parent=5853"}],"wp:term":[{"taxonomy":"product_brand","embeddable":true,"href":"https:\/\/pipraveski.ee\/en\/wp-json\/wp\/v2\/product_brand?post=5853"},{"taxonomy":"product_cat","embeddable":true,"href":"https:\/\/pipraveski.ee\/en\/wp-json\/wp\/v2\/product_cat?post=5853"},{"taxonomy":"product_tag","embeddable":true,"href":"https:\/\/pipraveski.ee\/en\/wp-json\/wp\/v2\/product_tag?post=5853"}],"curies":[{"name":"wp","href":"https:\/\/api.w.org\/{rel}","templated":true}]}}