{"id":5830,"date":"2026-03-18T12:40:53","date_gmt":"2026-03-18T10:40:53","guid":{"rendered":"https:\/\/pipraveski.ee\/toode\/tikka-masala-east-end-50g\/"},"modified":"2026-04-29T03:00:09","modified_gmt":"2026-04-29T00:00:09","slug":"tikka-masala-east-end-50g","status":"publish","type":"product","link":"https:\/\/pipraveski.ee\/en\/product\/tikka-masala-east-end-50g\/","title":{"rendered":"Tikka Masala, East End, 50g"},"content":{"rendered":"<p>Toode sobib taimetoitlastele.<br \/>\nS\u00e4ilitada suletuna kuivas, jahedas ja pimedas.<br \/>\nV\u00f5ib sisaldada p\u00e4hklite j\u00e4\u00e4ke.<br \/>\nKoostisosad: paprika, v\u00fcrtsk\u00f6\u00f6mned, koriander, roheline kardemon, nelk, kaneel, sool, v\u00fcrtsid.<\/p>","protected":false},"excerpt":{"rendered":"<p>Toode sobib taimetoitlastele. S\u00e4ilitada suletuna kuivas, jahedas ja pimedas. V\u00f5ib sisaldada p\u00e4hklite j\u00e4\u00e4ke. Koostisosad: paprika, v\u00fcrtsk\u00f6\u00f6mned, koriander, roheline kardemon, nelk, kaneel, sool, v\u00fcrtsid.<\/p>","protected":false},"featured_media":5831,"template":"","meta":[],"product_brand":[],"product_cat":[15],"product_tag":[],"class_list":{"0":"post-5830","1":"product","2":"type-product","3":"status-publish","4":"has-post-thumbnail","6":"product_cat-maaramata","8":"first","9":"instock","10":"taxable","11":"shipping-taxable","12":"purchasable","13":"product-type-simple"},"_links":{"self":[{"href":"https:\/\/pipraveski.ee\/en\/wp-json\/wp\/v2\/product\/5830","targetHints":{"allow":["GET"]}}],"collection":[{"href":"https:\/\/pipraveski.ee\/en\/wp-json\/wp\/v2\/product"}],"about":[{"href":"https:\/\/pipraveski.ee\/en\/wp-json\/wp\/v2\/types\/product"}],"wp:featuredmedia":[{"embeddable":true,"href":"https:\/\/pipraveski.ee\/en\/wp-json\/wp\/v2\/media\/5831"}],"wp:attachment":[{"href":"https:\/\/pipraveski.ee\/en\/wp-json\/wp\/v2\/media?parent=5830"}],"wp:term":[{"taxonomy":"product_brand","embeddable":true,"href":"https:\/\/pipraveski.ee\/en\/wp-json\/wp\/v2\/product_brand?post=5830"},{"taxonomy":"product_cat","embeddable":true,"href":"https:\/\/pipraveski.ee\/en\/wp-json\/wp\/v2\/product_cat?post=5830"},{"taxonomy":"product_tag","embeddable":true,"href":"https:\/\/pipraveski.ee\/en\/wp-json\/wp\/v2\/product_tag?post=5830"}],"curies":[{"name":"wp","href":"https:\/\/api.w.org\/{rel}","templated":true}]}}