{"id":5829,"date":"2026-03-18T12:25:57","date_gmt":"2026-03-18T10:25:57","guid":{"rendered":"https:\/\/pipraveski.ee\/toode\/rukkilille-oied-5g\/"},"modified":"2026-04-30T10:16:32","modified_gmt":"2026-04-30T07:16:32","slug":"rukkilille-oied-5g","status":"publish","type":"product","link":"https:\/\/pipraveski.ee\/en\/product\/rukkilille-oied-5g\/","title":{"rendered":"Rukkilill, 5g"},"content":{"rendered":"<p>Dried cornflower flowers.<\/p>\n<p>Suitable for garnishing all kinds of foods, adding to tea blends, ice cream, health foods, etc.<br \/>\nAlso suitable as a blue food colouring.<\/p>","protected":false},"excerpt":{"rendered":"<p>Kuivatatud rukkilille \u00f5ied. Sobivad k\u00f5ikv\u00f5imalike toitude kaunistamiseks, teesegudele lisamiseks, j\u00e4\u00e4tisele, tervisetoitudele jpm. Sobib ka siniseks toiduv\u00e4rviks.<\/p>","protected":false},"featured_media":5828,"template":"","meta":[],"product_brand":[],"product_cat":[15],"product_tag":[],"class_list":{"0":"post-5829","1":"product","2":"type-product","3":"status-publish","4":"has-post-thumbnail","6":"product_cat-maaramata","8":"first","9":"instock","10":"taxable","11":"shipping-taxable","12":"purchasable","13":"product-type-simple"},"_links":{"self":[{"href":"https:\/\/pipraveski.ee\/en\/wp-json\/wp\/v2\/product\/5829","targetHints":{"allow":["GET"]}}],"collection":[{"href":"https:\/\/pipraveski.ee\/en\/wp-json\/wp\/v2\/product"}],"about":[{"href":"https:\/\/pipraveski.ee\/en\/wp-json\/wp\/v2\/types\/product"}],"wp:featuredmedia":[{"embeddable":true,"href":"https:\/\/pipraveski.ee\/en\/wp-json\/wp\/v2\/media\/5828"}],"wp:attachment":[{"href":"https:\/\/pipraveski.ee\/en\/wp-json\/wp\/v2\/media?parent=5829"}],"wp:term":[{"taxonomy":"product_brand","embeddable":true,"href":"https:\/\/pipraveski.ee\/en\/wp-json\/wp\/v2\/product_brand?post=5829"},{"taxonomy":"product_cat","embeddable":true,"href":"https:\/\/pipraveski.ee\/en\/wp-json\/wp\/v2\/product_cat?post=5829"},{"taxonomy":"product_tag","embeddable":true,"href":"https:\/\/pipraveski.ee\/en\/wp-json\/wp\/v2\/product_tag?post=5829"}],"curies":[{"name":"wp","href":"https:\/\/api.w.org\/{rel}","templated":true}]}}