{"id":5703,"date":"2026-03-03T16:05:21","date_gmt":"2026-03-03T14:05:21","guid":{"rendered":"https:\/\/pipraveski.ee\/toode\/mistura-de-tomato-mango-hela-450g\/"},"modified":"2026-04-17T11:32:53","modified_gmt":"2026-04-17T08:32:53","slug":"mistura-de-tomato-mango-hela-450g","status":"publish","type":"product","link":"https:\/\/pipraveski.ee\/en\/product\/mistura-de-tomato-mango-hela-450g\/","title":{"rendered":"Mistura de Tomato, Mango, HELA, 450g"},"content":{"rendered":"<p>Helbeline tomati kooslus mango noodiga ning v\u00e4ikese k\u00fc\u00fcslaugu paitusega.<\/p>\n<p>Sobib h\u00e4sti maitsev\u00f5i valmistamiseks, tomatikastmetesse, suppidesse, dipikastmetesse, salatitesse, tomati-mozzarella maitsestamiseks, pizza, t\u0161atnite, kalale, kanale, hakkliharoogadele ja paljule muule.<\/p>\n<p>Koostisosad: tomatihelbed 69% (tomatipasta, maisi t\u00e4rklis), mango 15%, sool, basiilik, k\u00fc\u00fcslauk, oregano, paprika.<\/p>\n<p>Nutritional value per 100g:<br \/>\nEnergia 1287kJ\/307kcal<br \/>\nRasv 3g<br \/>\nof which saturated fatty acids 0,6g<br \/>\nS\u00fcsivesikud 53g<br \/>\nmillest suhkur 42g<br \/>\nValk 11g<br \/>\nSool 6g<\/p>","protected":false},"excerpt":{"rendered":"<p>Helbeline tomati kooslus mango noodiga ning v\u00e4ikese k\u00fc\u00fcslaugu paitusega. Sobib h\u00e4sti maitsev\u00f5i valmistamiseks, tomatikastmetesse, suppidesse, dipikastmetesse, salatitesse, tomati-mozzarella maitsestamiseks, pizza, t\u0161atnite, kalale, kanale, hakkliharoogadele ja paljule muule. Koostisosad: tomatihelbed 69% (tomatipasta, maisi t\u00e4rklis), mango 15%, sool, basiilik, k\u00fc\u00fcslauk, oregano, paprika. Toitev\u00e4\u00e4rtus 100g kohta: Energia 1287kJ\/307kcal Rasv 3g millest k\u00fcllastunud rasvhapped 0,6g S\u00fcsivesikud 53g millest suhkur [&hellip;]<\/p>\n","protected":false},"featured_media":5702,"template":"","meta":[],"product_brand":[],"product_cat":[15],"product_tag":[],"class_list":{"0":"post-5703","1":"product","2":"type-product","3":"status-publish","4":"has-post-thumbnail","6":"product_cat-maaramata","8":"first","9":"outofstock","10":"taxable","11":"shipping-taxable","12":"purchasable","13":"product-type-simple"},"_links":{"self":[{"href":"https:\/\/pipraveski.ee\/en\/wp-json\/wp\/v2\/product\/5703","targetHints":{"allow":["GET"]}}],"collection":[{"href":"https:\/\/pipraveski.ee\/en\/wp-json\/wp\/v2\/product"}],"about":[{"href":"https:\/\/pipraveski.ee\/en\/wp-json\/wp\/v2\/types\/product"}],"wp:featuredmedia":[{"embeddable":true,"href":"https:\/\/pipraveski.ee\/en\/wp-json\/wp\/v2\/media\/5702"}],"wp:attachment":[{"href":"https:\/\/pipraveski.ee\/en\/wp-json\/wp\/v2\/media?parent=5703"}],"wp:term":[{"taxonomy":"product_brand","embeddable":true,"href":"https:\/\/pipraveski.ee\/en\/wp-json\/wp\/v2\/product_brand?post=5703"},{"taxonomy":"product_cat","embeddable":true,"href":"https:\/\/pipraveski.ee\/en\/wp-json\/wp\/v2\/product_cat?post=5703"},{"taxonomy":"product_tag","embeddable":true,"href":"https:\/\/pipraveski.ee\/en\/wp-json\/wp\/v2\/product_tag?post=5703"}],"curies":[{"name":"wp","href":"https:\/\/api.w.org\/{rel}","templated":true}]}}