{"id":570,"date":"2025-10-22T19:02:40","date_gmt":"2025-10-22T16:02:40","guid":{"rendered":"https:\/\/pipraveski.ee\/?post_type=product&#038;p=570"},"modified":"2026-04-17T11:31:39","modified_gmt":"2026-04-17T08:31:39","slug":"kurkum-natco-1kg","status":"publish","type":"product","link":"https:\/\/pipraveski.ee\/en\/product\/kurkum-natco-1kg\/","title":{"rendered":"Kurkum, NATCO, 1kg"},"content":{"rendered":"<p><span style=\"font-size: 13px\">Kasutamine: Kurkumit kasutatakse enim just india k\u00f6\u00f6gis ning ta annab toitudele juba v\u00e4hese koguse puhul kauni p\u00e4ikesekollase jume.<\/span><br style=\"font-size: 13px\" \/><br \/>\n<span style=\"font-size: 13px\">\u00dcks kindel komponent erinevates karripulbrites.Kurkumiga maitsestatakse riisi ja nuudleid, suppe, kastmeid, majoneesi, munarooge, karrisid, teatud pagaritoodetele.<\/span><br style=\"font-size: 13px\" \/><br \/>\n<span style=\"font-size: 13px\">Kalale ja mereandidele sobib niisama h\u00e4sti kui linnulihale, aedviljadele ja v\u00fcrtsikastmetele.<\/span><br style=\"font-size: 13px\" \/><br \/>\n<span style=\"font-size: 13px\">Sobib ka lihtsalt segatuna sooja piima ja meega joomiseks v\u00f5i lihav\u00f5ttemunade v\u00e4rvimiseks.<\/p>\n<p>Pakitud tehases, mis t\u00f6\u00f6tleb p\u00e4hkleid. V\u00f5ib esineda j\u00e4lgi sinepist.<\/span><br style=\"font-size: 13px\" \/><br \/>\nCountry of origin India<br style=\"font-size: 13px\" \/><br \/>\n&nbsp;<\/p>","protected":false},"excerpt":{"rendered":"<p>Kurkum kuulub ingveriliste perekonda koos ingveri ja kalganiga.<br \/>\nKurkum l\u00f5hnab nagu ingver, veidi krehvtisemalt. Tema maitse on ingveriga v\u00f5rreldes v\u00fcrtsikam, m\u00f5rkjam ja muskuselisem<\/p>","protected":false},"featured_media":599,"template":"","meta":[],"product_brand":[],"product_cat":[338],"product_tag":[],"class_list":{"0":"post-570","1":"product","2":"type-product","3":"status-publish","4":"has-post-thumbnail","6":"product_cat-puhtad-maitsed","8":"first","9":"outofstock","10":"taxable","11":"shipping-taxable","12":"purchasable","13":"product-type-simple"},"_links":{"self":[{"href":"https:\/\/pipraveski.ee\/en\/wp-json\/wp\/v2\/product\/570","targetHints":{"allow":["GET"]}}],"collection":[{"href":"https:\/\/pipraveski.ee\/en\/wp-json\/wp\/v2\/product"}],"about":[{"href":"https:\/\/pipraveski.ee\/en\/wp-json\/wp\/v2\/types\/product"}],"wp:featuredmedia":[{"embeddable":true,"href":"https:\/\/pipraveski.ee\/en\/wp-json\/wp\/v2\/media\/599"}],"wp:attachment":[{"href":"https:\/\/pipraveski.ee\/en\/wp-json\/wp\/v2\/media?parent=570"}],"wp:term":[{"taxonomy":"product_brand","embeddable":true,"href":"https:\/\/pipraveski.ee\/en\/wp-json\/wp\/v2\/product_brand?post=570"},{"taxonomy":"product_cat","embeddable":true,"href":"https:\/\/pipraveski.ee\/en\/wp-json\/wp\/v2\/product_cat?post=570"},{"taxonomy":"product_tag","embeddable":true,"href":"https:\/\/pipraveski.ee\/en\/wp-json\/wp\/v2\/product_tag?post=570"}],"curies":[{"name":"wp","href":"https:\/\/api.w.org\/{rel}","templated":true}]}}