{"id":569,"date":"2025-10-22T19:02:40","date_gmt":"2025-10-22T16:02:40","guid":{"rendered":"https:\/\/pipraveski.ee\/?post_type=product&#038;p=569"},"modified":"2026-04-17T11:32:14","modified_gmt":"2026-04-17T08:32:14","slug":"kookoskreem-17-19-rasva-golden-turtle-1l","status":"publish","type":"product","link":"https:\/\/pipraveski.ee\/en\/product\/kookoskreem-17-19-rasva-golden-turtle-1l\/","title":{"rendered":"Coconut Cream, (17-19% fat), Golden Turtle, 1L"},"content":{"rendered":"<p>Kookoskreem(piim) on paljude Kaug-Ida k\u00f6\u00f6kide \u2013 sealhulgas India, Tai, Hiina, Korea \u2013 \u00fcks p\u00f5hilisi koostisosi. Sobib pearoogade, magustoitude ja jookide valmistamiseks, andes neile peene, sametise aroomi. Asendamatu karriroogade jaoks, aromaatsed puljongid suure annuse idamaiste v\u00fcrtsidega.<\/p>\n<p>Kookospiima toodetakse v\u00e4rsketest ja parimatest looduslikus keskkonnas kasvatatud kookosp\u00e4hklitest. Neist saadakse aromaatne, valge, piimataoline vedelik, mis sisaldab 15\u201325% rasva, olenevalt kasutatud vee hulgast.<\/p>\n<p>Koostisosad: kookoseekstrakt 71%, vesi, paksendaja: ksantaankummi, emulgaator: E435.<\/p>\n<p>Nutrition information per 100 ml:<br \/>\nEnergiasisaldus 636 kJ \/ 152 kcal<br \/>\nRasvad 17 g<br \/>\nmillest k\u00fcllastunud rasvhapped 14 g<br \/>\nS\u00fcsivesikud 1,2 g<br \/>\nmillest suhkrud 0,8 g<br \/>\nProtein 0,6 g<br \/>\nSool 0,02 g<\/p>\n<p>P\u00e4ritoluriik: Vietnam<\/p>","protected":false},"excerpt":{"rendered":"<p>Kookoskreem(piim) on paljude Kaug-Ida k\u00f6\u00f6kide \u2013 sealhulgas India, Tai, Hiina, Korea \u2013 \u00fcks p\u00f5hilisi koostisosi. Sobib pearoogade, magustoitude ja jookide valmistamiseks, andes neile peene, sametise aroomi. Asendamatu karriroogade jaoks, aromaatsed puljongid suure annuse idamaiste v\u00fcrtsidega. Kookospiima toodetakse v\u00e4rsketest ja parimatest looduslikus keskkonnas kasvatatud kookosp\u00e4hklitest. Neist saadakse aromaatne, valge, piimataoline vedelik, mis sisaldab 15\u201325% rasva, olenevalt [&hellip;]<\/p>\n","protected":false},"featured_media":598,"template":"","meta":[],"product_brand":[],"product_cat":[323],"product_tag":[],"class_list":{"0":"post-569","1":"product","2":"type-product","3":"status-publish","4":"has-post-thumbnail","6":"product_cat-konservid","8":"first","9":"outofstock","10":"taxable","11":"shipping-taxable","12":"purchasable","13":"product-type-simple"},"_links":{"self":[{"href":"https:\/\/pipraveski.ee\/en\/wp-json\/wp\/v2\/product\/569","targetHints":{"allow":["GET"]}}],"collection":[{"href":"https:\/\/pipraveski.ee\/en\/wp-json\/wp\/v2\/product"}],"about":[{"href":"https:\/\/pipraveski.ee\/en\/wp-json\/wp\/v2\/types\/product"}],"wp:featuredmedia":[{"embeddable":true,"href":"https:\/\/pipraveski.ee\/en\/wp-json\/wp\/v2\/media\/598"}],"wp:attachment":[{"href":"https:\/\/pipraveski.ee\/en\/wp-json\/wp\/v2\/media?parent=569"}],"wp:term":[{"taxonomy":"product_brand","embeddable":true,"href":"https:\/\/pipraveski.ee\/en\/wp-json\/wp\/v2\/product_brand?post=569"},{"taxonomy":"product_cat","embeddable":true,"href":"https:\/\/pipraveski.ee\/en\/wp-json\/wp\/v2\/product_cat?post=569"},{"taxonomy":"product_tag","embeddable":true,"href":"https:\/\/pipraveski.ee\/en\/wp-json\/wp\/v2\/product_tag?post=569"}],"curies":[{"name":"wp","href":"https:\/\/api.w.org\/{rel}","templated":true}]}}