{"id":5677,"date":"2026-03-02T15:00:53","date_gmt":"2026-03-02T13:00:53","guid":{"rendered":"https:\/\/pipraveski.ee\/toode\/mungoad-rohelised-east-end-500g-b\/"},"modified":"2026-04-17T11:33:24","modified_gmt":"2026-04-17T08:33:24","slug":"mungoad-rohelised-east-end-500g-b","status":"publish","type":"product","link":"https:\/\/pipraveski.ee\/en\/product\/mungoad-rohelised-east-end-500g-b\/","title":{"rendered":"Mungoad, rohelised, East End, 500g (B)"},"content":{"rendered":"<p>Moong oad kuuluvad kaunviljade hulka. Need on v\u00e4ikesed rohelised \u00f5rnad oad, mis on taimetoitlaste seas populaarsed. Need on India k\u00f6\u00f6gi p\u00f5hitoit; neid kasutatakse erinevates k\u00f6\u00f6kides ning need on peamine koostisosa k\u00fclmalt salatites v\u00f5i kuumalt maitsvates karrides ja on suurep\u00e4rane dieettoit.<br \/>\nK\u00f5rge lahustuva kiudaine sisaldus muudab need kasulikuks kolesterooli ja veresuhkru taseme alandamisel inimestel.<\/p>\n<p>Kuidas valmistada terveid mungoube;<br \/>\nSorteeri l\u00e4bi ja viska \u00e4ra k\u00f5ik k\u00f5vaks j\u00e4\u00e4nud ube.<br \/>\nPese 3-4 korda puhtas vees.<br \/>\nLeota v\u00e4hemalt 1 tund vees, nii et oad oleksid kaetud.<br \/>\nAsenda vesi v\u00e4rske veega, lase keema t\u00f5usta ja keeda v\u00e4hemalt 10 minutit.<br \/>\nHauta 1 tund v\u00f5i kuni oad on pehmed, j\u00e4lgides, et vesi \u00e4ra ei keeks.<\/p>\n<p>Allergeenid: See toode v\u00f5ib sisaldada p\u00e4hklij\u00e4lgi.&nbsp;Pakendatud tehases, kus t\u00f6\u00f6deldakse maap\u00e4hkleid, p\u00e4hkleid, seesamiseemneid, gluteeni, nisu, piimapulbrit, soja ja sinepit.<br \/>\nSuitable for vegetarians.<\/p>\n<p>Nutrition information per 100 g<br \/>\nEnergiasisaldus 1314 kJ \/ 311 kcal<br \/>\nRasvad 1,1 g<br \/>\nmillest k\u00fcllastunud 0,3 g<br \/>\nS\u00fcsivesikud 46,3 g<br \/>\nmillest suhkrud 1,5 g<br \/>\nValgud 23,9 g<br \/>\nKiudained 10,0 g&nbsp;<br \/>\nSoola 0,04 g<\/p>\n<p>&nbsp;<\/p>","protected":false},"excerpt":{"rendered":"<p>Moong oad kuuluvad kaunviljade hulka. Need on v\u00e4ikesed rohelised \u00f5rnad oad, mis on taimetoitlaste seas populaarsed. Need on India k\u00f6\u00f6gi p\u00f5hitoit; neid kasutatakse erinevates k\u00f6\u00f6kides ning need on peamine koostisosa k\u00fclmalt salatites v\u00f5i kuumalt maitsvates karrides ja on suurep\u00e4rane dieettoit. K\u00f5rge lahustuva kiudaine sisaldus muudab need kasulikuks kolesterooli ja veresuhkru taseme alandamisel inimestel. Kuidas valmistada [&hellip;]<\/p>\n","protected":false},"featured_media":5676,"template":"","meta":[],"product_brand":[],"product_cat":[15],"product_tag":[],"class_list":{"0":"post-5677","1":"product","2":"type-product","3":"status-publish","4":"has-post-thumbnail","6":"product_cat-maaramata","8":"first","9":"instock","10":"taxable","11":"shipping-taxable","12":"purchasable","13":"product-type-simple"},"_links":{"self":[{"href":"https:\/\/pipraveski.ee\/en\/wp-json\/wp\/v2\/product\/5677","targetHints":{"allow":["GET"]}}],"collection":[{"href":"https:\/\/pipraveski.ee\/en\/wp-json\/wp\/v2\/product"}],"about":[{"href":"https:\/\/pipraveski.ee\/en\/wp-json\/wp\/v2\/types\/product"}],"wp:featuredmedia":[{"embeddable":true,"href":"https:\/\/pipraveski.ee\/en\/wp-json\/wp\/v2\/media\/5676"}],"wp:attachment":[{"href":"https:\/\/pipraveski.ee\/en\/wp-json\/wp\/v2\/media?parent=5677"}],"wp:term":[{"taxonomy":"product_brand","embeddable":true,"href":"https:\/\/pipraveski.ee\/en\/wp-json\/wp\/v2\/product_brand?post=5677"},{"taxonomy":"product_cat","embeddable":true,"href":"https:\/\/pipraveski.ee\/en\/wp-json\/wp\/v2\/product_cat?post=5677"},{"taxonomy":"product_tag","embeddable":true,"href":"https:\/\/pipraveski.ee\/en\/wp-json\/wp\/v2\/product_tag?post=5677"}],"curies":[{"name":"wp","href":"https:\/\/api.w.org\/{rel}","templated":true}]}}