{"id":5675,"date":"2026-03-02T13:20:23","date_gmt":"2026-03-02T11:20:23","guid":{"rendered":"https:\/\/pipraveski.ee\/toode\/urid-whole-east-end-500g\/"},"modified":"2026-04-17T11:32:41","modified_gmt":"2026-04-17T08:32:41","slug":"urid-whole-east-end-500g","status":"publish","type":"product","link":"https:\/\/pipraveski.ee\/en\/product\/urid-whole-east-end-500g\/","title":{"rendered":"Urid Whole (mustad mungoad), East End, 500g"},"content":{"rendered":"<p>East End Urid Whole on esmaklassiline ja suure saagikusega kaunviljasort, mis sobib ideaalselt mitmesuguste roogade valmistamiseks.&nbsp; p\u00e4rinevad sertifitseeritud&nbsp; Need on rikkad kiudainete ja valkude poolest, mist\u00f5ttu on need tasakaalustatud toitumisvalikuks.<br \/>\nK\u00f5rge valgusisaldus: Suurep\u00e4rane lihaste taastamiseks ja kasvatamiseks, eriti taimse toitumise j\u00e4rgijatele. Kiudaineterikas: Aitab seedimist ja aitab kaaluj\u00e4lgimisel, hoides teid kauem t\u00e4isk\u00f5hutundena. Hea rauaallikas: Oluline energia saamiseks ja aneemia ennetamiseks, muutes need oad suurep\u00e4raseks valikuks neile, kes vajavad rohkem rauda. Toetab s\u00fcdame tervist: Ubades sisalduvad kiudained, kaalium ja magneesium aitavad hoida verer\u00f5hku tervena ja v\u00e4hendavad s\u00fcdamehaiguste riski.<br \/>\nParima tulemuse saavutamiseks leota: Leota uridi ube 4\u20136 tundi v\u00f5i \u00fcle\u00f6\u00f6 enne keetmist. See l\u00fchendab keetmisaega ja muudab oad kergemini seeditavaks. Leotamine muudab need ka pehmemaks ja kreemjamaks, mis sobib suurep\u00e4raselt selliste roogade nagu dal jaoks.<br \/>\nKeetmine madalal kuumusel ja aeglaselt: Selliste roogade nagu dal makhani puhul keeda ube aeglaselt. P\u00e4rast keetmist hauta neid madalal kuumusel v\u00fcrtsidega, et maitsed h\u00e4sti seguneksid.<br \/>\nSobita aromaatsete v\u00fcrtsidega: East End Uridi terved oad maitsevad suurep\u00e4raselt selliste v\u00fcrtsidega nagu k\u00f6\u00f6mned, koriander, kurkum ja garam masala. Need v\u00fcrtsid r\u00f5hutavad p\u00e4hklimaitset ning parandavad roa aroomi ja maitset.<br \/>\nKasuta erinevates roogades: Lisaks traditsioonilistele dalidele v\u00f5id uridi ube lisada salatitesse, suppidesse ja k\u00f6\u00f6giviljaburgeritesse, et anda neile lisatekstuuri ja toitaineid.<\/p>\n<p><strong>Allergeenid<\/strong>:pakendatud tehasesmilles kus k\u00e4ideldakse: maap\u00e4hkleid ja muid p\u00e4hkleid, seesamiseemneid, gluteeni sisaldavat teravilja, PIIMa, SELLERit, SOJA, SINEPit ja sulfiteid.<\/p>\n<p>Nutrition information per 100 g<br \/>\nEnergiasisaldus 1273 kJ \/ 302 kcal<br \/>\nRasvad 0,2 g<br \/>\nmillest k\u00fcllastunud 0,0 g<br \/>\nS\u00fcsivesikud 40,1 g<br \/>\nof which sugars 2,4 g<br \/>\nValgud 24,8 g<br \/>\nKiudained 20,4g&nbsp;<br \/>\nSoola 0,10 g<\/p>","protected":false},"excerpt":{"rendered":"<p>East End Urid Whole on esmaklassiline ja suure saagikusega kaunviljasort, mis sobib ideaalselt mitmesuguste roogade valmistamiseks.&nbsp; p\u00e4rinevad sertifitseeritud&nbsp; Need on rikkad kiudainete ja valkude poolest, mist\u00f5ttu on need tasakaalustatud toitumisvalikuks. K\u00f5rge valgusisaldus: Suurep\u00e4rane lihaste taastamiseks ja kasvatamiseks, eriti taimse toitumise j\u00e4rgijatele. Kiudaineterikas: Aitab seedimist ja aitab kaaluj\u00e4lgimisel, hoides teid kauem t\u00e4isk\u00f5hutundena. Hea rauaallikas: Oluline energia [&hellip;]<\/p>\n","protected":false},"featured_media":5674,"template":"","meta":[],"product_brand":[],"product_cat":[15],"product_tag":[],"class_list":{"0":"post-5675","1":"product","2":"type-product","3":"status-publish","4":"has-post-thumbnail","6":"product_cat-maaramata","8":"first","9":"instock","10":"taxable","11":"shipping-taxable","12":"purchasable","13":"product-type-simple"},"_links":{"self":[{"href":"https:\/\/pipraveski.ee\/en\/wp-json\/wp\/v2\/product\/5675","targetHints":{"allow":["GET"]}}],"collection":[{"href":"https:\/\/pipraveski.ee\/en\/wp-json\/wp\/v2\/product"}],"about":[{"href":"https:\/\/pipraveski.ee\/en\/wp-json\/wp\/v2\/types\/product"}],"wp:featuredmedia":[{"embeddable":true,"href":"https:\/\/pipraveski.ee\/en\/wp-json\/wp\/v2\/media\/5674"}],"wp:attachment":[{"href":"https:\/\/pipraveski.ee\/en\/wp-json\/wp\/v2\/media?parent=5675"}],"wp:term":[{"taxonomy":"product_brand","embeddable":true,"href":"https:\/\/pipraveski.ee\/en\/wp-json\/wp\/v2\/product_brand?post=5675"},{"taxonomy":"product_cat","embeddable":true,"href":"https:\/\/pipraveski.ee\/en\/wp-json\/wp\/v2\/product_cat?post=5675"},{"taxonomy":"product_tag","embeddable":true,"href":"https:\/\/pipraveski.ee\/en\/wp-json\/wp\/v2\/product_tag?post=5675"}],"curies":[{"name":"wp","href":"https:\/\/api.w.org\/{rel}","templated":true}]}}