{"id":5673,"date":"2026-03-02T11:50:21","date_gmt":"2026-03-02T09:50:21","guid":{"rendered":"https:\/\/pipraveski.ee\/toode\/mango-chutney-sweet-east-end-340g\/"},"modified":"2026-04-17T11:32:32","modified_gmt":"2026-04-17T08:32:32","slug":"mango-chutney-sweet-east-end-340g","status":"publish","type":"product","link":"https:\/\/pipraveski.ee\/en\/product\/mango-chutney-sweet-east-end-340g\/","title":{"rendered":"Mango chutney sweet, East End, 340g"},"content":{"rendered":"<p>An authentic Indian chutney made with specially selected mangoes and highly aromatic spices.<br \/>\nTraditionally served as a sauce for naan bread and popcorn or as a side dish to curries.<br \/>\nSuggestions for use: use Mango Chutney with rice dishes or as a dipping sauce with naan or papadum.<\/p>\n<p>Koostisosad: Suhkrusiirup, mangod 45%, sool, ingveripulber, t\u0161illipulber, k\u00fc\u00fcslaugupulber, \u00e4\u00e4dikhape.<br \/>\nAllergens: May contain traces of nuts, peanuts, milk, mustard, celery and egg.<br \/>\nStorage: keep in a dry and cool place, out of sunlight. After opening, consume within 2 months.<\/p>\n<p>Nutrition information per 100 g<br \/>\nEnergiasisaldus 983 kJ \/ 232 kcal<br \/>\nRasv 1.3 g<br \/>\nmillest k\u00fcllastunud rasvhappeid 0,8 g<br \/>\nS\u00fcsivesikud 45,0 g<br \/>\nmillest suhkrud 47,0 g<br \/>\nKiudaineid 1,7 g<br \/>\nValk 0,2 g<br \/>\nSalt 1,8 g<\/p>","protected":false},"excerpt":{"rendered":"<p>Ehtne India chutney, mis on valmistatud spetsiaalselt valitud mangodest ja v\u00e4ga aromaatsetest v\u00fcrtsidest. Traditsiooniliselt serveeritakse naanileiva ja poppadumi kastmena v\u00f5i karriroa lisandina. Kasutussoovitused: Kasutage Mango Chutneyt koos riisiroogadega v\u00f5i dipikastmena naani v\u00f5i pappadumiga. Koostisosad: Suhkrusiirup, mangod 45%, sool, ingveripulber, t\u0161illipulber, k\u00fc\u00fcslaugupulber, \u00e4\u00e4dikhape. Allergeenid: V\u00f5ib sisaldada p\u00e4hklite, maap\u00e4hklite, piima, sinepi, selleri ja muna j\u00e4lgi. Hoiustamine: Hoida [&hellip;]<\/p>\n","protected":false},"featured_media":5672,"template":"","meta":[],"product_brand":[],"product_cat":[15],"product_tag":[],"class_list":{"0":"post-5673","1":"product","2":"type-product","3":"status-publish","4":"has-post-thumbnail","6":"product_cat-maaramata","8":"first","9":"instock","10":"taxable","11":"shipping-taxable","12":"purchasable","13":"product-type-simple"},"_links":{"self":[{"href":"https:\/\/pipraveski.ee\/en\/wp-json\/wp\/v2\/product\/5673","targetHints":{"allow":["GET"]}}],"collection":[{"href":"https:\/\/pipraveski.ee\/en\/wp-json\/wp\/v2\/product"}],"about":[{"href":"https:\/\/pipraveski.ee\/en\/wp-json\/wp\/v2\/types\/product"}],"wp:featuredmedia":[{"embeddable":true,"href":"https:\/\/pipraveski.ee\/en\/wp-json\/wp\/v2\/media\/5672"}],"wp:attachment":[{"href":"https:\/\/pipraveski.ee\/en\/wp-json\/wp\/v2\/media?parent=5673"}],"wp:term":[{"taxonomy":"product_brand","embeddable":true,"href":"https:\/\/pipraveski.ee\/en\/wp-json\/wp\/v2\/product_brand?post=5673"},{"taxonomy":"product_cat","embeddable":true,"href":"https:\/\/pipraveski.ee\/en\/wp-json\/wp\/v2\/product_cat?post=5673"},{"taxonomy":"product_tag","embeddable":true,"href":"https:\/\/pipraveski.ee\/en\/wp-json\/wp\/v2\/product_tag?post=5673"}],"curies":[{"name":"wp","href":"https:\/\/api.w.org\/{rel}","templated":true}]}}