{"id":567,"date":"2025-10-22T19:02:40","date_gmt":"2025-10-22T16:02:40","guid":{"rendered":"https:\/\/pipraveski.ee\/?post_type=product&#038;p=567"},"modified":"2026-04-17T11:32:51","modified_gmt":"2026-04-17T08:32:51","slug":"kalasnakk-tsilliga-taro-52g","status":"publish","type":"product","link":"https:\/\/pipraveski.ee\/en\/product\/kalasnakk-tsilliga-taro-52g\/","title":{"rendered":"Fish snack with chilli, TARO 52g"},"content":{"rendered":"<p>Koostisosad: KALA (Saurida spp.) 62% (sisaldab muna ja E450, E451),suhkur, tapikoi t\u00e4rklis (sisaldab v\u00e4\u00e4veldioksiidi), E420, NISUjahu, sool (E536), SOJAkaste ( vesi, SOJAuba, NISUjahu, sool, suhkur), maitseaine pulber (E621, E508E551, E262, kartulit\u00e4rklis, maisit\u00e4rklis) E627, E631, E414, Grillmaitseaine, (LAKTOOS, piim) , suhkur, SINEPIseemned, kookos, taimeproteiin, (SOJA, mais) sool, shallotsibulapulber, E341, paprikaekstrakt, E160c, maitseained, E150c, t\u00e4rklis, E551, t\u0161illi 0,25%, E621, E635, t\u0161illiekstract 0,02%<\/p>\n<p>Nutrition information per 100g:<br \/>\nEnergiasisaldus 1315KJ\/310kcal<br \/>\nFats 0,5g<br \/>\nof which saturated fatty acids 0,2g<br \/>\nS\u00fcsivesikud 52g<br \/>\nmillest suhkrud 26g<br \/>\nFibre 1,5g<br \/>\nProtein 23g<br \/>\nSalt 6,6g<\/p>","protected":false},"excerpt":{"rendered":"<p>v\u00fcrtsikad kalasn\u00e4kid<\/p>","protected":false},"featured_media":597,"template":"","meta":[],"product_brand":[],"product_cat":[324],"product_tag":[],"class_list":{"0":"post-567","1":"product","2":"type-product","3":"status-publish","4":"has-post-thumbnail","6":"product_cat-maiustused-snakid","8":"first","9":"outofstock","10":"taxable","11":"shipping-taxable","12":"purchasable","13":"product-type-simple"},"_links":{"self":[{"href":"https:\/\/pipraveski.ee\/en\/wp-json\/wp\/v2\/product\/567","targetHints":{"allow":["GET"]}}],"collection":[{"href":"https:\/\/pipraveski.ee\/en\/wp-json\/wp\/v2\/product"}],"about":[{"href":"https:\/\/pipraveski.ee\/en\/wp-json\/wp\/v2\/types\/product"}],"wp:featuredmedia":[{"embeddable":true,"href":"https:\/\/pipraveski.ee\/en\/wp-json\/wp\/v2\/media\/597"}],"wp:attachment":[{"href":"https:\/\/pipraveski.ee\/en\/wp-json\/wp\/v2\/media?parent=567"}],"wp:term":[{"taxonomy":"product_brand","embeddable":true,"href":"https:\/\/pipraveski.ee\/en\/wp-json\/wp\/v2\/product_brand?post=567"},{"taxonomy":"product_cat","embeddable":true,"href":"https:\/\/pipraveski.ee\/en\/wp-json\/wp\/v2\/product_cat?post=567"},{"taxonomy":"product_tag","embeddable":true,"href":"https:\/\/pipraveski.ee\/en\/wp-json\/wp\/v2\/product_tag?post=567"}],"curies":[{"name":"wp","href":"https:\/\/api.w.org\/{rel}","templated":true}]}}