{"id":5640,"date":"2026-02-27T11:25:08","date_gmt":"2026-02-27T09:25:08","guid":{"rendered":"https:\/\/pipraveski.ee\/toode\/kaste-suss-saure-hela-800ml\/"},"modified":"2026-04-17T11:32:33","modified_gmt":"2026-04-17T08:32:33","slug":"kaste-suss-saure-hela-800ml","status":"publish","type":"product","link":"https:\/\/pipraveski.ee\/en\/product\/kaste-suss-saure-hela-800ml\/","title":{"rendered":"Kaste, S\u00fcss Saure, HELA, 800ml"},"content":{"rendered":"<p>Kastme v\u00f5i dipikastmena, riisi, vokiroogade, kevadrullide ja krevettide jaoks.<br \/>\nIdeaalne kaste Aasia k\u00f6\u00f6gi aluseks. Lase end \u00fcllatada magusa ja hapu aroomiga. Ideaalne kevadrullide, krevettide ja teiste koorikloomade ning igasuguste riisi ja woki roogadega.<br \/>\nKoostisosad:&nbsp;Joogivesi, suhkur, piirituse\u00e4\u00e4dikas, dekstroos, paprika, modifitseeritud t\u00e4rklis, paksendaja (guar-kumm), maitsetugevdaja (mononaatriumglutamaat), v\u00fcrtsid (sisaldab sinepit), \u00f5unamahla kontsentraat, hape (sidrunhape), maitseained.<br \/>\nIlma s\u00e4ilitusaineteta, vegan.<\/p>\n<p><strong>Allergens:<\/strong> Sinep<\/p>\n<p>Nutrition information per 100g<br \/>\nEnergisisaldus 680 kJ \/ 160 kcal<br \/>\nRasv 0,4 g<br \/>\nmillest k\u00fcllastunud rasvhapped 0,1 g<br \/>\nS\u00fcsivesikud 37,4 g<br \/>\nmillest suhkrud 35,6 g<br \/>\nValgud 0,7 g<br \/>\nSool 0,2 g<\/p>","protected":false},"excerpt":{"rendered":"<p>Ideaalne kaste teie j\u00e4rgmiseks Aasia elamuseks. Harmooniline segu magushapudest maitsetest karri noodiga.<\/p>","protected":false},"featured_media":5639,"template":"","meta":[],"product_brand":[],"product_cat":[15],"product_tag":[],"class_list":{"0":"post-5640","1":"product","2":"type-product","3":"status-publish","4":"has-post-thumbnail","6":"product_cat-maaramata","8":"first","9":"instock","10":"taxable","11":"shipping-taxable","12":"purchasable","13":"product-type-simple"},"_links":{"self":[{"href":"https:\/\/pipraveski.ee\/en\/wp-json\/wp\/v2\/product\/5640","targetHints":{"allow":["GET"]}}],"collection":[{"href":"https:\/\/pipraveski.ee\/en\/wp-json\/wp\/v2\/product"}],"about":[{"href":"https:\/\/pipraveski.ee\/en\/wp-json\/wp\/v2\/types\/product"}],"wp:featuredmedia":[{"embeddable":true,"href":"https:\/\/pipraveski.ee\/en\/wp-json\/wp\/v2\/media\/5639"}],"wp:attachment":[{"href":"https:\/\/pipraveski.ee\/en\/wp-json\/wp\/v2\/media?parent=5640"}],"wp:term":[{"taxonomy":"product_brand","embeddable":true,"href":"https:\/\/pipraveski.ee\/en\/wp-json\/wp\/v2\/product_brand?post=5640"},{"taxonomy":"product_cat","embeddable":true,"href":"https:\/\/pipraveski.ee\/en\/wp-json\/wp\/v2\/product_cat?post=5640"},{"taxonomy":"product_tag","embeddable":true,"href":"https:\/\/pipraveski.ee\/en\/wp-json\/wp\/v2\/product_tag?post=5640"}],"curies":[{"name":"wp","href":"https:\/\/api.w.org\/{rel}","templated":true}]}}