{"id":5637,"date":"2026-02-27T10:45:39","date_gmt":"2026-02-27T08:45:39","guid":{"rendered":"https:\/\/pipraveski.ee\/toode\/kaste-pizza-pasta-hela-800ml\/"},"modified":"2026-04-17T11:33:07","modified_gmt":"2026-04-17T08:33:07","slug":"kaste-pizza-pasta-hela-800ml","status":"publish","type":"product","link":"https:\/\/pipraveski.ee\/en\/product\/kaste-pizza-pasta-hela-800ml\/","title":{"rendered":"Kaste, Pizza Pasta, HELA, 800ml"},"content":{"rendered":"<p><span style=\"font-size:14px\"><span style=\"font-size:16px\">Meie trendikas kaste toob igasse k\u00f6\u00f6ki v\u00e4rske \u00f5hu \u2013 ideaalne toidus\u00f5pradele, kes hindavad kiirust ja lihtsust. Saadaval mugavas 800 ml pigistatavas pudelis.<\/span><\/p>\n<p>\u2022 Sobib ideaalselt Vahemere roogadega<br \/>\n\u2022 Ideaalne pitsa, pasta v\u00f5i loominguliste kombinatsioonide jaoks<br \/>\n\u2022 Kuumuskindel kuni 300 \u00b0C<br \/>\n\u2022 V\u00f5ib kasutada nii kuumalt kui ka k\u00fclmalt.<\/p>\n<p><strong>Ingredients:<\/strong>Tomativalmistamine (joogivesi, tomatipasta 3,5%, piirituse\u00e4\u00e4dikas, tomatipulber 1%), suhkur, fruktoos, modifitseeritud t\u00e4rklis, v\u00fcrtsid (sisaldab sinepit), lauasool, paksendaja (E412 guarkummi), \u00fcrdid, karamelliseeritud suhkrusiirup, maitsetugevdaja (E621 naatriumglutamaat), happesuse regulaator (E330 sidrunhape).&nbsp;<\/span><br \/>\nIlma s\u00e4ilitusaineteta, vegan.<\/p>\n<p><span style=\"font-size:14px\"><strong>Allergens:<\/strong> SINEPipulber. V\u00f5ib sisaldada SELLERit.<\/p>\n<p>Toitumisalane teave 100 gkohta&nbsp;<br \/>\nEnergiasisaldus 420 kJ \/ 99 kcal<br \/>\nRasv 0,3 g<br \/>\nmillest k\u00fcllastunud rasvhappeid 0,0 g<br \/>\nS\u00fcsivesikud 22,2 g<br \/>\nmillest suhkrud 18,9 g<br \/>\nValgud 1,0 g<br \/>\nSool 1,9 g<br \/>\nKiudained 1,2 g<\/span><\/p>","protected":false},"excerpt":{"rendered":"<p>Meie trendikas kaste toob igasse k\u00f6\u00f6ki v\u00e4rske \u00f5hu \u2013 ideaalne toidus\u00f5pradele, kes hindavad kiirust ja lihtsust. Saadaval mugavas 800 ml pigistatavas pudelis. \u2022 Sobib ideaalselt Vahemere roogadega \u2022 Ideaalne pitsa, pasta v\u00f5i loominguliste kombinatsioonide jaoks \u2022 Kuumuskindel kuni 300 \u00b0C \u2022 V\u00f5ib kasutada nii kuumalt kui ka k\u00fclmalt. Koostisosad:Tomativalmistamine (joogivesi, tomatipasta 3,5%, piirituse\u00e4\u00e4dikas, tomatipulber 1%), [&hellip;]<\/p>\n","protected":false},"featured_media":5636,"template":"","meta":[],"product_brand":[],"product_cat":[15],"product_tag":[],"class_list":{"0":"post-5637","1":"product","2":"type-product","3":"status-publish","4":"has-post-thumbnail","6":"product_cat-maaramata","8":"first","9":"instock","10":"taxable","11":"shipping-taxable","12":"purchasable","13":"product-type-simple"},"_links":{"self":[{"href":"https:\/\/pipraveski.ee\/en\/wp-json\/wp\/v2\/product\/5637","targetHints":{"allow":["GET"]}}],"collection":[{"href":"https:\/\/pipraveski.ee\/en\/wp-json\/wp\/v2\/product"}],"about":[{"href":"https:\/\/pipraveski.ee\/en\/wp-json\/wp\/v2\/types\/product"}],"wp:featuredmedia":[{"embeddable":true,"href":"https:\/\/pipraveski.ee\/en\/wp-json\/wp\/v2\/media\/5636"}],"wp:attachment":[{"href":"https:\/\/pipraveski.ee\/en\/wp-json\/wp\/v2\/media?parent=5637"}],"wp:term":[{"taxonomy":"product_brand","embeddable":true,"href":"https:\/\/pipraveski.ee\/en\/wp-json\/wp\/v2\/product_brand?post=5637"},{"taxonomy":"product_cat","embeddable":true,"href":"https:\/\/pipraveski.ee\/en\/wp-json\/wp\/v2\/product_cat?post=5637"},{"taxonomy":"product_tag","embeddable":true,"href":"https:\/\/pipraveski.ee\/en\/wp-json\/wp\/v2\/product_tag?post=5637"}],"curies":[{"name":"wp","href":"https:\/\/api.w.org\/{rel}","templated":true}]}}