{"id":5635,"date":"2026-02-27T10:45:38","date_gmt":"2026-02-27T08:45:38","guid":{"rendered":"https:\/\/pipraveski.ee\/toode\/kaste-currywurst-vurtsikas-hela-800ml\/"},"modified":"2026-04-17T11:33:24","modified_gmt":"2026-04-17T08:33:24","slug":"kaste-currywurst-vurtsikas-hela-800ml","status":"publish","type":"product","link":"https:\/\/pipraveski.ee\/en\/product\/kaste-currywurst-vurtsikas-hela-800ml\/","title":{"rendered":"Kaste, Currywurst, v\u00fcrtsikas, HELA, 800ml"},"content":{"rendered":"<p>\u00d5rna, puuviljase, v\u00fcrtsika ja just \u00f5ige karrinoodiga saab igast karrivorstist t\u00f5eline nauding.<br \/>\nKastme v\u00f5i ket\u0161upina, karrivorsti, grillitud liha ja friikartulitele.<\/p>\n<p>Koostisosad:Tomatipasta 36%, joogivesi, suhkur, \u00f5unap\u00fcree, piirituse\u00e4\u00e4dikas, modifitseeritud maisit\u00e4rklis, karri (1,5%), lauasool, Paksendaja: (guarkummi, jaanileivapuujahu).<br \/>\n<strong>Allergens:<\/strong> V\u00f5ib sisaldada maap\u00e4hkleid, gluteeni, nisu, seesamiseemneid, sojaubasid, p\u00e4hkleid, sojaubasid ja sinepit.<\/p>\n<p>Nutrition information per 100g<br \/>\nEnergiasisaldus 437 kJ \/ 103 kcal<br \/>\nRasvad: 0,5 g<br \/>\nmillest K\u00fcllastunud rasvhapped: 0,1 g<br \/>\nS\u00fcsivesikud : 21,5 g<br \/>\nmillest Suhkrud : 17,9 g<br \/>\nValgud: 1,6 g<br \/>\nSool: 0,8 g<\/p>","protected":false},"excerpt":{"rendered":"<p>\u00d5rn, puuviljane v\u00fcrtsikus.<br \/>\nS\u00e4ilitusaineteta.<\/p>","protected":false},"featured_media":5634,"template":"","meta":[],"product_brand":[],"product_cat":[15],"product_tag":[],"class_list":{"0":"post-5635","1":"product","2":"type-product","3":"status-publish","4":"has-post-thumbnail","6":"product_cat-maaramata","8":"first","9":"outofstock","10":"taxable","11":"shipping-taxable","12":"purchasable","13":"product-type-simple"},"_links":{"self":[{"href":"https:\/\/pipraveski.ee\/en\/wp-json\/wp\/v2\/product\/5635","targetHints":{"allow":["GET"]}}],"collection":[{"href":"https:\/\/pipraveski.ee\/en\/wp-json\/wp\/v2\/product"}],"about":[{"href":"https:\/\/pipraveski.ee\/en\/wp-json\/wp\/v2\/types\/product"}],"wp:featuredmedia":[{"embeddable":true,"href":"https:\/\/pipraveski.ee\/en\/wp-json\/wp\/v2\/media\/5634"}],"wp:attachment":[{"href":"https:\/\/pipraveski.ee\/en\/wp-json\/wp\/v2\/media?parent=5635"}],"wp:term":[{"taxonomy":"product_brand","embeddable":true,"href":"https:\/\/pipraveski.ee\/en\/wp-json\/wp\/v2\/product_brand?post=5635"},{"taxonomy":"product_cat","embeddable":true,"href":"https:\/\/pipraveski.ee\/en\/wp-json\/wp\/v2\/product_cat?post=5635"},{"taxonomy":"product_tag","embeddable":true,"href":"https:\/\/pipraveski.ee\/en\/wp-json\/wp\/v2\/product_tag?post=5635"}],"curies":[{"name":"wp","href":"https:\/\/api.w.org\/{rel}","templated":true}]}}