{"id":5633,"date":"2026-02-27T09:45:38","date_gmt":"2026-02-27T07:45:38","guid":{"rendered":"https:\/\/pipraveski.ee\/toode\/sidrunhape-east-end-400g\/"},"modified":"2026-04-17T11:33:08","modified_gmt":"2026-04-17T08:33:08","slug":"sidrunhape-east-end-400g","status":"publish","type":"product","link":"https:\/\/pipraveski.ee\/en\/product\/sidrunhape-east-end-400g\/","title":{"rendered":"Sidrunhape, East End, 400g"},"content":{"rendered":"<p><span style=\"font-size:12px\">Sidrunhapet kasutatakse paljudes valdkondades, sealhulgas toidu- ja joogit\u00f6\u00f6stuses. Sidrunhape on n\u00f5rk karboks\u00fc\u00fclhape ja looduslikult esinev puuviljahape. See on oma laia kasutusala t\u00f5ttu k\u00f5igis t\u00f6\u00f6stusharudes k\u00f5ige laialdasemalt kasutatav orgaaniline hapendaja.<br \/>\nSidrunhapet kasutatakse toiduvalmistamisel v\u00e4rvide, maitsete, aroomide ja vitamiinide stabiliseerimiseks. See toimib ka paljude toitude ja jookide s\u00e4ilitusainena.<br \/>\nUse: Calculate 0.5-1.5 teaspoons of citric acid per kg of product. Dissolve the powder beforehand in a little hot water, juice or stock. Then mix the solution into the rest of the juice or stock.<\/span><\/p>\n<p><span style=\"font-size:12px\"><strong>Allergens:<\/strong>&nbsp;V\u00f5ib sisaldada maap\u00e4hkleid, gluteeni, nisu, seesamiseemneid, sojauba, p\u00e4hkleid, sojauba ja sinepit.<\/span><\/p>","protected":false},"excerpt":{"rendered":"<p>Sidrunhapet kasutatakse paljudes valdkondades, sealhulgas toidu- ja joogit\u00f6\u00f6stuses. Sidrunhape on n\u00f5rk karboks\u00fc\u00fclhape ja looduslikult esinev puuviljahape. See on oma laia kasutusala t\u00f5ttu k\u00f5igis t\u00f6\u00f6stusharudes k\u00f5ige laialdasemalt kasutatav orgaaniline hapendaja. Sidrunhapet kasutatakse toiduvalmistamisel v\u00e4rvide, maitsete, aroomide ja vitamiinide stabiliseerimiseks. See toimib ka paljude toitude ja jookide s\u00e4ilitusainena. Kasutamine: Arvestage 0,5\u20131,5 teelusikat\u00e4it sidrunhapet \u00fche kg toote kohta. [&hellip;]<\/p>\n","protected":false},"featured_media":5632,"template":"","meta":[],"product_brand":[],"product_cat":[15],"product_tag":[],"class_list":{"0":"post-5633","1":"product","2":"type-product","3":"status-publish","4":"has-post-thumbnail","6":"product_cat-maaramata","8":"first","9":"instock","10":"taxable","11":"shipping-taxable","12":"purchasable","13":"product-type-simple"},"_links":{"self":[{"href":"https:\/\/pipraveski.ee\/en\/wp-json\/wp\/v2\/product\/5633","targetHints":{"allow":["GET"]}}],"collection":[{"href":"https:\/\/pipraveski.ee\/en\/wp-json\/wp\/v2\/product"}],"about":[{"href":"https:\/\/pipraveski.ee\/en\/wp-json\/wp\/v2\/types\/product"}],"wp:featuredmedia":[{"embeddable":true,"href":"https:\/\/pipraveski.ee\/en\/wp-json\/wp\/v2\/media\/5632"}],"wp:attachment":[{"href":"https:\/\/pipraveski.ee\/en\/wp-json\/wp\/v2\/media?parent=5633"}],"wp:term":[{"taxonomy":"product_brand","embeddable":true,"href":"https:\/\/pipraveski.ee\/en\/wp-json\/wp\/v2\/product_brand?post=5633"},{"taxonomy":"product_cat","embeddable":true,"href":"https:\/\/pipraveski.ee\/en\/wp-json\/wp\/v2\/product_cat?post=5633"},{"taxonomy":"product_tag","embeddable":true,"href":"https:\/\/pipraveski.ee\/en\/wp-json\/wp\/v2\/product_tag?post=5633"}],"curies":[{"name":"wp","href":"https:\/\/api.w.org\/{rel}","templated":true}]}}