{"id":5631,"date":"2026-02-26T16:30:38","date_gmt":"2026-02-26T14:30:38","guid":{"rendered":"https:\/\/pipraveski.ee\/toode\/moong-dall-washed-east-end-500g\/"},"modified":"2026-04-17T11:32:34","modified_gmt":"2026-04-17T08:32:34","slug":"moong-dall-washed-east-end-500g","status":"publish","type":"product","link":"https:\/\/pipraveski.ee\/en\/product\/moong-dall-washed-east-end-500g\/","title":{"rendered":"Moong Dall Washed, East End, 500g"},"content":{"rendered":"<p>Moong dal on pestud ja poolitatud moong oad (nimetatakse ka roheliseks grammiks). East Endist p\u00e4rit moong dal on parim. Seda t\u00f6\u00f6deldakse ja pestakse viisil, mis teeb selle valmistamise lihtsamaks. Moong dal on India subkontinendi k\u00f6\u00f6kides v\u00e4ga populaarne. L\u00f5una-Aasias on palju retsepte, kus mung dali kasutatakse p\u00f5hikomponendina v\u00f5i olulise koostisosana.<\/p>\n<p>Kasutamine:&nbsp;Pese moong dal puhta veega ja hoia seda v\u00e4hemalt pool tundi v\u00e4rskes vees. V\u00f5ta leotatud moong dal veest v\u00e4lja ja keeda v\u00e4rske veega potis. Kui vesi keeb, keeda veel v\u00e4hemalt 20 minutit. Hauta pool tundi ja ongi valmis.<\/p>\n<p>Koostisosad:Moong Dall pestud.<br \/>\n<strong>Allergens:<\/strong> V\u00f5ib sisaldada maap\u00e4hkleid, p\u00e4hkleid, seesamiseemneid, gluteeni, nisu, piimapulbrit, soja ja sinepit<\/p>\n<p>Nutrition information per 100g<br \/>\nEnergiasisaldus 1382 kJ\/326 kcal<br \/>\nRasvad 0,4 g<br \/>\nValgud 24,3 g<br \/>\nSalt 0 g<\/p>","protected":false},"excerpt":{"rendered":"<p>Poolitatud Moong oad ilma kestadeta.<\/p>","protected":false},"featured_media":5630,"template":"","meta":[],"product_brand":[],"product_cat":[15],"product_tag":[],"class_list":{"0":"post-5631","1":"product","2":"type-product","3":"status-publish","4":"has-post-thumbnail","6":"product_cat-maaramata","8":"first","9":"instock","10":"taxable","11":"shipping-taxable","12":"purchasable","13":"product-type-simple"},"_links":{"self":[{"href":"https:\/\/pipraveski.ee\/en\/wp-json\/wp\/v2\/product\/5631","targetHints":{"allow":["GET"]}}],"collection":[{"href":"https:\/\/pipraveski.ee\/en\/wp-json\/wp\/v2\/product"}],"about":[{"href":"https:\/\/pipraveski.ee\/en\/wp-json\/wp\/v2\/types\/product"}],"wp:featuredmedia":[{"embeddable":true,"href":"https:\/\/pipraveski.ee\/en\/wp-json\/wp\/v2\/media\/5630"}],"wp:attachment":[{"href":"https:\/\/pipraveski.ee\/en\/wp-json\/wp\/v2\/media?parent=5631"}],"wp:term":[{"taxonomy":"product_brand","embeddable":true,"href":"https:\/\/pipraveski.ee\/en\/wp-json\/wp\/v2\/product_brand?post=5631"},{"taxonomy":"product_cat","embeddable":true,"href":"https:\/\/pipraveski.ee\/en\/wp-json\/wp\/v2\/product_cat?post=5631"},{"taxonomy":"product_tag","embeddable":true,"href":"https:\/\/pipraveski.ee\/en\/wp-json\/wp\/v2\/product_tag?post=5631"}],"curies":[{"name":"wp","href":"https:\/\/api.w.org\/{rel}","templated":true}]}}