{"id":5629,"date":"2026-02-26T16:15:42","date_gmt":"2026-02-26T14:15:42","guid":{"rendered":"https:\/\/pipraveski.ee\/toode\/chana-dall-east-end-500g\/"},"modified":"2026-04-17T11:32:50","modified_gmt":"2026-04-17T08:32:50","slug":"chana-dall-east-end-500g","status":"publish","type":"product","link":"https:\/\/pipraveski.ee\/en\/product\/chana-dall-east-end-500g\/","title":{"rendered":"Chana Dall, East End, 500g"},"content":{"rendered":"<p>Chana dali nimetatakse kikerhernel\u00e4\u00e4tsedeks ehk inglise keeles kollaseks grammiks. Kikerherne v\u00e4limised kihid eemaldatakse, et paljastada kollased grammid ehk dal. See toode t\u00fckeldatakse edasi, et saada chana dal ehk poolitatud kollane gramm. K\u00f5rge valgusisaldusega chana dal on v\u00e4ga tervislik toit karri kujul s\u00f6\u00f6miseks koos erinevate India leivaroogadega. Neid kasutatakse vada, dhokla, pappadomi jne valmistamiseks.<\/p>\n<p>Koostisosad: kikerherned.<br \/>\n<strong>Allergens:<\/strong>&nbsp;V\u00f5ib sisaldada maap\u00e4hkleid, p\u00e4hkleid, seesamiseemneid, gluteeni, nisu, piimapulbrit, soja ja sinepit.<\/p>\n<p>Nutrition information per 100 g<br \/>\nEnergiasisaldus 1465 kJ\/347 kcal<br \/>\nRasvad 2,6 g<br \/>\nValgud 22,8 g<br \/>\nSool 0,08 g<\/p>","protected":false},"excerpt":{"rendered":"<p>Chna dal on paljude India suupistete ja muude toiduainete peamine koostisosa.<\/p>","protected":false},"featured_media":5628,"template":"","meta":[],"product_brand":[],"product_cat":[15],"product_tag":[],"class_list":{"0":"post-5629","1":"product","2":"type-product","3":"status-publish","4":"has-post-thumbnail","6":"product_cat-maaramata","8":"first","9":"instock","10":"taxable","11":"shipping-taxable","12":"purchasable","13":"product-type-simple"},"_links":{"self":[{"href":"https:\/\/pipraveski.ee\/en\/wp-json\/wp\/v2\/product\/5629","targetHints":{"allow":["GET"]}}],"collection":[{"href":"https:\/\/pipraveski.ee\/en\/wp-json\/wp\/v2\/product"}],"about":[{"href":"https:\/\/pipraveski.ee\/en\/wp-json\/wp\/v2\/types\/product"}],"wp:featuredmedia":[{"embeddable":true,"href":"https:\/\/pipraveski.ee\/en\/wp-json\/wp\/v2\/media\/5628"}],"wp:attachment":[{"href":"https:\/\/pipraveski.ee\/en\/wp-json\/wp\/v2\/media?parent=5629"}],"wp:term":[{"taxonomy":"product_brand","embeddable":true,"href":"https:\/\/pipraveski.ee\/en\/wp-json\/wp\/v2\/product_brand?post=5629"},{"taxonomy":"product_cat","embeddable":true,"href":"https:\/\/pipraveski.ee\/en\/wp-json\/wp\/v2\/product_cat?post=5629"},{"taxonomy":"product_tag","embeddable":true,"href":"https:\/\/pipraveski.ee\/en\/wp-json\/wp\/v2\/product_tag?post=5629"}],"curies":[{"name":"wp","href":"https:\/\/api.w.org\/{rel}","templated":true}]}}