{"id":5626,"date":"2026-02-26T15:30:39","date_gmt":"2026-02-26T13:30:39","guid":{"rendered":"https:\/\/pipraveski.ee\/toode\/iirisevesi-east-end-190ml\/"},"modified":"2026-04-17T11:32:43","modified_gmt":"2026-04-17T08:32:43","slug":"iirisevesi-east-end-190ml","status":"publish","type":"product","link":"https:\/\/pipraveski.ee\/en\/product\/iirisevesi-east-end-190ml\/","title":{"rendered":"Kewra vesi, (Iirisevesi), East End, 190ml"},"content":{"rendered":"<p>East End Kewra vesi on toode, mis on valmistatud pandanuse \u00f5ite destilleeritud essentsist. Seda kasutatakse tavaliselt India ja Kagu-Aasia k\u00f6\u00f6gis oma magusa, lillelise aroomi ja ainulaadse maitse t\u00f5ttu. Kasutatakse biryanites ja pulaodes aroomi v\u00f5imendamiseks. Loodusliku ekstraktina pakub see alternatiivi kunstlikele l\u00f5hna- ja maitseainetele.<br \/>\n&nbsp;Kewra vett kasutatakse P\u00f5hja-India k\u00f6\u00f6gis laialdaselt maitse ja k\u00f6itva aroomi lisamiseks.<\/p>\n<p>Koostisosad: vesi, Kewra ekstrakt.<\/p>\n<p>&nbsp;<\/p>","protected":false},"excerpt":{"rendered":"<p>East End Kewra vesi on toode, mis on valmistatud pandanuse \u00f5ite destilleeritud essentsist. Seda kasutatakse tavaliselt India ja Kagu-Aasia k\u00f6\u00f6gis oma magusa, lillelise aroomi ja ainulaadse maitse t\u00f5ttu. Kasutatakse biryanites ja pulaodes aroomi v\u00f5imendamiseks. Loodusliku ekstraktina pakub see alternatiivi kunstlikele l\u00f5hna- ja maitseainetele. &nbsp;Kewra vett kasutatakse P\u00f5hja-India k\u00f6\u00f6gis laialdaselt maitse ja k\u00f6itva aroomi lisamiseks. Koostisosad: [&hellip;]<\/p>\n","protected":false},"featured_media":5625,"template":"","meta":[],"product_brand":[],"product_cat":[15],"product_tag":[],"class_list":{"0":"post-5626","1":"product","2":"type-product","3":"status-publish","4":"has-post-thumbnail","6":"product_cat-maaramata","8":"first","9":"instock","10":"taxable","11":"shipping-taxable","12":"purchasable","13":"product-type-simple"},"_links":{"self":[{"href":"https:\/\/pipraveski.ee\/en\/wp-json\/wp\/v2\/product\/5626","targetHints":{"allow":["GET"]}}],"collection":[{"href":"https:\/\/pipraveski.ee\/en\/wp-json\/wp\/v2\/product"}],"about":[{"href":"https:\/\/pipraveski.ee\/en\/wp-json\/wp\/v2\/types\/product"}],"wp:featuredmedia":[{"embeddable":true,"href":"https:\/\/pipraveski.ee\/en\/wp-json\/wp\/v2\/media\/5625"}],"wp:attachment":[{"href":"https:\/\/pipraveski.ee\/en\/wp-json\/wp\/v2\/media?parent=5626"}],"wp:term":[{"taxonomy":"product_brand","embeddable":true,"href":"https:\/\/pipraveski.ee\/en\/wp-json\/wp\/v2\/product_brand?post=5626"},{"taxonomy":"product_cat","embeddable":true,"href":"https:\/\/pipraveski.ee\/en\/wp-json\/wp\/v2\/product_cat?post=5626"},{"taxonomy":"product_tag","embeddable":true,"href":"https:\/\/pipraveski.ee\/en\/wp-json\/wp\/v2\/product_tag?post=5626"}],"curies":[{"name":"wp","href":"https:\/\/api.w.org\/{rel}","templated":true}]}}