{"id":5621,"date":"2026-02-26T12:30:42","date_gmt":"2026-02-26T10:30:42","guid":{"rendered":"https:\/\/pipraveski.ee\/toode\/berbere-vurtsisegu-35g\/"},"modified":"2026-04-17T11:31:41","modified_gmt":"2026-04-17T08:31:41","slug":"berbere-vurtsisegu-35g","status":"publish","type":"product","link":"https:\/\/pipraveski.ee\/en\/product\/berbere-vurtsisegu-35g\/","title":{"rendered":"Berbere v\u00fcrtsisegu, 35g"},"content":{"rendered":"<p>Berbere on v\u00fcrtsikas v\u00fcrtsisegu, millel on oluline roll Etioopia ja Eritrea k\u00f6\u00f6gis.<\/p>\n<p>Cayenne&#8217;i t\u0161illi v\u00fcrtsikuse, pipra ja eksootiliste v\u00fcrtside, n\u00e4iteks kardemoni, pimenti, nelgi ja k\u00f6\u00f6mnete tasakaalustatud kombinatsiooni kasutatakse traditsiooniliselt lamba- ja linnuliha maitsestamiseks.<\/p>\n<p>See sobib ka suppide, hautiste, k\u00f6\u00f6giviljaroogade, kastmete ja pastade t\u00e4iustamiseks. Etioopias ei kasutata berberet ainult toiduvalmistamiseks. Seda saab segada ka vee ja veiniga, et valmistada v\u00fcrtsikat pastat nimega Awaze, mida kasutatakse maitseainena.<\/p>\n<p>Koostisosad: V\u00fcrtsid (pipar, ingver, piment, k\u00f6\u00f6mned, Cayenne&#8217;i pipar, koriander, lambal\u00e4\u00e4ts, muskaatp\u00e4hkel, nelk, kardemon), kivisool (iidne sool) 11%.<br \/>\n<strong>Teadaolevad allergeenid:<\/strong> V\u00f5ib sisaldada selleri ja sinepi j\u00e4lgi.<\/p>\n<p>S\u00e4ilitamine: V\u00fcrtsid kaotavad osa oma maitsest vale s\u00e4ilitamise t\u00f5ttu. V\u00fcrtse tuleks hoida jahedas, kuivas, pimedas ja \u00f5hukindlas kohas.<\/p>","protected":false},"excerpt":{"rendered":"<p>Berbere v\u00fcrtsikas v\u00fcrtsisegu sobib lamba- ja linnuliha, suppide, hautiste, k\u00f6\u00f6giviljaroogade, kastmete ja pastade t\u00e4iustamiseks maitsestamiseks.<\/p>","protected":false},"featured_media":5620,"template":"","meta":[],"product_brand":[],"product_cat":[15],"product_tag":[],"class_list":{"0":"post-5621","1":"product","2":"type-product","3":"status-publish","4":"has-post-thumbnail","6":"product_cat-maaramata","8":"first","9":"instock","10":"taxable","11":"shipping-taxable","12":"purchasable","13":"product-type-simple"},"_links":{"self":[{"href":"https:\/\/pipraveski.ee\/en\/wp-json\/wp\/v2\/product\/5621","targetHints":{"allow":["GET"]}}],"collection":[{"href":"https:\/\/pipraveski.ee\/en\/wp-json\/wp\/v2\/product"}],"about":[{"href":"https:\/\/pipraveski.ee\/en\/wp-json\/wp\/v2\/types\/product"}],"wp:featuredmedia":[{"embeddable":true,"href":"https:\/\/pipraveski.ee\/en\/wp-json\/wp\/v2\/media\/5620"}],"wp:attachment":[{"href":"https:\/\/pipraveski.ee\/en\/wp-json\/wp\/v2\/media?parent=5621"}],"wp:term":[{"taxonomy":"product_brand","embeddable":true,"href":"https:\/\/pipraveski.ee\/en\/wp-json\/wp\/v2\/product_brand?post=5621"},{"taxonomy":"product_cat","embeddable":true,"href":"https:\/\/pipraveski.ee\/en\/wp-json\/wp\/v2\/product_cat?post=5621"},{"taxonomy":"product_tag","embeddable":true,"href":"https:\/\/pipraveski.ee\/en\/wp-json\/wp\/v2\/product_tag?post=5621"}],"curies":[{"name":"wp","href":"https:\/\/api.w.org\/{rel}","templated":true}]}}