{"id":562,"date":"2025-10-22T19:02:40","date_gmt":"2025-10-22T16:02:40","guid":{"rendered":"https:\/\/pipraveski.ee\/?post_type=product&#038;p=562"},"modified":"2026-04-17T11:33:09","modified_gmt":"2026-04-17T08:33:09","slug":"piri-piri-vurtsisegu-150g","status":"publish","type":"product","link":"https:\/\/pipraveski.ee\/en\/product\/piri-piri-vurtsisegu-150g\/","title":{"rendered":"Piri-piri spice mix, 150g"},"content":{"rendered":"<p>Mahedamapoolsema maitsegasegu t\u0161illist ja \u00fcrtidest.<\/p>\n<p>Koostisosad: t\u0161illi, meresool (27%), k\u00fc\u00fcslauk, paprika, oregano.<br \/>\n<strong>Suuremat pakendit soovides ootame teie e-kirju aadressile myyk@pipraveski.ee<\/strong><\/p>\n<p>Nutrition information per 100g<br \/>\nEnergiasisaldus 269J\/64kcal<br \/>\nRasvad 10,1g<br \/>\n&nbsp;of which saturated fatty acids 0,4g<br \/>\ns\u00fcsivesikuid 11,3g<br \/>\nkiudaineid 3,7g<br \/>\nvalgud 8,6g<br \/>\nsoola 27,6g<br \/>\nnaatrium&nbsp; 11,0g<\/p>","protected":false},"excerpt":{"rendered":"<p>Mahedamapoolsema maitsegasegu t\u0161illist ja \u00fcrtidest.<\/p>","protected":false},"featured_media":592,"template":"","meta":[],"product_brand":[],"product_cat":[307],"product_tag":[],"class_list":{"0":"post-562","1":"product","2":"type-product","3":"status-publish","4":"has-post-thumbnail","6":"product_cat-maitseainesegud","8":"first","9":"instock","10":"taxable","11":"shipping-taxable","12":"purchasable","13":"product-type-simple"},"_links":{"self":[{"href":"https:\/\/pipraveski.ee\/en\/wp-json\/wp\/v2\/product\/562","targetHints":{"allow":["GET"]}}],"collection":[{"href":"https:\/\/pipraveski.ee\/en\/wp-json\/wp\/v2\/product"}],"about":[{"href":"https:\/\/pipraveski.ee\/en\/wp-json\/wp\/v2\/types\/product"}],"wp:featuredmedia":[{"embeddable":true,"href":"https:\/\/pipraveski.ee\/en\/wp-json\/wp\/v2\/media\/592"}],"wp:attachment":[{"href":"https:\/\/pipraveski.ee\/en\/wp-json\/wp\/v2\/media?parent=562"}],"wp:term":[{"taxonomy":"product_brand","embeddable":true,"href":"https:\/\/pipraveski.ee\/en\/wp-json\/wp\/v2\/product_brand?post=562"},{"taxonomy":"product_cat","embeddable":true,"href":"https:\/\/pipraveski.ee\/en\/wp-json\/wp\/v2\/product_cat?post=562"},{"taxonomy":"product_tag","embeddable":true,"href":"https:\/\/pipraveski.ee\/en\/wp-json\/wp\/v2\/product_tag?post=562"}],"curies":[{"name":"wp","href":"https:\/\/api.w.org\/{rel}","templated":true}]}}