{"id":5591,"date":"2026-02-23T10:15:27","date_gmt":"2026-02-23T08:15:27","guid":{"rendered":"https:\/\/pipraveski.ee\/toode\/mexico-hot-mix-hela-30g\/"},"modified":"2026-04-17T11:31:56","modified_gmt":"2026-04-17T08:31:56","slug":"mexico-hot-mix-hela-30g","status":"publish","type":"product","link":"https:\/\/pipraveski.ee\/en\/product\/mexico-hot-mix-hela-30g\/","title":{"rendered":"Mexico Hot Mix, HELA, 30g"},"content":{"rendered":"<p>A particularly spicy, Mexican-style spice blend for a wide variety of dishes: e.g. pasta, pizza, chilli con carne, ice cream and more.<\/p>\n<p>Koostisosad: sool (28%), t\u0161illi, k\u00fc\u00fcslauk, paprika, SELLER, happesuse regulaator: sidrunhape, porrulauk, v\u00fcrtsk\u00f6\u00f6mned, gl\u00fckoosisiirup.<\/p>","protected":false},"excerpt":{"rendered":"<p>Eriti terav mehhikop\u00e4rane v\u00fcrtsisegu paljudele erinevatele roogadele: nt pasta, pizza, chilli con carne, j\u00e4\u00e4tis jpm. Koostisosad: sool (28%), t\u0161illi, k\u00fc\u00fcslauk, paprika, SELLER, happesuse regulaator: sidrunhape, porrulauk, v\u00fcrtsk\u00f6\u00f6mned, gl\u00fckoosisiirup.<\/p>","protected":false},"featured_media":5927,"template":"","meta":[],"product_brand":[],"product_cat":[15],"product_tag":[],"class_list":{"0":"post-5591","1":"product","2":"type-product","3":"status-publish","4":"has-post-thumbnail","6":"product_cat-maaramata","8":"first","9":"instock","10":"taxable","11":"shipping-taxable","12":"purchasable","13":"product-type-simple"},"_links":{"self":[{"href":"https:\/\/pipraveski.ee\/en\/wp-json\/wp\/v2\/product\/5591","targetHints":{"allow":["GET"]}}],"collection":[{"href":"https:\/\/pipraveski.ee\/en\/wp-json\/wp\/v2\/product"}],"about":[{"href":"https:\/\/pipraveski.ee\/en\/wp-json\/wp\/v2\/types\/product"}],"wp:featuredmedia":[{"embeddable":true,"href":"https:\/\/pipraveski.ee\/en\/wp-json\/wp\/v2\/media\/5927"}],"wp:attachment":[{"href":"https:\/\/pipraveski.ee\/en\/wp-json\/wp\/v2\/media?parent=5591"}],"wp:term":[{"taxonomy":"product_brand","embeddable":true,"href":"https:\/\/pipraveski.ee\/en\/wp-json\/wp\/v2\/product_brand?post=5591"},{"taxonomy":"product_cat","embeddable":true,"href":"https:\/\/pipraveski.ee\/en\/wp-json\/wp\/v2\/product_cat?post=5591"},{"taxonomy":"product_tag","embeddable":true,"href":"https:\/\/pipraveski.ee\/en\/wp-json\/wp\/v2\/product_tag?post=5591"}],"curies":[{"name":"wp","href":"https:\/\/api.w.org\/{rel}","templated":true}]}}