{"id":5587,"date":"2026-02-20T16:15:30","date_gmt":"2026-02-20T14:15:30","guid":{"rendered":"https:\/\/pipraveski.ee\/toode\/harissa-mahe-ceren-190g\/"},"modified":"2026-04-17T11:31:42","modified_gmt":"2026-04-17T08:31:42","slug":"harissa-mahe-ceren-190g","status":"publish","type":"product","link":"https:\/\/pipraveski.ee\/en\/product\/harissa-mahe-ceren-190g\/","title":{"rendered":"Harissa mahe, Ceren, 190g"},"content":{"rendered":"<p style=\"margin: 0.85em 0px;padding: 0px;font-size: 16px;line-height: 1.5em;, Helvetica-Neue, Helvetica, Arial, sans-serif;vertical-align: baseline\">Aromaatne ja v\u00fcrtsikas pasta tomatitest, t\u0161illist ja k\u00fc\u00fcslaugust. Harissa on klassikaline P\u00f5hja-Aafrika t\u0161illipasta.<br \/>\nLaialdaselt tarvitatakse harissat Liib\u00fcas, Tuneesias, Algeerias ja Marokos. Teda lisatakse palju karridesse ja hautistesse.<\/p>\n<p style=\"margin: 0.85em 0px;padding: 0px;font-size: 16px;line-height: 1.5em;, Helvetica-Neue, Helvetica, Arial, sans-serif;vertical-align: baseline\">Kasutamiseks veel ideid:<br \/>\nLisa kuskussile v\u00f5i supi sisse v\u00e4ikese lisavungi saavutamiseks.<br \/>\nSega majoneesiga, et teha dipikastet.<br \/>\nValmista marinaad lihale v\u00f5i k\u00f6\u00f6giviljadele: lisa harissale mett v\u00f5i jogurtit ja marineeri k\u00fclmikus ca 1 tund enne k\u00fcpsetamist.<\/p>\n<p>Koostisosad: Punane pipar (56%), k\u00fc\u00fcslauk (10%), tuline pipra kaste, sool, oliivi\u00f5li, \u00e4\u00e4dikas<\/p>\n<p>Nutritional value per 100g:<br \/>\nEnergiasisaldus 238kJ \/ 57&nbsp;Kcal<br \/>\nRasvad &lt;0,1g<br \/>\nmillest k\u00fcllastunud rasvhapped 0.03g<br \/>\nCarbohydrates 11g<br \/>\nmillest suhkrud&nbsp;6,2g<br \/>\nValgud&nbsp;2,69g<br \/>\nSool 8,5g<\/p>\n<p>P\u00e4ritolumaa: T\u00fcrgi<\/p>","protected":false},"excerpt":{"rendered":"<p>Mahe pasta tomatitest, t\u0161illist ja k\u00fc\u00fcslaugust &#8211; harissa<\/p>","protected":false},"featured_media":5586,"template":"","meta":[],"product_brand":[],"product_cat":[15],"product_tag":[],"class_list":{"0":"post-5587","1":"product","2":"type-product","3":"status-publish","4":"has-post-thumbnail","6":"product_cat-maaramata","8":"first","9":"instock","10":"taxable","11":"shipping-taxable","12":"purchasable","13":"product-type-simple"},"_links":{"self":[{"href":"https:\/\/pipraveski.ee\/en\/wp-json\/wp\/v2\/product\/5587","targetHints":{"allow":["GET"]}}],"collection":[{"href":"https:\/\/pipraveski.ee\/en\/wp-json\/wp\/v2\/product"}],"about":[{"href":"https:\/\/pipraveski.ee\/en\/wp-json\/wp\/v2\/types\/product"}],"wp:featuredmedia":[{"embeddable":true,"href":"https:\/\/pipraveski.ee\/en\/wp-json\/wp\/v2\/media\/5586"}],"wp:attachment":[{"href":"https:\/\/pipraveski.ee\/en\/wp-json\/wp\/v2\/media?parent=5587"}],"wp:term":[{"taxonomy":"product_brand","embeddable":true,"href":"https:\/\/pipraveski.ee\/en\/wp-json\/wp\/v2\/product_brand?post=5587"},{"taxonomy":"product_cat","embeddable":true,"href":"https:\/\/pipraveski.ee\/en\/wp-json\/wp\/v2\/product_cat?post=5587"},{"taxonomy":"product_tag","embeddable":true,"href":"https:\/\/pipraveski.ee\/en\/wp-json\/wp\/v2\/product_tag?post=5587"}],"curies":[{"name":"wp","href":"https:\/\/api.w.org\/{rel}","templated":true}]}}