{"id":5585,"date":"2026-02-20T15:15:41","date_gmt":"2026-02-20T13:15:41","guid":{"rendered":"https:\/\/pipraveski.ee\/toode\/kardemon-roheline-kuprad-east-end-50g-zip\/"},"modified":"2026-04-17T11:32:22","modified_gmt":"2026-04-17T08:32:22","slug":"kardemon-roheline-kuprad-east-end-50g-zip","status":"publish","type":"product","link":"https:\/\/pipraveski.ee\/en\/product\/kardemon-roheline-kuprad-east-end-50g-zip\/","title":{"rendered":"Kardemon, roheline, kuprad, East End, 50g zip"},"content":{"rendered":"<p>Green cardamom is widely used in India for both culinary and medicinal purposes.<br \/>\nKardemoniv\u00fcrtsil on maitse, mida v\u00f5ib kirjeldada kui kergelt magusat, lillelist ja sidruni elementidega v\u00fcrtsikust.<br \/>\nIts unique slightly sweet and salty taste allows it to be combined with both sweet and savoury dishes. Suitable for tea, coffee, drinks, sweet and savoury dishes.<br \/>\n10 cups is about 1.5 teaspoons of crushed spice.<\/p>\n<p>Koostisosad:roheline kardemon.<br \/>\n<strong>Allergeenid<\/strong>:pakendatud tehasesmilles k\u00e4ideldakse: maap\u00e4hkleid ja muid p\u00e4hkleid, seesamiseemneid, gluteeni sisaldavat teravilja, PIIMa, SELLERit, SOJA, SINEPit ja sulfiteid.<\/p>\n<p>Country of origin: UK<\/p>","protected":false},"excerpt":{"rendered":"<p>Rohelist kardemoni&nbsp;kasutatakse Indias laialdaselt nii kulinaarsetel kui ka meditsiinilistel eesm\u00e4rkidel. Kardemoniv\u00fcrtsil on maitse, mida v\u00f5ib kirjeldada kui kergelt magusat, lillelist ja sidruni elementidega v\u00fcrtsikust. Selle ainulaadne kergelt magus ja soolane maitse v\u00f5imaldab seda kombineerida nii magusate kui soolaste roogadega.&nbsp;Sobib tee, kohvi, jookide, magusate ja soolaste toitude maitsestamiseks. 10 kupart on ligikaudu 1,5 tl purustatud v\u00fcrtsi. [&hellip;]<\/p>\n","protected":false},"featured_media":5584,"template":"","meta":[],"product_brand":[],"product_cat":[15],"product_tag":[],"class_list":{"0":"post-5585","1":"product","2":"type-product","3":"status-publish","4":"has-post-thumbnail","6":"product_cat-maaramata","8":"first","9":"instock","10":"taxable","11":"shipping-taxable","12":"purchasable","13":"product-type-simple"},"_links":{"self":[{"href":"https:\/\/pipraveski.ee\/en\/wp-json\/wp\/v2\/product\/5585","targetHints":{"allow":["GET"]}}],"collection":[{"href":"https:\/\/pipraveski.ee\/en\/wp-json\/wp\/v2\/product"}],"about":[{"href":"https:\/\/pipraveski.ee\/en\/wp-json\/wp\/v2\/types\/product"}],"wp:featuredmedia":[{"embeddable":true,"href":"https:\/\/pipraveski.ee\/en\/wp-json\/wp\/v2\/media\/5584"}],"wp:attachment":[{"href":"https:\/\/pipraveski.ee\/en\/wp-json\/wp\/v2\/media?parent=5585"}],"wp:term":[{"taxonomy":"product_brand","embeddable":true,"href":"https:\/\/pipraveski.ee\/en\/wp-json\/wp\/v2\/product_brand?post=5585"},{"taxonomy":"product_cat","embeddable":true,"href":"https:\/\/pipraveski.ee\/en\/wp-json\/wp\/v2\/product_cat?post=5585"},{"taxonomy":"product_tag","embeddable":true,"href":"https:\/\/pipraveski.ee\/en\/wp-json\/wp\/v2\/product_tag?post=5585"}],"curies":[{"name":"wp","href":"https:\/\/api.w.org\/{rel}","templated":true}]}}